{"id":474,"date":"2023-04-24T16:56:30","date_gmt":"2023-04-24T16:56:30","guid":{"rendered":"https:\/\/www.cantech.com\/product\/21740-fr\/"},"modified":"2024-05-03T17:25:03","modified_gmt":"2024-05-03T17:25:03","slug":"21740","status":"publish","type":"product","link":"https:\/\/www.cantech.com\/fr\/product\/21740\/","title":{"rendered":"21740"},"content":{"rendered":"<div class=\"prose\">\n<ul>\n<li>Assortiment complet de rubans dispos\u00e9s en fonction de leur profitabilit\u00e9<\/li>\n<li>\u00c9l\u00e9ments modulaires interchangeables dispos\u00e9s sur des supports ultrarobustes qui s\u2019adaptent aux rayons standards des magasins<\/li>\n<li>\u00c9l\u00e9gant, ce pr\u00e9sentoir attire le regard des consommateurs et favorise les achats impulsifs<\/li>\n<li>Nouveau syst\u00e8me de distribution par gravit\u00e9 tr\u00e8s efficace<\/li>\n<\/ul>\n<h3>Applications<\/h3>\n<ul>\n<li style=\"color: white; font-weight: 600;\">Pr\u00e9sentoir am\u00e9lior\u00e9 incluant les rubans :\n<ul>\n<li style=\"list-style-type: none;\">\n<ul>\n<li>30700 Ruban \u00e0 masquer tout usage<\/li>\n<li>30900 Ruban \u00e0 masquer PaintPro\u00ae<\/li>\n<li>30800 Ruban \u00e0 masquer PaintPro\u00ae Bloc-it\u2122<\/li>\n<li>36200 Ruban flexible FlexPro\u00ae<\/li>\n<li>39025 Ruban d&rsquo;aluminium<\/li>\n<li>39300 Ruban de toile stratifi\u00e9e<\/li>\n<li>39400 Ruban de toile stratifi\u00e9e<\/li>\n<li>39500 Ruban de toile stratifi\u00e9e<\/li>\n<li>38025 Ruban de toile stratifi\u00e9e DuctProClear\u00ae<\/li>\n<li>39300 Ruban de toile stratifi\u00e9e (couleurs)<\/li>\n<li>38500 Ruban double-face int\u00e9rieur<\/li>\n<li>38700 Ruban double-face ext\u00e9rieur<\/li>\n<li>37900 Ruban \u00e0 filament 24 mm x 50 m<\/li>\n<li>20500 Ruban de rev\u00eatement Tuck\u00ae 60mm<\/li>\n<\/ul>\n<\/li>\n<\/ul>\n<\/li>\n<\/ul>\n<\/div>\n","protected":false},"excerpt":{"rendered":"<p>Cantech est heureuse de pr\u00e9senter le pr\u00e9sentoir modulaire de rubans 2174-00. Une m\u00e9thode de mise en march\u00e9 r\u00e9volutionnaire des rubans Cantech.<\/p>\n<h3>Couleur<\/h3>\n<p style=\"background-color: white; width: 35%; font-weight: 600; padding: 3px; color: black; border: 1px solid black; border-radius: 5px; text-align: center; margin-top: -10px; font-size: 14px;\">SKU# 21740<\/p>\n","protected":false},"featured_media":1097,"comment_status":"closed","ping_status":"closed","template":"","meta":{"_acf_changed":false},"product_brand":[],"product_cat":[67,82],"product_tag":[142,135,140,141],"associated_application":[],"class_list":{"0":"post-474","1":"product","2":"type-product","3":"status-publish","4":"has-post-thumbnail","6":"product_cat-retail-fr","7":"product_cat-retail-merchandising-displays-fr","8":"product_tag-merchandiser-fr","9":"product_tag-masking-tape-fr","10":"product_tag-sheathing-tape-fr","11":"product_tag-electrical-tape-fr","13":"first","14":"instock","15":"product-type-simple"},"acf":[],"yoast_head":"<!-- This site is optimized with the Yoast SEO Premium plugin v24.1 (Yoast SEO v27.0) - https:\/\/yoast.com\/product\/yoast-seo-premium-wordpress\/ -->\n<title>21740 - Cantech<\/title>\n<meta name=\"robots\" content=\"index, follow, max-snippet:-1, max-image-preview:large, max-video-preview:-1\" \/>\n<link rel=\"canonical\" href=\"https:\/\/www.cantech.com\/fr\/product\/21740\/\" \/>\n<meta property=\"og:locale\" content=\"fr_FR\" \/>\n<meta property=\"og:type\" content=\"article\" \/>\n<meta property=\"og:title\" content=\"21740\" \/>\n<meta property=\"og:description\" content=\"Cantech est heureuse de pr\u00e9senter le pr\u00e9sentoir modulaire de rubans 2174-00. Une m\u00e9thode de mise en march\u00e9 r\u00e9volutionnaire des rubans Cantech. Couleur SKU# 21740\" \/>\n<meta property=\"og:url\" content=\"https:\/\/www.cantech.com\/fr\/product\/21740\/\" \/>\n<meta property=\"og:site_name\" content=\"Cantech\" \/>\n<meta property=\"article:publisher\" content=\"https:\/\/www.facebook.com\/CantechTape\/\" \/>\n<meta property=\"article:modified_time\" content=\"2024-05-03T17:25:03+00:00\" \/>\n<meta name=\"twitter:card\" content=\"summary_large_image\" \/>\n<meta name=\"twitter:image\" content=\"https:\/\/www.cantech.com\/wp-content\/uploads\/sites\/4\/images\/217400_high.jpg\" \/>\n<meta name=\"twitter:site\" content=\"@CantechTape\" \/>\n<meta name=\"twitter:label1\" content=\"Est. reading time\" \/>\n\t<meta name=\"twitter:data1\" content=\"1 minute\" \/>\n<script type=\"application\/ld+json\" class=\"yoast-schema-graph\">{\"@context\":\"https:\/\/schema.org\",\"@graph\":[{\"@type\":\"WebPage\",\"@id\":\"https:\/\/www.cantech.com\/fr\/product\/21740\/\",\"url\":\"https:\/\/www.cantech.com\/fr\/product\/21740\/\",\"name\":\"21740 - Cantech\",\"isPartOf\":{\"@id\":\"https:\/\/www.cantech.com\/#website\"},\"primaryImageOfPage\":{\"@id\":\"https:\/\/www.cantech.com\/fr\/product\/21740\/#primaryimage\"},\"image\":{\"@id\":\"https:\/\/www.cantech.com\/fr\/product\/21740\/#primaryimage\"},\"thumbnailUrl\":\"https:\/\/www.cantech.com\/wp-content\/uploads\/sites\/4\/images\/217400_high.jpg\",\"datePublished\":\"2023-04-24T16:56:30+00:00\",\"dateModified\":\"2024-05-03T17:25:03+00:00\",\"breadcrumb\":{\"@id\":\"https:\/\/www.cantech.com\/fr\/product\/21740\/#breadcrumb\"},\"inLanguage\":\"fr-FR\",\"potentialAction\":[{\"@type\":\"ReadAction\",\"target\":[\"https:\/\/www.cantech.com\/fr\/product\/21740\/\"]}]},{\"@type\":\"ImageObject\",\"inLanguage\":\"fr-FR\",\"@id\":\"https:\/\/www.cantech.com\/fr\/product\/21740\/#primaryimage\",\"url\":\"https:\/\/www.cantech.com\/wp-content\/uploads\/sites\/4\/images\/217400_high.jpg\",\"contentUrl\":\"https:\/\/www.cantech.com\/wp-content\/uploads\/sites\/4\/images\/217400_high.jpg\",\"width\":2400,\"height\":2400},{\"@type\":\"BreadcrumbList\",\"@id\":\"https:\/\/www.cantech.com\/fr\/product\/21740\/#breadcrumb\",\"itemListElement\":[{\"@type\":\"ListItem\",\"position\":1,\"name\":\"Home\",\"item\":\"https:\/\/www.cantech.com\/fr\/home\/\"},{\"@type\":\"ListItem\",\"position\":2,\"name\":\"Products\",\"item\":\"https:\/\/www.cantech.com\/products\/\"},{\"@type\":\"ListItem\",\"position\":3,\"name\":\"21740\"}]},{\"@type\":\"WebSite\",\"@id\":\"https:\/\/www.cantech.com\/#website\",\"url\":\"https:\/\/www.cantech.com\/\",\"name\":\"Cantech\",\"description\":\"\",\"publisher\":{\"@id\":\"https:\/\/www.cantech.com\/#organization\"},\"potentialAction\":[{\"@type\":\"SearchAction\",\"target\":{\"@type\":\"EntryPoint\",\"urlTemplate\":\"https:\/\/www.cantech.com\/?s={search_term_string}\"},\"query-input\":{\"@type\":\"PropertyValueSpecification\",\"valueRequired\":true,\"valueName\":\"search_term_string\"}}],\"inLanguage\":\"fr-FR\"},{\"@type\":\"Organization\",\"@id\":\"https:\/\/www.cantech.com\/#organization\",\"name\":\"Cantech\",\"url\":\"https:\/\/www.cantech.com\/\",\"logo\":{\"@type\":\"ImageObject\",\"inLanguage\":\"fr-FR\",\"@id\":\"https:\/\/www.cantech.com\/#\/schema\/logo\/image\/\",\"url\":\"https:\/\/www.cantech.com\/wp-content\/uploads\/sites\/4\/2023\/06\/Cantech_Logo.png\",\"contentUrl\":\"https:\/\/www.cantech.com\/wp-content\/uploads\/sites\/4\/2023\/06\/Cantech_Logo.png\",\"width\":225,\"height\":83,\"caption\":\"Cantech\"},\"image\":{\"@id\":\"https:\/\/www.cantech.com\/#\/schema\/logo\/image\/\"},\"sameAs\":[\"https:\/\/www.facebook.com\/CantechTape\/\",\"https:\/\/x.com\/CantechTape\",\"https:\/\/www.instagram.com\/cantechtape\/\",\"https:\/\/www.youtube.com\/user\/CantechTape\"]}]}<\/script>\n<!-- \/ Yoast SEO Premium plugin. -->","yoast_head_json":{"title":"21740 - Cantech","robots":{"index":"index","follow":"follow","max-snippet":"max-snippet:-1","max-image-preview":"max-image-preview:large","max-video-preview":"max-video-preview:-1"},"canonical":"https:\/\/www.cantech.com\/fr\/product\/21740\/","og_locale":"fr_FR","og_type":"article","og_title":"21740","og_description":"Cantech est heureuse de pr\u00e9senter le pr\u00e9sentoir modulaire de rubans 2174-00. Une m\u00e9thode de mise en march\u00e9 r\u00e9volutionnaire des rubans Cantech. Couleur SKU# 21740","og_url":"https:\/\/www.cantech.com\/fr\/product\/21740\/","og_site_name":"Cantech","article_publisher":"https:\/\/www.facebook.com\/CantechTape\/","article_modified_time":"2024-05-03T17:25:03+00:00","twitter_card":"summary_large_image","twitter_image":"https:\/\/www.cantech.com\/wp-content\/uploads\/sites\/4\/images\/217400_high.jpg","twitter_site":"@CantechTape","twitter_misc":{"Est. reading time":"1 minute"},"schema":{"@context":"https:\/\/schema.org","@graph":[{"@type":"WebPage","@id":"https:\/\/www.cantech.com\/fr\/product\/21740\/","url":"https:\/\/www.cantech.com\/fr\/product\/21740\/","name":"21740 - Cantech","isPartOf":{"@id":"https:\/\/www.cantech.com\/#website"},"primaryImageOfPage":{"@id":"https:\/\/www.cantech.com\/fr\/product\/21740\/#primaryimage"},"image":{"@id":"https:\/\/www.cantech.com\/fr\/product\/21740\/#primaryimage"},"thumbnailUrl":"https:\/\/www.cantech.com\/wp-content\/uploads\/sites\/4\/images\/217400_high.jpg","datePublished":"2023-04-24T16:56:30+00:00","dateModified":"2024-05-03T17:25:03+00:00","breadcrumb":{"@id":"https:\/\/www.cantech.com\/fr\/product\/21740\/#breadcrumb"},"inLanguage":"fr-FR","potentialAction":[{"@type":"ReadAction","target":["https:\/\/www.cantech.com\/fr\/product\/21740\/"]}]},{"@type":"ImageObject","inLanguage":"fr-FR","@id":"https:\/\/www.cantech.com\/fr\/product\/21740\/#primaryimage","url":"https:\/\/www.cantech.com\/wp-content\/uploads\/sites\/4\/images\/217400_high.jpg","contentUrl":"https:\/\/www.cantech.com\/wp-content\/uploads\/sites\/4\/images\/217400_high.jpg","width":2400,"height":2400},{"@type":"BreadcrumbList","@id":"https:\/\/www.cantech.com\/fr\/product\/21740\/#breadcrumb","itemListElement":[{"@type":"ListItem","position":1,"name":"Home","item":"https:\/\/www.cantech.com\/fr\/home\/"},{"@type":"ListItem","position":2,"name":"Products","item":"https:\/\/www.cantech.com\/products\/"},{"@type":"ListItem","position":3,"name":"21740"}]},{"@type":"WebSite","@id":"https:\/\/www.cantech.com\/#website","url":"https:\/\/www.cantech.com\/","name":"Cantech","description":"","publisher":{"@id":"https:\/\/www.cantech.com\/#organization"},"potentialAction":[{"@type":"SearchAction","target":{"@type":"EntryPoint","urlTemplate":"https:\/\/www.cantech.com\/?s={search_term_string}"},"query-input":{"@type":"PropertyValueSpecification","valueRequired":true,"valueName":"search_term_string"}}],"inLanguage":"fr-FR"},{"@type":"Organization","@id":"https:\/\/www.cantech.com\/#organization","name":"Cantech","url":"https:\/\/www.cantech.com\/","logo":{"@type":"ImageObject","inLanguage":"fr-FR","@id":"https:\/\/www.cantech.com\/#\/schema\/logo\/image\/","url":"https:\/\/www.cantech.com\/wp-content\/uploads\/sites\/4\/2023\/06\/Cantech_Logo.png","contentUrl":"https:\/\/www.cantech.com\/wp-content\/uploads\/sites\/4\/2023\/06\/Cantech_Logo.png","width":225,"height":83,"caption":"Cantech"},"image":{"@id":"https:\/\/www.cantech.com\/#\/schema\/logo\/image\/"},"sameAs":["https:\/\/www.facebook.com\/CantechTape\/","https:\/\/x.com\/CantechTape","https:\/\/www.instagram.com\/cantechtape\/","https:\/\/www.youtube.com\/user\/CantechTape"]}]}},"jetpack_sharing_enabled":true,"_links":{"self":[{"href":"https:\/\/www.cantech.com\/fr\/wp-json\/wp\/v2\/product\/474","targetHints":{"allow":["GET"]}}],"collection":[{"href":"https:\/\/www.cantech.com\/fr\/wp-json\/wp\/v2\/product"}],"about":[{"href":"https:\/\/www.cantech.com\/fr\/wp-json\/wp\/v2\/types\/product"}],"replies":[{"embeddable":true,"href":"https:\/\/www.cantech.com\/fr\/wp-json\/wp\/v2\/comments?post=474"}],"wp:featuredmedia":[{"embeddable":true,"href":"https:\/\/www.cantech.com\/fr\/wp-json\/wp\/v2\/media\/1097"}],"wp:attachment":[{"href":"https:\/\/www.cantech.com\/fr\/wp-json\/wp\/v2\/media?parent=474"}],"wp:term":[{"taxonomy":"product_brand","embeddable":true,"href":"https:\/\/www.cantech.com\/fr\/wp-json\/wp\/v2\/product_brand?post=474"},{"taxonomy":"product_cat","embeddable":true,"href":"https:\/\/www.cantech.com\/fr\/wp-json\/wp\/v2\/product_cat?post=474"},{"taxonomy":"product_tag","embeddable":true,"href":"https:\/\/www.cantech.com\/fr\/wp-json\/wp\/v2\/product_tag?post=474"},{"taxonomy":"associated_application","embeddable":true,"href":"https:\/\/www.cantech.com\/fr\/wp-json\/wp\/v2\/associated_application?post=474"}],"curies":[{"name":"wp","href":"https:\/\/api.w.org\/{rel}","templated":true}]}}