{"id":462,"date":"2023-04-24T16:56:19","date_gmt":"2023-04-24T16:56:19","guid":{"rendered":"https:\/\/www.cantech.com\/product\/30900-fr\/"},"modified":"2024-07-08T13:41:56","modified_gmt":"2024-07-08T13:41:56","slug":"30900","status":"publish","type":"product","link":"https:\/\/www.cantech.com\/fr\/product\/30900\/","title":{"rendered":"30900"},"content":{"rendered":"<div class=\"prose\">\n<ul>\n<li>S&rsquo;enl\u00e8ve facilement et proprement de la plupart des surfaces<\/li>\n<li>Excellente conformabilit\u00e9<\/li>\n<li>Endos lisse pour des bords de peinture de qualit\u00e9 sup\u00e9rieure<\/li>\n<li>D\u00e9roulement r\u00e9gulier et facile<\/li>\n<li>R\u00e9sistant \u00e0 l&rsquo;humidit\u00e9 et \u00e0 l&rsquo;infiltration de peinture<\/li>\n<li>Adh\u00e9rence fiable<\/li>\n<\/ul>\n<h3>Applications<\/h3>\n<ul>\n<li>Pour utilisation sur surfaces r\u00e9guli\u00e8res, semi-d\u00e9licates ou d\u00e9licates<\/li>\n<li>Recommand\u00e9 pour une application pouvant aller jusqu\u2019\u00e0 dix jours<\/li>\n<li>Pour application o\u00f9 une r\u00e9sistance aux rayons UV est requise<\/li>\n<li>Con\u00e7u pour r\u00e9sister \u00e0 la plupart des peintures et laques<\/li>\n<\/ul>\n<\/div>\n","protected":false},"excerpt":{"rendered":"<p>Ruban \u00e0 masquer en papier fin cr\u00eap\u00e9 vert avec un adh\u00e9sif sp\u00e9cial en caoutchouc synth\u00e9tique sensible \u00e0 la pression, con\u00e7u pour une exposition au soleil pouvant aller jusqu\u2019\u00e0 dix jours.<\/p>\n<h3>Couleurs<\/h3>\n<p style=\"background-color: #3fa95a; width: 35%; font-weight: 600; padding: 3px; color: black; border: 1px solid black; border-radius: 5px; text-align: center; font-size: 14px;\">SKU# 30906655<\/p>\n<p style=\"background-color: #3fa95a; width: 35%; font-weight: 600; padding: 3px; margin-top: -10px; color: black; border: 1px solid black; border-radius: 5px; text-align: center; font-size: 14px;\">SKU# 309242455<\/p>\n<p style=\"background-color: #3fa95a; width: 35%; font-weight: 600; padding: 3px; margin-top: -10px; color: black; border: 1px solid black; border-radius: 5px; text-align: center; font-size: 14px;\">SKU# 309332450<\/p>\n<p style=\"background-color: #3fa95a; width: 35%; font-weight: 600; padding: 3px; margin-top: -10px; color: black; border: 1px solid black; border-radius: 5px; text-align: center; font-size: 14px;\">SKU# 309363655<\/p>\n<p style=\"background-color: #3fa95a; width: 35%; font-weight: 600; padding: 3px; margin-top: -10px; color: black; border: 1px solid black; border-radius: 5px; text-align: center; font-size: 14px;\">SKU# 309484855<\/p>\n<p style=\"background-color: #3fa95a; width: 35%; font-weight: 600; padding: 3px; margin-top: -10px; color: black; border: 1px solid black; border-radius: 5px; text-align: center; font-size: 14px;\">SKU# 309643650<\/p>\n<p style=\"background-color: #3fa95a; width: 35%; font-weight: 600; padding: 3px; margin-top: -10px; color: black; border: 1px solid black; border-radius: 5px; text-align: center; font-size: 14px;\">SKU# 309662450<\/p>\n<p style=\"background-color: #3fa95a; width: 35%; font-weight: 600; padding: 3px; margin-top: -10px; color: black; border: 1px solid black; border-radius: 5px; text-align: center; font-size: 14px;\">SKU# 309834850<\/p>\n","protected":false},"featured_media":246,"comment_status":"closed","ping_status":"closed","template":"","meta":{"_acf_changed":false},"product_brand":[],"product_cat":[67,79],"product_tag":[135],"associated_application":[],"class_list":{"0":"post-462","1":"product","2":"type-product","3":"status-publish","4":"has-post-thumbnail","6":"product_cat-retail-fr","7":"product_cat-retail-masking-tapes-fr","8":"product_tag-masking-tape-fr","10":"first","11":"instock","12":"product-type-simple"},"acf":[],"yoast_head":"<!-- This site is optimized with the Yoast SEO Premium plugin v24.1 (Yoast SEO v27.3) - https:\/\/yoast.com\/product\/yoast-seo-premium-wordpress\/ -->\n<title>30900 - Tuck Brand<\/title>\n<meta name=\"robots\" content=\"index, follow, max-snippet:-1, max-image-preview:large, max-video-preview:-1\" \/>\n<link rel=\"canonical\" href=\"https:\/\/www.cantech.com\/fr\/product\/30900\/\" \/>\n<meta property=\"og:locale\" content=\"fr_FR\" \/>\n<meta property=\"og:type\" content=\"article\" \/>\n<meta property=\"og:title\" content=\"30900\" \/>\n<meta property=\"og:description\" content=\"Ruban \u00e0 masquer en papier fin cr\u00eap\u00e9 vert avec un adh\u00e9sif sp\u00e9cial en caoutchouc synth\u00e9tique sensible \u00e0 la pression, con\u00e7u pour une exposition au soleil pouvant aller jusqu\u2019\u00e0 dix jours. Couleurs SKU# 30906655 SKU# 309242455 SKU# 309332450 SKU# 309363655 SKU# 309484855 SKU# 309643650 SKU# 309662450 SKU# 309834850\" \/>\n<meta property=\"og:url\" content=\"https:\/\/www.cantech.com\/fr\/product\/30900\/\" \/>\n<meta property=\"og:site_name\" content=\"Tuck Brand\" \/>\n<meta property=\"article:publisher\" content=\"https:\/\/www.facebook.com\/CantechTape\/\" \/>\n<meta property=\"article:modified_time\" content=\"2024-07-08T13:41:56+00:00\" \/>\n<meta name=\"twitter:card\" content=\"summary_large_image\" \/>\n<meta name=\"twitter:site\" content=\"@CantechTape\" \/>\n<meta name=\"twitter:label1\" content=\"Est. reading time\" \/>\n\t<meta name=\"twitter:data1\" content=\"1 minute\" \/>\n<script type=\"application\/ld+json\" class=\"yoast-schema-graph\">{\"@context\":\"https:\\\/\\\/schema.org\",\"@graph\":[{\"@type\":\"WebPage\",\"@id\":\"https:\\\/\\\/www.cantech.com\\\/fr\\\/product\\\/30900\\\/\",\"url\":\"https:\\\/\\\/www.cantech.com\\\/fr\\\/product\\\/30900\\\/\",\"name\":\"30900 - Tuck Brand\",\"isPartOf\":{\"@id\":\"https:\\\/\\\/www.cantech.com\\\/#website\"},\"primaryImageOfPage\":{\"@id\":\"https:\\\/\\\/www.cantech.com\\\/fr\\\/product\\\/30900\\\/#primaryimage\"},\"image\":{\"@id\":\"https:\\\/\\\/www.cantech.com\\\/fr\\\/product\\\/30900\\\/#primaryimage\"},\"thumbnailUrl\":\"https:\\\/\\\/www.cantech.com\\\/wp-content\\\/uploads\\\/sites\\\/4\\\/2023\\\/03\\\/zlatc8go7x8zww7dnhzh.jpg\",\"datePublished\":\"2023-04-24T16:56:19+00:00\",\"dateModified\":\"2024-07-08T13:41:56+00:00\",\"breadcrumb\":{\"@id\":\"https:\\\/\\\/www.cantech.com\\\/fr\\\/product\\\/30900\\\/#breadcrumb\"},\"inLanguage\":\"fr-FR\",\"potentialAction\":[{\"@type\":\"ReadAction\",\"target\":[\"https:\\\/\\\/www.cantech.com\\\/fr\\\/product\\\/30900\\\/\"]}]},{\"@type\":\"ImageObject\",\"inLanguage\":\"fr-FR\",\"@id\":\"https:\\\/\\\/www.cantech.com\\\/fr\\\/product\\\/30900\\\/#primaryimage\",\"url\":\"https:\\\/\\\/www.cantech.com\\\/wp-content\\\/uploads\\\/sites\\\/4\\\/2023\\\/03\\\/zlatc8go7x8zww7dnhzh.jpg\",\"contentUrl\":\"https:\\\/\\\/www.cantech.com\\\/wp-content\\\/uploads\\\/sites\\\/4\\\/2023\\\/03\\\/zlatc8go7x8zww7dnhzh.jpg\",\"width\":2524,\"height\":2524},{\"@type\":\"BreadcrumbList\",\"@id\":\"https:\\\/\\\/www.cantech.com\\\/fr\\\/product\\\/30900\\\/#breadcrumb\",\"itemListElement\":[{\"@type\":\"ListItem\",\"position\":1,\"name\":\"Home\",\"item\":\"https:\\\/\\\/www.cantech.com\\\/fr\\\/home\\\/\"},{\"@type\":\"ListItem\",\"position\":2,\"name\":\"Products\",\"item\":\"https:\\\/\\\/www.cantech.com\\\/products\\\/\"},{\"@type\":\"ListItem\",\"position\":3,\"name\":\"30900\"}]},{\"@type\":\"WebSite\",\"@id\":\"https:\\\/\\\/www.cantech.com\\\/#website\",\"url\":\"https:\\\/\\\/www.cantech.com\\\/\",\"name\":\"Tuck Brand\",\"description\":\"\",\"publisher\":{\"@id\":\"https:\\\/\\\/www.cantech.com\\\/#organization\"},\"potentialAction\":[{\"@type\":\"SearchAction\",\"target\":{\"@type\":\"EntryPoint\",\"urlTemplate\":\"https:\\\/\\\/www.cantech.com\\\/?s={search_term_string}\"},\"query-input\":{\"@type\":\"PropertyValueSpecification\",\"valueRequired\":true,\"valueName\":\"search_term_string\"}}],\"inLanguage\":\"fr-FR\"},{\"@type\":\"Organization\",\"@id\":\"https:\\\/\\\/www.cantech.com\\\/#organization\",\"name\":\"Tuck Brand\",\"url\":\"https:\\\/\\\/www.cantech.com\\\/\",\"logo\":{\"@type\":\"ImageObject\",\"inLanguage\":\"fr-FR\",\"@id\":\"https:\\\/\\\/www.cantech.com\\\/#\\\/schema\\\/logo\\\/image\\\/\",\"url\":\"https:\\\/\\\/www.cantech.com\\\/wp-content\\\/uploads\\\/sites\\\/4\\\/2023\\\/06\\\/Cantech_Logo.png\",\"contentUrl\":\"https:\\\/\\\/www.cantech.com\\\/wp-content\\\/uploads\\\/sites\\\/4\\\/2023\\\/06\\\/Cantech_Logo.png\",\"width\":225,\"height\":83,\"caption\":\"Tuck Brand\"},\"image\":{\"@id\":\"https:\\\/\\\/www.cantech.com\\\/#\\\/schema\\\/logo\\\/image\\\/\"},\"sameAs\":[\"https:\\\/\\\/www.facebook.com\\\/CantechTape\\\/\",\"https:\\\/\\\/x.com\\\/CantechTape\",\"https:\\\/\\\/www.instagram.com\\\/cantechtape\\\/\",\"https:\\\/\\\/www.youtube.com\\\/user\\\/CantechTape\"]}]}<\/script>\n<!-- \/ Yoast SEO Premium plugin. -->","yoast_head_json":{"title":"30900 - Tuck Brand","robots":{"index":"index","follow":"follow","max-snippet":"max-snippet:-1","max-image-preview":"max-image-preview:large","max-video-preview":"max-video-preview:-1"},"canonical":"https:\/\/www.cantech.com\/fr\/product\/30900\/","og_locale":"fr_FR","og_type":"article","og_title":"30900","og_description":"Ruban \u00e0 masquer en papier fin cr\u00eap\u00e9 vert avec un adh\u00e9sif sp\u00e9cial en caoutchouc synth\u00e9tique sensible \u00e0 la pression, con\u00e7u pour une exposition au soleil pouvant aller jusqu\u2019\u00e0 dix jours. Couleurs SKU# 30906655 SKU# 309242455 SKU# 309332450 SKU# 309363655 SKU# 309484855 SKU# 309643650 SKU# 309662450 SKU# 309834850","og_url":"https:\/\/www.cantech.com\/fr\/product\/30900\/","og_site_name":"Tuck Brand","article_publisher":"https:\/\/www.facebook.com\/CantechTape\/","article_modified_time":"2024-07-08T13:41:56+00:00","twitter_card":"summary_large_image","twitter_site":"@CantechTape","twitter_misc":{"Est. reading time":"1 minute"},"schema":{"@context":"https:\/\/schema.org","@graph":[{"@type":"WebPage","@id":"https:\/\/www.cantech.com\/fr\/product\/30900\/","url":"https:\/\/www.cantech.com\/fr\/product\/30900\/","name":"30900 - Tuck Brand","isPartOf":{"@id":"https:\/\/www.cantech.com\/#website"},"primaryImageOfPage":{"@id":"https:\/\/www.cantech.com\/fr\/product\/30900\/#primaryimage"},"image":{"@id":"https:\/\/www.cantech.com\/fr\/product\/30900\/#primaryimage"},"thumbnailUrl":"https:\/\/www.cantech.com\/wp-content\/uploads\/sites\/4\/2023\/03\/zlatc8go7x8zww7dnhzh.jpg","datePublished":"2023-04-24T16:56:19+00:00","dateModified":"2024-07-08T13:41:56+00:00","breadcrumb":{"@id":"https:\/\/www.cantech.com\/fr\/product\/30900\/#breadcrumb"},"inLanguage":"fr-FR","potentialAction":[{"@type":"ReadAction","target":["https:\/\/www.cantech.com\/fr\/product\/30900\/"]}]},{"@type":"ImageObject","inLanguage":"fr-FR","@id":"https:\/\/www.cantech.com\/fr\/product\/30900\/#primaryimage","url":"https:\/\/www.cantech.com\/wp-content\/uploads\/sites\/4\/2023\/03\/zlatc8go7x8zww7dnhzh.jpg","contentUrl":"https:\/\/www.cantech.com\/wp-content\/uploads\/sites\/4\/2023\/03\/zlatc8go7x8zww7dnhzh.jpg","width":2524,"height":2524},{"@type":"BreadcrumbList","@id":"https:\/\/www.cantech.com\/fr\/product\/30900\/#breadcrumb","itemListElement":[{"@type":"ListItem","position":1,"name":"Home","item":"https:\/\/www.cantech.com\/fr\/home\/"},{"@type":"ListItem","position":2,"name":"Products","item":"https:\/\/www.cantech.com\/products\/"},{"@type":"ListItem","position":3,"name":"30900"}]},{"@type":"WebSite","@id":"https:\/\/www.cantech.com\/#website","url":"https:\/\/www.cantech.com\/","name":"Tuck Brand","description":"","publisher":{"@id":"https:\/\/www.cantech.com\/#organization"},"potentialAction":[{"@type":"SearchAction","target":{"@type":"EntryPoint","urlTemplate":"https:\/\/www.cantech.com\/?s={search_term_string}"},"query-input":{"@type":"PropertyValueSpecification","valueRequired":true,"valueName":"search_term_string"}}],"inLanguage":"fr-FR"},{"@type":"Organization","@id":"https:\/\/www.cantech.com\/#organization","name":"Tuck Brand","url":"https:\/\/www.cantech.com\/","logo":{"@type":"ImageObject","inLanguage":"fr-FR","@id":"https:\/\/www.cantech.com\/#\/schema\/logo\/image\/","url":"https:\/\/www.cantech.com\/wp-content\/uploads\/sites\/4\/2023\/06\/Cantech_Logo.png","contentUrl":"https:\/\/www.cantech.com\/wp-content\/uploads\/sites\/4\/2023\/06\/Cantech_Logo.png","width":225,"height":83,"caption":"Tuck Brand"},"image":{"@id":"https:\/\/www.cantech.com\/#\/schema\/logo\/image\/"},"sameAs":["https:\/\/www.facebook.com\/CantechTape\/","https:\/\/x.com\/CantechTape","https:\/\/www.instagram.com\/cantechtape\/","https:\/\/www.youtube.com\/user\/CantechTape"]}]}},"jetpack_sharing_enabled":true,"_links":{"self":[{"href":"https:\/\/www.cantech.com\/fr\/wp-json\/wp\/v2\/product\/462","targetHints":{"allow":["GET"]}}],"collection":[{"href":"https:\/\/www.cantech.com\/fr\/wp-json\/wp\/v2\/product"}],"about":[{"href":"https:\/\/www.cantech.com\/fr\/wp-json\/wp\/v2\/types\/product"}],"replies":[{"embeddable":true,"href":"https:\/\/www.cantech.com\/fr\/wp-json\/wp\/v2\/comments?post=462"}],"wp:featuredmedia":[{"embeddable":true,"href":"https:\/\/www.cantech.com\/fr\/wp-json\/wp\/v2\/media\/246"}],"wp:attachment":[{"href":"https:\/\/www.cantech.com\/fr\/wp-json\/wp\/v2\/media?parent=462"}],"wp:term":[{"taxonomy":"product_brand","embeddable":true,"href":"https:\/\/www.cantech.com\/fr\/wp-json\/wp\/v2\/product_brand?post=462"},{"taxonomy":"product_cat","embeddable":true,"href":"https:\/\/www.cantech.com\/fr\/wp-json\/wp\/v2\/product_cat?post=462"},{"taxonomy":"product_tag","embeddable":true,"href":"https:\/\/www.cantech.com\/fr\/wp-json\/wp\/v2\/product_tag?post=462"},{"taxonomy":"associated_application","embeddable":true,"href":"https:\/\/www.cantech.com\/fr\/wp-json\/wp\/v2\/associated_application?post=462"}],"curies":[{"name":"wp","href":"https:\/\/api.w.org\/{rel}","templated":true}]}}