{"id":461,"date":"2023-04-24T16:56:19","date_gmt":"2023-04-24T16:56:19","guid":{"rendered":"https:\/\/www.cantech.com\/product\/30800-fr\/"},"modified":"2024-05-03T18:10:36","modified_gmt":"2024-05-03T18:10:36","slug":"30800","status":"publish","type":"product","link":"https:\/\/www.cantech.com\/fr\/product\/30800\/","title":{"rendered":"30800"},"content":{"rendered":"<div class=\"prose\">\n<ul>\n<li>Notre traitement exclusif des rebords BLOC-it TM produit \u00e0 tout coup des lignes de d\u00e9marcation nettes et impeccables<\/li>\n<li>Ce traitement des rebords du ruban unique en son genre emp\u00eache la peinture de s&rsquo;infiltrer sous le ruban<\/li>\n<li>Enfin, gr\u00e2ce \u00e0 son adh\u00e9sif sp\u00e9cialement formul\u00e9 doubl\u00e9 d&rsquo;un inhibiteur de rayons UV, ce ruban poss\u00e8de un pouvoir adh\u00e9rent sup\u00e9rieur et s&rsquo;enl\u00e8ve proprement, m\u00eame suivant une exposition de 14 jours<\/li>\n<\/ul>\n<h3>Applications<\/h3>\n<ul>\n<li>Le ruban \u00e0 masquer PaintPro\u00ae avec la technologie de ligne nette BLOC-it\u2122 est recommand\u00e9 pour les surfaces r\u00e9guli\u00e8res, tel que la peinture s\u00e8che, le verre, les boiseries, l\u2019aluminium, le plastique et le m\u00e9tal<\/li>\n<li>Il s\u2019utilise autant \u00e0 l\u2019int\u00e9rieur qu\u2019\u00e0 l\u2019ext\u00e9rieur et s\u2019enl\u00e8ve proprement jusqu\u2019\u00e0 14 jours suivant son application<\/li>\n<\/ul>\n<\/div>\n","protected":false},"excerpt":{"rendered":"<p>Le ruban \u00e0 masquer PaintPro\u00ae Bloc-it\u2122 marie de fa\u00e7on exceptionelle ses composantes, soit le papier cr\u00eape fin, le traitement des rebords et la formule adh\u00e9sive. Son papier cr\u00eape fin de grande qualit\u00e9 assure une excellente conformabilit\u00e9; facilite la formation de courbes et offre une excellente r\u00e9sistance au d\u00e9chirement<\/p>\n<h3>Couleur<\/h3>\n<p style=\"background-color: #0759a2; width: 35%; font-weight: 600; padding: 3px; color: white; border: 1px solid black; border-radius: 5px; text-align: center; font-size: 14px;\">SKU# 308242455<\/p>\n<p style=\"background-color: #0759a2; width: 35%; font-weight: 600; padding: 3px; margin-top: -10px; color: white; border: 1px solid black; border-radius: 5px; text-align: center; font-size: 14px;\">SKU# 308363655<\/p>\n","protected":false},"featured_media":124,"comment_status":"closed","ping_status":"closed","template":"","meta":{"_acf_changed":false},"product_brand":[],"product_cat":[67,79],"product_tag":[135],"associated_application":[],"class_list":{"0":"post-461","1":"product","2":"type-product","3":"status-publish","4":"has-post-thumbnail","6":"product_cat-retail-fr","7":"product_cat-retail-masking-tapes-fr","8":"product_tag-masking-tape-fr","10":"first","11":"instock","12":"product-type-simple"},"acf":[],"yoast_head":"<!-- This site is optimized with the Yoast SEO Premium plugin v24.1 (Yoast SEO v27.3) - https:\/\/yoast.com\/product\/yoast-seo-premium-wordpress\/ -->\n<title>30800 - Tuck Brand<\/title>\n<meta name=\"robots\" content=\"index, follow, max-snippet:-1, max-image-preview:large, max-video-preview:-1\" \/>\n<link rel=\"canonical\" href=\"https:\/\/www.cantech.com\/fr\/product\/30800\/\" \/>\n<meta property=\"og:locale\" content=\"fr_FR\" \/>\n<meta property=\"og:type\" content=\"article\" \/>\n<meta property=\"og:title\" content=\"30800\" \/>\n<meta property=\"og:description\" content=\"Le ruban \u00e0 masquer PaintPro\u00ae Bloc-it\u2122 marie de fa\u00e7on exceptionelle ses composantes, soit le papier cr\u00eape fin, le traitement des rebords et la formule adh\u00e9sive. Son papier cr\u00eape fin de grande qualit\u00e9 assure une excellente conformabilit\u00e9; facilite la formation de courbes et offre une excellente r\u00e9sistance au d\u00e9chirement Couleur SKU# 308242455 SKU# 308363655\" \/>\n<meta property=\"og:url\" content=\"https:\/\/www.cantech.com\/fr\/product\/30800\/\" \/>\n<meta property=\"og:site_name\" content=\"Tuck Brand\" \/>\n<meta property=\"article:publisher\" content=\"https:\/\/www.facebook.com\/CantechTape\/\" \/>\n<meta property=\"article:modified_time\" content=\"2024-05-03T18:10:36+00:00\" \/>\n<meta name=\"twitter:card\" content=\"summary_large_image\" \/>\n<meta name=\"twitter:site\" content=\"@CantechTape\" \/>\n<meta name=\"twitter:label1\" content=\"Est. reading time\" \/>\n\t<meta name=\"twitter:data1\" content=\"1 minute\" \/>\n<script type=\"application\/ld+json\" class=\"yoast-schema-graph\">{\"@context\":\"https:\\\/\\\/schema.org\",\"@graph\":[{\"@type\":\"WebPage\",\"@id\":\"https:\\\/\\\/www.cantech.com\\\/fr\\\/product\\\/30800\\\/\",\"url\":\"https:\\\/\\\/www.cantech.com\\\/fr\\\/product\\\/30800\\\/\",\"name\":\"30800 - Tuck Brand\",\"isPartOf\":{\"@id\":\"https:\\\/\\\/www.cantech.com\\\/#website\"},\"primaryImageOfPage\":{\"@id\":\"https:\\\/\\\/www.cantech.com\\\/fr\\\/product\\\/30800\\\/#primaryimage\"},\"image\":{\"@id\":\"https:\\\/\\\/www.cantech.com\\\/fr\\\/product\\\/30800\\\/#primaryimage\"},\"thumbnailUrl\":\"https:\\\/\\\/www.cantech.com\\\/wp-content\\\/uploads\\\/sites\\\/4\\\/images\\\/30800_blue.jpg\",\"datePublished\":\"2023-04-24T16:56:19+00:00\",\"dateModified\":\"2024-05-03T18:10:36+00:00\",\"breadcrumb\":{\"@id\":\"https:\\\/\\\/www.cantech.com\\\/fr\\\/product\\\/30800\\\/#breadcrumb\"},\"inLanguage\":\"fr-FR\",\"potentialAction\":[{\"@type\":\"ReadAction\",\"target\":[\"https:\\\/\\\/www.cantech.com\\\/fr\\\/product\\\/30800\\\/\"]}]},{\"@type\":\"ImageObject\",\"inLanguage\":\"fr-FR\",\"@id\":\"https:\\\/\\\/www.cantech.com\\\/fr\\\/product\\\/30800\\\/#primaryimage\",\"url\":\"https:\\\/\\\/www.cantech.com\\\/wp-content\\\/uploads\\\/sites\\\/4\\\/images\\\/30800_blue.jpg\",\"contentUrl\":\"https:\\\/\\\/www.cantech.com\\\/wp-content\\\/uploads\\\/sites\\\/4\\\/images\\\/30800_blue.jpg\",\"width\":2524,\"height\":2524},{\"@type\":\"BreadcrumbList\",\"@id\":\"https:\\\/\\\/www.cantech.com\\\/fr\\\/product\\\/30800\\\/#breadcrumb\",\"itemListElement\":[{\"@type\":\"ListItem\",\"position\":1,\"name\":\"Home\",\"item\":\"https:\\\/\\\/www.cantech.com\\\/fr\\\/home\\\/\"},{\"@type\":\"ListItem\",\"position\":2,\"name\":\"Products\",\"item\":\"https:\\\/\\\/www.cantech.com\\\/products\\\/\"},{\"@type\":\"ListItem\",\"position\":3,\"name\":\"30800\"}]},{\"@type\":\"WebSite\",\"@id\":\"https:\\\/\\\/www.cantech.com\\\/#website\",\"url\":\"https:\\\/\\\/www.cantech.com\\\/\",\"name\":\"Tuck Brand\",\"description\":\"\",\"publisher\":{\"@id\":\"https:\\\/\\\/www.cantech.com\\\/#organization\"},\"potentialAction\":[{\"@type\":\"SearchAction\",\"target\":{\"@type\":\"EntryPoint\",\"urlTemplate\":\"https:\\\/\\\/www.cantech.com\\\/?s={search_term_string}\"},\"query-input\":{\"@type\":\"PropertyValueSpecification\",\"valueRequired\":true,\"valueName\":\"search_term_string\"}}],\"inLanguage\":\"fr-FR\"},{\"@type\":\"Organization\",\"@id\":\"https:\\\/\\\/www.cantech.com\\\/#organization\",\"name\":\"Tuck Brand\",\"url\":\"https:\\\/\\\/www.cantech.com\\\/\",\"logo\":{\"@type\":\"ImageObject\",\"inLanguage\":\"fr-FR\",\"@id\":\"https:\\\/\\\/www.cantech.com\\\/#\\\/schema\\\/logo\\\/image\\\/\",\"url\":\"https:\\\/\\\/www.cantech.com\\\/wp-content\\\/uploads\\\/sites\\\/4\\\/2023\\\/06\\\/Cantech_Logo.png\",\"contentUrl\":\"https:\\\/\\\/www.cantech.com\\\/wp-content\\\/uploads\\\/sites\\\/4\\\/2023\\\/06\\\/Cantech_Logo.png\",\"width\":225,\"height\":83,\"caption\":\"Tuck Brand\"},\"image\":{\"@id\":\"https:\\\/\\\/www.cantech.com\\\/#\\\/schema\\\/logo\\\/image\\\/\"},\"sameAs\":[\"https:\\\/\\\/www.facebook.com\\\/CantechTape\\\/\",\"https:\\\/\\\/x.com\\\/CantechTape\",\"https:\\\/\\\/www.instagram.com\\\/cantechtape\\\/\",\"https:\\\/\\\/www.youtube.com\\\/user\\\/CantechTape\"]}]}<\/script>\n<!-- \/ Yoast SEO Premium plugin. -->","yoast_head_json":{"title":"30800 - Tuck Brand","robots":{"index":"index","follow":"follow","max-snippet":"max-snippet:-1","max-image-preview":"max-image-preview:large","max-video-preview":"max-video-preview:-1"},"canonical":"https:\/\/www.cantech.com\/fr\/product\/30800\/","og_locale":"fr_FR","og_type":"article","og_title":"30800","og_description":"Le ruban \u00e0 masquer PaintPro\u00ae Bloc-it\u2122 marie de fa\u00e7on exceptionelle ses composantes, soit le papier cr\u00eape fin, le traitement des rebords et la formule adh\u00e9sive. Son papier cr\u00eape fin de grande qualit\u00e9 assure une excellente conformabilit\u00e9; facilite la formation de courbes et offre une excellente r\u00e9sistance au d\u00e9chirement Couleur SKU# 308242455 SKU# 308363655","og_url":"https:\/\/www.cantech.com\/fr\/product\/30800\/","og_site_name":"Tuck Brand","article_publisher":"https:\/\/www.facebook.com\/CantechTape\/","article_modified_time":"2024-05-03T18:10:36+00:00","twitter_card":"summary_large_image","twitter_site":"@CantechTape","twitter_misc":{"Est. reading time":"1 minute"},"schema":{"@context":"https:\/\/schema.org","@graph":[{"@type":"WebPage","@id":"https:\/\/www.cantech.com\/fr\/product\/30800\/","url":"https:\/\/www.cantech.com\/fr\/product\/30800\/","name":"30800 - Tuck Brand","isPartOf":{"@id":"https:\/\/www.cantech.com\/#website"},"primaryImageOfPage":{"@id":"https:\/\/www.cantech.com\/fr\/product\/30800\/#primaryimage"},"image":{"@id":"https:\/\/www.cantech.com\/fr\/product\/30800\/#primaryimage"},"thumbnailUrl":"https:\/\/www.cantech.com\/wp-content\/uploads\/sites\/4\/images\/30800_blue.jpg","datePublished":"2023-04-24T16:56:19+00:00","dateModified":"2024-05-03T18:10:36+00:00","breadcrumb":{"@id":"https:\/\/www.cantech.com\/fr\/product\/30800\/#breadcrumb"},"inLanguage":"fr-FR","potentialAction":[{"@type":"ReadAction","target":["https:\/\/www.cantech.com\/fr\/product\/30800\/"]}]},{"@type":"ImageObject","inLanguage":"fr-FR","@id":"https:\/\/www.cantech.com\/fr\/product\/30800\/#primaryimage","url":"https:\/\/www.cantech.com\/wp-content\/uploads\/sites\/4\/images\/30800_blue.jpg","contentUrl":"https:\/\/www.cantech.com\/wp-content\/uploads\/sites\/4\/images\/30800_blue.jpg","width":2524,"height":2524},{"@type":"BreadcrumbList","@id":"https:\/\/www.cantech.com\/fr\/product\/30800\/#breadcrumb","itemListElement":[{"@type":"ListItem","position":1,"name":"Home","item":"https:\/\/www.cantech.com\/fr\/home\/"},{"@type":"ListItem","position":2,"name":"Products","item":"https:\/\/www.cantech.com\/products\/"},{"@type":"ListItem","position":3,"name":"30800"}]},{"@type":"WebSite","@id":"https:\/\/www.cantech.com\/#website","url":"https:\/\/www.cantech.com\/","name":"Tuck Brand","description":"","publisher":{"@id":"https:\/\/www.cantech.com\/#organization"},"potentialAction":[{"@type":"SearchAction","target":{"@type":"EntryPoint","urlTemplate":"https:\/\/www.cantech.com\/?s={search_term_string}"},"query-input":{"@type":"PropertyValueSpecification","valueRequired":true,"valueName":"search_term_string"}}],"inLanguage":"fr-FR"},{"@type":"Organization","@id":"https:\/\/www.cantech.com\/#organization","name":"Tuck Brand","url":"https:\/\/www.cantech.com\/","logo":{"@type":"ImageObject","inLanguage":"fr-FR","@id":"https:\/\/www.cantech.com\/#\/schema\/logo\/image\/","url":"https:\/\/www.cantech.com\/wp-content\/uploads\/sites\/4\/2023\/06\/Cantech_Logo.png","contentUrl":"https:\/\/www.cantech.com\/wp-content\/uploads\/sites\/4\/2023\/06\/Cantech_Logo.png","width":225,"height":83,"caption":"Tuck Brand"},"image":{"@id":"https:\/\/www.cantech.com\/#\/schema\/logo\/image\/"},"sameAs":["https:\/\/www.facebook.com\/CantechTape\/","https:\/\/x.com\/CantechTape","https:\/\/www.instagram.com\/cantechtape\/","https:\/\/www.youtube.com\/user\/CantechTape"]}]}},"jetpack_sharing_enabled":true,"_links":{"self":[{"href":"https:\/\/www.cantech.com\/fr\/wp-json\/wp\/v2\/product\/461","targetHints":{"allow":["GET"]}}],"collection":[{"href":"https:\/\/www.cantech.com\/fr\/wp-json\/wp\/v2\/product"}],"about":[{"href":"https:\/\/www.cantech.com\/fr\/wp-json\/wp\/v2\/types\/product"}],"replies":[{"embeddable":true,"href":"https:\/\/www.cantech.com\/fr\/wp-json\/wp\/v2\/comments?post=461"}],"wp:featuredmedia":[{"embeddable":true,"href":"https:\/\/www.cantech.com\/fr\/wp-json\/wp\/v2\/media\/124"}],"wp:attachment":[{"href":"https:\/\/www.cantech.com\/fr\/wp-json\/wp\/v2\/media?parent=461"}],"wp:term":[{"taxonomy":"product_brand","embeddable":true,"href":"https:\/\/www.cantech.com\/fr\/wp-json\/wp\/v2\/product_brand?post=461"},{"taxonomy":"product_cat","embeddable":true,"href":"https:\/\/www.cantech.com\/fr\/wp-json\/wp\/v2\/product_cat?post=461"},{"taxonomy":"product_tag","embeddable":true,"href":"https:\/\/www.cantech.com\/fr\/wp-json\/wp\/v2\/product_tag?post=461"},{"taxonomy":"associated_application","embeddable":true,"href":"https:\/\/www.cantech.com\/fr\/wp-json\/wp\/v2\/associated_application?post=461"}],"curies":[{"name":"wp","href":"https:\/\/api.w.org\/{rel}","templated":true}]}}