{"id":450,"date":"2023-04-24T16:56:19","date_gmt":"2023-04-24T16:56:19","guid":{"rendered":"https:\/\/www.cantech.com\/product\/39400-fr\/"},"modified":"2024-06-07T20:55:23","modified_gmt":"2024-06-07T20:55:23","slug":"39400","status":"publish","type":"product","link":"https:\/\/www.cantech.com\/fr\/product\/39400\/","title":{"rendered":"39400"},"content":{"rendered":"<div class=\"prose\">\n<ul>\n<li>Se d\u00e9roule facilement et se coupe ais\u00e9ment \u00e0 la main<\/li>\n<li>R\u00e9siste \u00e0 l\u2019eau et \u00e0 l\u2019humidit\u00e9<\/li>\n<\/ul>\n<h3>Applications<\/h3>\n<ul>\n<li>Un excellent choix pour r\u00e9parations g\u00e9n\u00e9rales \u00e0 l&rsquo;int\u00e9rieur et l&rsquo;ext\u00e9rieur<\/li>\n<\/ul>\n<\/div>\n","protected":false},"excerpt":{"rendered":"<p>Ruban r\u00e9sistant \u00e0 l\u2019eau fait de toile de polyester stratifi\u00e9e \u00e0 un film de poly\u00e9thyl\u00e8ne et enduit d\u2019un adh\u00e9sif puissant.<\/p>\n<p>&nbsp;<\/p>\n<h3>Couleur<\/h3>\n<p style=\"background-color: #949494; width: 35%; font-weight: 600; padding: 3px; color: white; border: 1px solid black; border-radius: 5px; text-align: center; font-size: 14px;\">SKU# 394214825<\/p>\n","protected":false},"featured_media":841,"comment_status":"closed","ping_status":"closed","template":"","meta":{"_acf_changed":false},"product_brand":[],"product_cat":[67,76],"product_tag":[168,154],"associated_application":[],"class_list":{"0":"post-450","1":"product","2":"type-product","3":"status-publish","4":"has-post-thumbnail","6":"product_cat-retail-fr","7":"product_cat-retail-duct-tapes-cloth-and-poly-coated-fr","8":"product_tag-utility-grade-fr","9":"product_tag-duct-tape-fr","11":"first","12":"instock","13":"product-type-simple"},"acf":[],"yoast_head":"<!-- This site is optimized with the Yoast SEO Premium plugin v24.1 (Yoast SEO v27.3) - https:\/\/yoast.com\/product\/yoast-seo-premium-wordpress\/ -->\n<title>39400 - Tuck Brand<\/title>\n<meta name=\"robots\" content=\"index, follow, max-snippet:-1, max-image-preview:large, max-video-preview:-1\" \/>\n<link rel=\"canonical\" href=\"https:\/\/www.cantech.com\/fr\/product\/39400\/\" \/>\n<meta property=\"og:locale\" content=\"fr_FR\" \/>\n<meta property=\"og:type\" content=\"article\" \/>\n<meta property=\"og:title\" content=\"39400\" \/>\n<meta property=\"og:description\" content=\"Ruban r\u00e9sistant \u00e0 l\u2019eau fait de toile de polyester stratifi\u00e9e \u00e0 un film de poly\u00e9thyl\u00e8ne et enduit d\u2019un adh\u00e9sif puissant.  &nbsp; Couleur SKU# 394214825\" \/>\n<meta property=\"og:url\" content=\"https:\/\/www.cantech.com\/fr\/product\/39400\/\" \/>\n<meta property=\"og:site_name\" content=\"Tuck Brand\" \/>\n<meta property=\"article:publisher\" content=\"https:\/\/www.facebook.com\/CantechTape\/\" \/>\n<meta property=\"article:modified_time\" content=\"2024-06-07T20:55:23+00:00\" \/>\n<meta property=\"og:image\" content=\"https:\/\/www.cantech.com\/wp-content\/uploads\/sites\/4\/2024\/03\/39400_grey.jpg\" \/>\n\t<meta property=\"og:image:width\" content=\"2524\" \/>\n\t<meta property=\"og:image:height\" content=\"2524\" \/>\n\t<meta property=\"og:image:type\" content=\"image\/jpeg\" \/>\n<meta name=\"twitter:card\" content=\"summary_large_image\" \/>\n<meta name=\"twitter:site\" content=\"@CantechTape\" \/>\n<meta name=\"twitter:label1\" content=\"Est. reading time\" \/>\n\t<meta name=\"twitter:data1\" content=\"1 minute\" \/>\n<script type=\"application\/ld+json\" class=\"yoast-schema-graph\">{\"@context\":\"https:\\\/\\\/schema.org\",\"@graph\":[{\"@type\":\"WebPage\",\"@id\":\"https:\\\/\\\/www.cantech.com\\\/fr\\\/product\\\/39400\\\/\",\"url\":\"https:\\\/\\\/www.cantech.com\\\/fr\\\/product\\\/39400\\\/\",\"name\":\"39400 - Tuck Brand\",\"isPartOf\":{\"@id\":\"https:\\\/\\\/www.cantech.com\\\/#website\"},\"primaryImageOfPage\":{\"@id\":\"https:\\\/\\\/www.cantech.com\\\/fr\\\/product\\\/39400\\\/#primaryimage\"},\"image\":{\"@id\":\"https:\\\/\\\/www.cantech.com\\\/fr\\\/product\\\/39400\\\/#primaryimage\"},\"thumbnailUrl\":\"https:\\\/\\\/www.cantech.com\\\/wp-content\\\/uploads\\\/sites\\\/4\\\/images\\\/39400_grey.jpg\",\"datePublished\":\"2023-04-24T16:56:19+00:00\",\"dateModified\":\"2024-06-07T20:55:23+00:00\",\"breadcrumb\":{\"@id\":\"https:\\\/\\\/www.cantech.com\\\/fr\\\/product\\\/39400\\\/#breadcrumb\"},\"inLanguage\":\"fr-FR\",\"potentialAction\":[{\"@type\":\"ReadAction\",\"target\":[\"https:\\\/\\\/www.cantech.com\\\/fr\\\/product\\\/39400\\\/\"]}]},{\"@type\":\"ImageObject\",\"inLanguage\":\"fr-FR\",\"@id\":\"https:\\\/\\\/www.cantech.com\\\/fr\\\/product\\\/39400\\\/#primaryimage\",\"url\":\"https:\\\/\\\/www.cantech.com\\\/wp-content\\\/uploads\\\/sites\\\/4\\\/images\\\/39400_grey.jpg\",\"contentUrl\":\"https:\\\/\\\/www.cantech.com\\\/wp-content\\\/uploads\\\/sites\\\/4\\\/images\\\/39400_grey.jpg\",\"width\":2524,\"height\":2524,\"caption\":\"39400 DuctPro Duct Tape\"},{\"@type\":\"BreadcrumbList\",\"@id\":\"https:\\\/\\\/www.cantech.com\\\/fr\\\/product\\\/39400\\\/#breadcrumb\",\"itemListElement\":[{\"@type\":\"ListItem\",\"position\":1,\"name\":\"Home\",\"item\":\"https:\\\/\\\/www.cantech.com\\\/fr\\\/home\\\/\"},{\"@type\":\"ListItem\",\"position\":2,\"name\":\"Products\",\"item\":\"https:\\\/\\\/www.cantech.com\\\/products\\\/\"},{\"@type\":\"ListItem\",\"position\":3,\"name\":\"39400\"}]},{\"@type\":\"WebSite\",\"@id\":\"https:\\\/\\\/www.cantech.com\\\/#website\",\"url\":\"https:\\\/\\\/www.cantech.com\\\/\",\"name\":\"Tuck Brand\",\"description\":\"\",\"publisher\":{\"@id\":\"https:\\\/\\\/www.cantech.com\\\/#organization\"},\"potentialAction\":[{\"@type\":\"SearchAction\",\"target\":{\"@type\":\"EntryPoint\",\"urlTemplate\":\"https:\\\/\\\/www.cantech.com\\\/?s={search_term_string}\"},\"query-input\":{\"@type\":\"PropertyValueSpecification\",\"valueRequired\":true,\"valueName\":\"search_term_string\"}}],\"inLanguage\":\"fr-FR\"},{\"@type\":\"Organization\",\"@id\":\"https:\\\/\\\/www.cantech.com\\\/#organization\",\"name\":\"Tuck Brand\",\"url\":\"https:\\\/\\\/www.cantech.com\\\/\",\"logo\":{\"@type\":\"ImageObject\",\"inLanguage\":\"fr-FR\",\"@id\":\"https:\\\/\\\/www.cantech.com\\\/#\\\/schema\\\/logo\\\/image\\\/\",\"url\":\"https:\\\/\\\/www.cantech.com\\\/wp-content\\\/uploads\\\/sites\\\/4\\\/2023\\\/06\\\/Cantech_Logo.png\",\"contentUrl\":\"https:\\\/\\\/www.cantech.com\\\/wp-content\\\/uploads\\\/sites\\\/4\\\/2023\\\/06\\\/Cantech_Logo.png\",\"width\":225,\"height\":83,\"caption\":\"Tuck Brand\"},\"image\":{\"@id\":\"https:\\\/\\\/www.cantech.com\\\/#\\\/schema\\\/logo\\\/image\\\/\"},\"sameAs\":[\"https:\\\/\\\/www.facebook.com\\\/CantechTape\\\/\",\"https:\\\/\\\/x.com\\\/CantechTape\",\"https:\\\/\\\/www.instagram.com\\\/cantechtape\\\/\",\"https:\\\/\\\/www.youtube.com\\\/user\\\/CantechTape\"]}]}<\/script>\n<!-- \/ Yoast SEO Premium plugin. -->","yoast_head_json":{"title":"39400 - Tuck Brand","robots":{"index":"index","follow":"follow","max-snippet":"max-snippet:-1","max-image-preview":"max-image-preview:large","max-video-preview":"max-video-preview:-1"},"canonical":"https:\/\/www.cantech.com\/fr\/product\/39400\/","og_locale":"fr_FR","og_type":"article","og_title":"39400","og_description":"Ruban r\u00e9sistant \u00e0 l\u2019eau fait de toile de polyester stratifi\u00e9e \u00e0 un film de poly\u00e9thyl\u00e8ne et enduit d\u2019un adh\u00e9sif puissant.  &nbsp; Couleur SKU# 394214825","og_url":"https:\/\/www.cantech.com\/fr\/product\/39400\/","og_site_name":"Tuck Brand","article_publisher":"https:\/\/www.facebook.com\/CantechTape\/","article_modified_time":"2024-06-07T20:55:23+00:00","og_image":[{"width":2524,"height":2524,"url":"https:\/\/www.cantech.com\/wp-content\/uploads\/sites\/4\/2024\/03\/39400_grey.jpg","type":"image\/jpeg"}],"twitter_card":"summary_large_image","twitter_site":"@CantechTape","twitter_misc":{"Est. reading time":"1 minute"},"schema":{"@context":"https:\/\/schema.org","@graph":[{"@type":"WebPage","@id":"https:\/\/www.cantech.com\/fr\/product\/39400\/","url":"https:\/\/www.cantech.com\/fr\/product\/39400\/","name":"39400 - Tuck Brand","isPartOf":{"@id":"https:\/\/www.cantech.com\/#website"},"primaryImageOfPage":{"@id":"https:\/\/www.cantech.com\/fr\/product\/39400\/#primaryimage"},"image":{"@id":"https:\/\/www.cantech.com\/fr\/product\/39400\/#primaryimage"},"thumbnailUrl":"https:\/\/www.cantech.com\/wp-content\/uploads\/sites\/4\/images\/39400_grey.jpg","datePublished":"2023-04-24T16:56:19+00:00","dateModified":"2024-06-07T20:55:23+00:00","breadcrumb":{"@id":"https:\/\/www.cantech.com\/fr\/product\/39400\/#breadcrumb"},"inLanguage":"fr-FR","potentialAction":[{"@type":"ReadAction","target":["https:\/\/www.cantech.com\/fr\/product\/39400\/"]}]},{"@type":"ImageObject","inLanguage":"fr-FR","@id":"https:\/\/www.cantech.com\/fr\/product\/39400\/#primaryimage","url":"https:\/\/www.cantech.com\/wp-content\/uploads\/sites\/4\/images\/39400_grey.jpg","contentUrl":"https:\/\/www.cantech.com\/wp-content\/uploads\/sites\/4\/images\/39400_grey.jpg","width":2524,"height":2524,"caption":"39400 DuctPro Duct Tape"},{"@type":"BreadcrumbList","@id":"https:\/\/www.cantech.com\/fr\/product\/39400\/#breadcrumb","itemListElement":[{"@type":"ListItem","position":1,"name":"Home","item":"https:\/\/www.cantech.com\/fr\/home\/"},{"@type":"ListItem","position":2,"name":"Products","item":"https:\/\/www.cantech.com\/products\/"},{"@type":"ListItem","position":3,"name":"39400"}]},{"@type":"WebSite","@id":"https:\/\/www.cantech.com\/#website","url":"https:\/\/www.cantech.com\/","name":"Tuck Brand","description":"","publisher":{"@id":"https:\/\/www.cantech.com\/#organization"},"potentialAction":[{"@type":"SearchAction","target":{"@type":"EntryPoint","urlTemplate":"https:\/\/www.cantech.com\/?s={search_term_string}"},"query-input":{"@type":"PropertyValueSpecification","valueRequired":true,"valueName":"search_term_string"}}],"inLanguage":"fr-FR"},{"@type":"Organization","@id":"https:\/\/www.cantech.com\/#organization","name":"Tuck Brand","url":"https:\/\/www.cantech.com\/","logo":{"@type":"ImageObject","inLanguage":"fr-FR","@id":"https:\/\/www.cantech.com\/#\/schema\/logo\/image\/","url":"https:\/\/www.cantech.com\/wp-content\/uploads\/sites\/4\/2023\/06\/Cantech_Logo.png","contentUrl":"https:\/\/www.cantech.com\/wp-content\/uploads\/sites\/4\/2023\/06\/Cantech_Logo.png","width":225,"height":83,"caption":"Tuck Brand"},"image":{"@id":"https:\/\/www.cantech.com\/#\/schema\/logo\/image\/"},"sameAs":["https:\/\/www.facebook.com\/CantechTape\/","https:\/\/x.com\/CantechTape","https:\/\/www.instagram.com\/cantechtape\/","https:\/\/www.youtube.com\/user\/CantechTape"]}]}},"jetpack_sharing_enabled":true,"_links":{"self":[{"href":"https:\/\/www.cantech.com\/fr\/wp-json\/wp\/v2\/product\/450","targetHints":{"allow":["GET"]}}],"collection":[{"href":"https:\/\/www.cantech.com\/fr\/wp-json\/wp\/v2\/product"}],"about":[{"href":"https:\/\/www.cantech.com\/fr\/wp-json\/wp\/v2\/types\/product"}],"replies":[{"embeddable":true,"href":"https:\/\/www.cantech.com\/fr\/wp-json\/wp\/v2\/comments?post=450"}],"wp:featuredmedia":[{"embeddable":true,"href":"https:\/\/www.cantech.com\/fr\/wp-json\/wp\/v2\/media\/841"}],"wp:attachment":[{"href":"https:\/\/www.cantech.com\/fr\/wp-json\/wp\/v2\/media?parent=450"}],"wp:term":[{"taxonomy":"product_brand","embeddable":true,"href":"https:\/\/www.cantech.com\/fr\/wp-json\/wp\/v2\/product_brand?post=450"},{"taxonomy":"product_cat","embeddable":true,"href":"https:\/\/www.cantech.com\/fr\/wp-json\/wp\/v2\/product_cat?post=450"},{"taxonomy":"product_tag","embeddable":true,"href":"https:\/\/www.cantech.com\/fr\/wp-json\/wp\/v2\/product_tag?post=450"},{"taxonomy":"associated_application","embeddable":true,"href":"https:\/\/www.cantech.com\/fr\/wp-json\/wp\/v2\/associated_application?post=450"}],"curies":[{"name":"wp","href":"https:\/\/api.w.org\/{rel}","templated":true}]}}