{"id":445,"date":"2023-04-24T16:56:09","date_gmt":"2023-04-24T16:56:09","guid":{"rendered":"https:\/\/www.cantech.com\/product\/36200-fr\/"},"modified":"2024-05-03T17:35:14","modified_gmt":"2024-05-03T17:35:14","slug":"36200","status":"publish","type":"product","link":"https:\/\/www.cantech.com\/fr\/product\/36200\/","title":{"rendered":"36200"},"content":{"rendered":"<div class=\"prose\">\n<ul>\n<li>Excellente alternative au ruban d\u2019aluminium. L\u2019absence de doublure rend l\u2019application plus facile, plus rapide et permet un scellage plus serr\u00e9 gr\u00e2ce \u00e0 la caract\u00e9ristique d\u2019\u00e9longation du film<\/li>\n<li>Certifi\u00e9 UL-181B-FX et CAN\/ULC-S102<\/li>\n<li>Ce ruban flexible rencontre les normes UL-181B-FX s&rsquo;appliquant au syst\u00e8me de scellage pour les conduits et connecteurs de syst\u00e8me d&rsquo;a\u00e9ration et chauffage<\/li>\n<li>Rencontre les normes CAN\/ULC-S109<\/li>\n<li>Pouvoir de maintien sup\u00e9rieur et durable<\/li>\n<li>R\u00e9siste aux ultra-violets, moisissure, humidit\u00e9, propagation des flammes et g\u00e9n\u00e9rateur de fum\u00e9e<\/li>\n<li>Peut \u00eatre coup\u00e9 \u00e0 la main<\/li>\n<\/ul>\n<h3>Applications<\/h3>\n<ul>\n<li>Joindre et sceller les conduits flexibles ainsi que les connecteurs de syst\u00e8me d\u2019a\u00e9ration et chauffage.<\/li>\n<li>Joindre et sceller les tuyaux isolants en mousse des conduits d\u2019eau<\/li>\n<\/ul>\n<\/div>\n","protected":false},"excerpt":{"rendered":"<p>Ce ruban est fabriqu\u00e9 d\u2019un film de polypropyl\u00e8ne sp\u00e9cialement trait\u00e9 pour r\u00e9sister aux ultra- violets et enduit d\u2019un adh\u00e9sif acrylique puissant. Le ruban 362 rencontre les normes UL &amp; CAN\/ULC s\u2019appliquant au syst\u00e8me de scellage pour les conduits et connecteurs flexibles de syst\u00e8me d\u2019a\u00e9ration et chauffage.<\/p>\n<h3>Couleur<\/h3>\n<p style=\"background: linear-gradient(to top left, #ffffff 19%, #c0c0c0 69%); width: 35%; font-weight: 600; padding: 3px; color: black; border: 1px solid black; border-radius: 5px; text-align: center; font-size: 14px;\">SKU# 362214850<\/p>\n","protected":false},"featured_media":210,"comment_status":"closed","ping_status":"closed","template":"","meta":{"_acf_changed":false},"product_brand":[],"product_cat":[67,72],"product_tag":[],"associated_application":[],"class_list":{"0":"post-445","1":"product","2":"type-product","3":"status-publish","4":"has-post-thumbnail","6":"product_cat-retail-fr","7":"product_cat-retail-construction-and-specialty-tapes-fr","9":"first","10":"instock","11":"product-type-simple"},"acf":[],"yoast_head":"<!-- This site is optimized with the Yoast SEO Premium plugin v24.1 (Yoast SEO v27.0) - https:\/\/yoast.com\/product\/yoast-seo-premium-wordpress\/ -->\n<title>36200 - Cantech<\/title>\n<meta name=\"robots\" content=\"index, follow, max-snippet:-1, max-image-preview:large, max-video-preview:-1\" \/>\n<link rel=\"canonical\" href=\"https:\/\/www.cantech.com\/fr\/product\/36200\/\" \/>\n<meta property=\"og:locale\" content=\"fr_FR\" \/>\n<meta property=\"og:type\" content=\"article\" \/>\n<meta property=\"og:title\" content=\"36200\" \/>\n<meta property=\"og:description\" content=\"Ce ruban est fabriqu\u00e9 d\u2019un film de polypropyl\u00e8ne sp\u00e9cialement trait\u00e9 pour r\u00e9sister aux ultra- violets et enduit d\u2019un adh\u00e9sif acrylique puissant. Le ruban 362 rencontre les normes UL &amp; CAN\/ULC s\u2019appliquant au syst\u00e8me de scellage pour les conduits et connecteurs flexibles de syst\u00e8me d\u2019a\u00e9ration et chauffage. Couleur SKU# 362214850\" \/>\n<meta property=\"og:url\" content=\"https:\/\/www.cantech.com\/fr\/product\/36200\/\" \/>\n<meta property=\"og:site_name\" content=\"Cantech\" \/>\n<meta property=\"article:publisher\" content=\"https:\/\/www.facebook.com\/CantechTape\/\" \/>\n<meta property=\"article:modified_time\" content=\"2024-05-03T17:35:14+00:00\" \/>\n<meta name=\"twitter:card\" content=\"summary_large_image\" \/>\n<meta name=\"twitter:site\" content=\"@CantechTape\" \/>\n<meta name=\"twitter:label1\" content=\"Est. reading time\" \/>\n\t<meta name=\"twitter:data1\" content=\"1 minute\" \/>\n<script type=\"application\/ld+json\" class=\"yoast-schema-graph\">{\"@context\":\"https:\/\/schema.org\",\"@graph\":[{\"@type\":\"WebPage\",\"@id\":\"https:\/\/www.cantech.com\/fr\/product\/36200\/\",\"url\":\"https:\/\/www.cantech.com\/fr\/product\/36200\/\",\"name\":\"36200 - Cantech\",\"isPartOf\":{\"@id\":\"https:\/\/www.cantech.com\/#website\"},\"primaryImageOfPage\":{\"@id\":\"https:\/\/www.cantech.com\/fr\/product\/36200\/#primaryimage\"},\"image\":{\"@id\":\"https:\/\/www.cantech.com\/fr\/product\/36200\/#primaryimage\"},\"thumbnailUrl\":\"https:\/\/www.cantech.com\/wp-content\/uploads\/sites\/4\/2023\/03\/ve5m2437ewefyrkifhj9.jpg\",\"datePublished\":\"2023-04-24T16:56:09+00:00\",\"dateModified\":\"2024-05-03T17:35:14+00:00\",\"breadcrumb\":{\"@id\":\"https:\/\/www.cantech.com\/fr\/product\/36200\/#breadcrumb\"},\"inLanguage\":\"fr-FR\",\"potentialAction\":[{\"@type\":\"ReadAction\",\"target\":[\"https:\/\/www.cantech.com\/fr\/product\/36200\/\"]}]},{\"@type\":\"ImageObject\",\"inLanguage\":\"fr-FR\",\"@id\":\"https:\/\/www.cantech.com\/fr\/product\/36200\/#primaryimage\",\"url\":\"https:\/\/www.cantech.com\/wp-content\/uploads\/sites\/4\/2023\/03\/ve5m2437ewefyrkifhj9.jpg\",\"contentUrl\":\"https:\/\/www.cantech.com\/wp-content\/uploads\/sites\/4\/2023\/03\/ve5m2437ewefyrkifhj9.jpg\",\"width\":2524,\"height\":2524},{\"@type\":\"BreadcrumbList\",\"@id\":\"https:\/\/www.cantech.com\/fr\/product\/36200\/#breadcrumb\",\"itemListElement\":[{\"@type\":\"ListItem\",\"position\":1,\"name\":\"Home\",\"item\":\"https:\/\/www.cantech.com\/fr\/home\/\"},{\"@type\":\"ListItem\",\"position\":2,\"name\":\"Products\",\"item\":\"https:\/\/www.cantech.com\/products\/\"},{\"@type\":\"ListItem\",\"position\":3,\"name\":\"36200\"}]},{\"@type\":\"WebSite\",\"@id\":\"https:\/\/www.cantech.com\/#website\",\"url\":\"https:\/\/www.cantech.com\/\",\"name\":\"Cantech\",\"description\":\"\",\"publisher\":{\"@id\":\"https:\/\/www.cantech.com\/#organization\"},\"potentialAction\":[{\"@type\":\"SearchAction\",\"target\":{\"@type\":\"EntryPoint\",\"urlTemplate\":\"https:\/\/www.cantech.com\/?s={search_term_string}\"},\"query-input\":{\"@type\":\"PropertyValueSpecification\",\"valueRequired\":true,\"valueName\":\"search_term_string\"}}],\"inLanguage\":\"fr-FR\"},{\"@type\":\"Organization\",\"@id\":\"https:\/\/www.cantech.com\/#organization\",\"name\":\"Cantech\",\"url\":\"https:\/\/www.cantech.com\/\",\"logo\":{\"@type\":\"ImageObject\",\"inLanguage\":\"fr-FR\",\"@id\":\"https:\/\/www.cantech.com\/#\/schema\/logo\/image\/\",\"url\":\"https:\/\/www.cantech.com\/wp-content\/uploads\/sites\/4\/2023\/06\/Cantech_Logo.png\",\"contentUrl\":\"https:\/\/www.cantech.com\/wp-content\/uploads\/sites\/4\/2023\/06\/Cantech_Logo.png\",\"width\":225,\"height\":83,\"caption\":\"Cantech\"},\"image\":{\"@id\":\"https:\/\/www.cantech.com\/#\/schema\/logo\/image\/\"},\"sameAs\":[\"https:\/\/www.facebook.com\/CantechTape\/\",\"https:\/\/x.com\/CantechTape\",\"https:\/\/www.instagram.com\/cantechtape\/\",\"https:\/\/www.youtube.com\/user\/CantechTape\"]}]}<\/script>\n<!-- \/ Yoast SEO Premium plugin. -->","yoast_head_json":{"title":"36200 - Cantech","robots":{"index":"index","follow":"follow","max-snippet":"max-snippet:-1","max-image-preview":"max-image-preview:large","max-video-preview":"max-video-preview:-1"},"canonical":"https:\/\/www.cantech.com\/fr\/product\/36200\/","og_locale":"fr_FR","og_type":"article","og_title":"36200","og_description":"Ce ruban est fabriqu\u00e9 d\u2019un film de polypropyl\u00e8ne sp\u00e9cialement trait\u00e9 pour r\u00e9sister aux ultra- violets et enduit d\u2019un adh\u00e9sif acrylique puissant. Le ruban 362 rencontre les normes UL &amp; CAN\/ULC s\u2019appliquant au syst\u00e8me de scellage pour les conduits et connecteurs flexibles de syst\u00e8me d\u2019a\u00e9ration et chauffage. Couleur SKU# 362214850","og_url":"https:\/\/www.cantech.com\/fr\/product\/36200\/","og_site_name":"Cantech","article_publisher":"https:\/\/www.facebook.com\/CantechTape\/","article_modified_time":"2024-05-03T17:35:14+00:00","twitter_card":"summary_large_image","twitter_site":"@CantechTape","twitter_misc":{"Est. reading time":"1 minute"},"schema":{"@context":"https:\/\/schema.org","@graph":[{"@type":"WebPage","@id":"https:\/\/www.cantech.com\/fr\/product\/36200\/","url":"https:\/\/www.cantech.com\/fr\/product\/36200\/","name":"36200 - Cantech","isPartOf":{"@id":"https:\/\/www.cantech.com\/#website"},"primaryImageOfPage":{"@id":"https:\/\/www.cantech.com\/fr\/product\/36200\/#primaryimage"},"image":{"@id":"https:\/\/www.cantech.com\/fr\/product\/36200\/#primaryimage"},"thumbnailUrl":"https:\/\/www.cantech.com\/wp-content\/uploads\/sites\/4\/2023\/03\/ve5m2437ewefyrkifhj9.jpg","datePublished":"2023-04-24T16:56:09+00:00","dateModified":"2024-05-03T17:35:14+00:00","breadcrumb":{"@id":"https:\/\/www.cantech.com\/fr\/product\/36200\/#breadcrumb"},"inLanguage":"fr-FR","potentialAction":[{"@type":"ReadAction","target":["https:\/\/www.cantech.com\/fr\/product\/36200\/"]}]},{"@type":"ImageObject","inLanguage":"fr-FR","@id":"https:\/\/www.cantech.com\/fr\/product\/36200\/#primaryimage","url":"https:\/\/www.cantech.com\/wp-content\/uploads\/sites\/4\/2023\/03\/ve5m2437ewefyrkifhj9.jpg","contentUrl":"https:\/\/www.cantech.com\/wp-content\/uploads\/sites\/4\/2023\/03\/ve5m2437ewefyrkifhj9.jpg","width":2524,"height":2524},{"@type":"BreadcrumbList","@id":"https:\/\/www.cantech.com\/fr\/product\/36200\/#breadcrumb","itemListElement":[{"@type":"ListItem","position":1,"name":"Home","item":"https:\/\/www.cantech.com\/fr\/home\/"},{"@type":"ListItem","position":2,"name":"Products","item":"https:\/\/www.cantech.com\/products\/"},{"@type":"ListItem","position":3,"name":"36200"}]},{"@type":"WebSite","@id":"https:\/\/www.cantech.com\/#website","url":"https:\/\/www.cantech.com\/","name":"Cantech","description":"","publisher":{"@id":"https:\/\/www.cantech.com\/#organization"},"potentialAction":[{"@type":"SearchAction","target":{"@type":"EntryPoint","urlTemplate":"https:\/\/www.cantech.com\/?s={search_term_string}"},"query-input":{"@type":"PropertyValueSpecification","valueRequired":true,"valueName":"search_term_string"}}],"inLanguage":"fr-FR"},{"@type":"Organization","@id":"https:\/\/www.cantech.com\/#organization","name":"Cantech","url":"https:\/\/www.cantech.com\/","logo":{"@type":"ImageObject","inLanguage":"fr-FR","@id":"https:\/\/www.cantech.com\/#\/schema\/logo\/image\/","url":"https:\/\/www.cantech.com\/wp-content\/uploads\/sites\/4\/2023\/06\/Cantech_Logo.png","contentUrl":"https:\/\/www.cantech.com\/wp-content\/uploads\/sites\/4\/2023\/06\/Cantech_Logo.png","width":225,"height":83,"caption":"Cantech"},"image":{"@id":"https:\/\/www.cantech.com\/#\/schema\/logo\/image\/"},"sameAs":["https:\/\/www.facebook.com\/CantechTape\/","https:\/\/x.com\/CantechTape","https:\/\/www.instagram.com\/cantechtape\/","https:\/\/www.youtube.com\/user\/CantechTape"]}]}},"jetpack_sharing_enabled":true,"_links":{"self":[{"href":"https:\/\/www.cantech.com\/fr\/wp-json\/wp\/v2\/product\/445","targetHints":{"allow":["GET"]}}],"collection":[{"href":"https:\/\/www.cantech.com\/fr\/wp-json\/wp\/v2\/product"}],"about":[{"href":"https:\/\/www.cantech.com\/fr\/wp-json\/wp\/v2\/types\/product"}],"replies":[{"embeddable":true,"href":"https:\/\/www.cantech.com\/fr\/wp-json\/wp\/v2\/comments?post=445"}],"wp:featuredmedia":[{"embeddable":true,"href":"https:\/\/www.cantech.com\/fr\/wp-json\/wp\/v2\/media\/210"}],"wp:attachment":[{"href":"https:\/\/www.cantech.com\/fr\/wp-json\/wp\/v2\/media?parent=445"}],"wp:term":[{"taxonomy":"product_brand","embeddable":true,"href":"https:\/\/www.cantech.com\/fr\/wp-json\/wp\/v2\/product_brand?post=445"},{"taxonomy":"product_cat","embeddable":true,"href":"https:\/\/www.cantech.com\/fr\/wp-json\/wp\/v2\/product_cat?post=445"},{"taxonomy":"product_tag","embeddable":true,"href":"https:\/\/www.cantech.com\/fr\/wp-json\/wp\/v2\/product_tag?post=445"},{"taxonomy":"associated_application","embeddable":true,"href":"https:\/\/www.cantech.com\/fr\/wp-json\/wp\/v2\/associated_application?post=445"}],"curies":[{"name":"wp","href":"https:\/\/api.w.org\/{rel}","templated":true}]}}