{"id":430,"date":"2023-04-24T16:56:09","date_gmt":"2023-04-24T16:56:09","guid":{"rendered":"https:\/\/www.cantech.com\/product\/73700-fr\/"},"modified":"2024-05-03T12:48:28","modified_gmt":"2024-05-03T12:48:28","slug":"73700","status":"publish","type":"product","link":"https:\/\/www.cantech.com\/fr\/product\/73700\/","title":{"rendered":"73700"},"content":{"rendered":"<div class=\"prose\">\n<ul>\n<li>Fait d&rsquo;un film de silicone auto fusionnant<\/li>\n<li>R\u00e9siste \u00e0 des temp\u00e9ratures de -54\u00baC \u00e0 260\u00baC (-65\u00baF \u00e0 500\u00baF)<\/li>\n<li>R\u00e9siste \u00e0 l&rsquo;eau sal\u00e9e, produits p\u00e9troliers et acides<\/li>\n<li>Pr\u00e9vient la corrosion<\/li>\n<li>R\u00e9siste \u00e0 plus de 8,000 volts<\/li>\n<li>Se fusionne sur lui-m\u00eame dans les 24 heures \u00e0 la temp\u00e9rature ambiante<\/li>\n<\/ul>\n<h3>Applications<\/h3>\n<ul>\n<li>Ruban Grip pour les \u00e9quipements sportifs<\/li>\n<li>R\u00e9paration de plomberie<\/li>\n<li>Applications maritimes<\/li>\n<li>Utilisation sous l&rsquo;eau<\/li>\n<li>Isolant \u00e9lectrique pour l&rsquo;int\u00e9rieur et l&rsquo;ext\u00e9rieur<\/li>\n<\/ul>\n<\/div>\n","protected":false},"excerpt":{"rendered":"<p>FusionPro est un ruban de r\u00e9paration auto-fusionnant qui s\u2019adapte \u00e0 n\u2019importe quelle surface tout en assurant une \u00e9tanch\u00e9it\u00e9 \u00e0 l\u2019eau. Le ruban en silicone cr\u00e9e une barri\u00e8re chimique r\u00e9sistante \u00e0 l\u2019humidit\u00e9 qui r\u00e9pare les fuites des tuyaux, des boyaux d\u2019arrosage et isole les fils \u00e9lectriques effiloch\u00e9s. Il est facile \u00e0 enlever, ne laisse aucun r\u00e9sidu collant et prot\u00e8ge contre la corrosion.<\/p>\n<h3>Couleurs<\/h3>\n<p style=\"background-color: black; width: 35%; font-weight: 600; padding: 3px; color: white; border: 1px solid black; border-radius: 5px; text-align: center; font-size: 14px;\">SKU# 73701253<\/p>\n<p style=\"background-color: white; width: 35%; font-weight: 600; padding: 3px; color: black; border: 1px solid black; margin-top: -10px; border-radius: 5px; text-align: center; font-size: 14px;\">SKU# 73710253<\/p>\n","protected":false},"featured_media":136,"comment_status":"closed","ping_status":"closed","template":"","meta":{"_acf_changed":false},"product_brand":[],"product_cat":[67,69],"product_tag":[158,141],"associated_application":[],"class_list":{"0":"post-430","1":"product","2":"type-product","3":"status-publish","4":"has-post-thumbnail","6":"product_cat-retail-fr","7":"product_cat-carded-products-fr","8":"product_tag-carded-product-fr","9":"product_tag-electrical-tape-fr","11":"first","12":"instock","13":"product-type-simple"},"acf":[],"yoast_head":"<!-- This site is optimized with the Yoast SEO Premium plugin v24.1 (Yoast SEO v27.3) - https:\/\/yoast.com\/product\/yoast-seo-premium-wordpress\/ -->\n<title>73700 - Tuck Brand<\/title>\n<meta name=\"robots\" content=\"index, follow, max-snippet:-1, max-image-preview:large, max-video-preview:-1\" \/>\n<link rel=\"canonical\" href=\"https:\/\/www.cantech.com\/fr\/product\/73700\/\" \/>\n<meta property=\"og:locale\" content=\"fr_FR\" \/>\n<meta property=\"og:type\" content=\"article\" \/>\n<meta property=\"og:title\" content=\"73700\" \/>\n<meta property=\"og:description\" content=\"FusionPro est un ruban de r\u00e9paration auto-fusionnant qui s\u2019adapte \u00e0 n\u2019importe quelle surface tout en assurant une \u00e9tanch\u00e9it\u00e9 \u00e0 l\u2019eau. Le ruban en silicone cr\u00e9e une barri\u00e8re chimique r\u00e9sistante \u00e0 l\u2019humidit\u00e9 qui r\u00e9pare les fuites des tuyaux, des boyaux d\u2019arrosage et isole les fils \u00e9lectriques effiloch\u00e9s. Il est facile \u00e0 enlever, ne laisse aucun r\u00e9sidu collant et prot\u00e8ge contre la corrosion. Couleurs SKU# 73701253 SKU# 73710253\" \/>\n<meta property=\"og:url\" content=\"https:\/\/www.cantech.com\/fr\/product\/73700\/\" \/>\n<meta property=\"og:site_name\" content=\"Tuck Brand\" \/>\n<meta property=\"article:publisher\" content=\"https:\/\/www.facebook.com\/CantechTape\/\" \/>\n<meta property=\"article:modified_time\" content=\"2024-05-03T12:48:28+00:00\" \/>\n<meta name=\"twitter:card\" content=\"summary_large_image\" \/>\n<meta name=\"twitter:site\" content=\"@CantechTape\" \/>\n<meta name=\"twitter:label1\" content=\"Est. reading time\" \/>\n\t<meta name=\"twitter:data1\" content=\"1 minute\" \/>\n<script type=\"application\/ld+json\" class=\"yoast-schema-graph\">{\"@context\":\"https:\\\/\\\/schema.org\",\"@graph\":[{\"@type\":\"WebPage\",\"@id\":\"https:\\\/\\\/www.cantech.com\\\/fr\\\/product\\\/73700\\\/\",\"url\":\"https:\\\/\\\/www.cantech.com\\\/fr\\\/product\\\/73700\\\/\",\"name\":\"73700 - Tuck Brand\",\"isPartOf\":{\"@id\":\"https:\\\/\\\/www.cantech.com\\\/#website\"},\"primaryImageOfPage\":{\"@id\":\"https:\\\/\\\/www.cantech.com\\\/fr\\\/product\\\/73700\\\/#primaryimage\"},\"image\":{\"@id\":\"https:\\\/\\\/www.cantech.com\\\/fr\\\/product\\\/73700\\\/#primaryimage\"},\"thumbnailUrl\":\"https:\\\/\\\/www.cantech.com\\\/wp-content\\\/uploads\\\/sites\\\/4\\\/images\\\/73700_white.jpg\",\"datePublished\":\"2023-04-24T16:56:09+00:00\",\"dateModified\":\"2024-05-03T12:48:28+00:00\",\"breadcrumb\":{\"@id\":\"https:\\\/\\\/www.cantech.com\\\/fr\\\/product\\\/73700\\\/#breadcrumb\"},\"inLanguage\":\"fr-FR\",\"potentialAction\":[{\"@type\":\"ReadAction\",\"target\":[\"https:\\\/\\\/www.cantech.com\\\/fr\\\/product\\\/73700\\\/\"]}]},{\"@type\":\"ImageObject\",\"inLanguage\":\"fr-FR\",\"@id\":\"https:\\\/\\\/www.cantech.com\\\/fr\\\/product\\\/73700\\\/#primaryimage\",\"url\":\"https:\\\/\\\/www.cantech.com\\\/wp-content\\\/uploads\\\/sites\\\/4\\\/images\\\/73700_white.jpg\",\"contentUrl\":\"https:\\\/\\\/www.cantech.com\\\/wp-content\\\/uploads\\\/sites\\\/4\\\/images\\\/73700_white.jpg\",\"width\":2524,\"height\":2524},{\"@type\":\"BreadcrumbList\",\"@id\":\"https:\\\/\\\/www.cantech.com\\\/fr\\\/product\\\/73700\\\/#breadcrumb\",\"itemListElement\":[{\"@type\":\"ListItem\",\"position\":1,\"name\":\"Home\",\"item\":\"https:\\\/\\\/www.cantech.com\\\/fr\\\/home\\\/\"},{\"@type\":\"ListItem\",\"position\":2,\"name\":\"Products\",\"item\":\"https:\\\/\\\/www.cantech.com\\\/products\\\/\"},{\"@type\":\"ListItem\",\"position\":3,\"name\":\"73700\"}]},{\"@type\":\"WebSite\",\"@id\":\"https:\\\/\\\/www.cantech.com\\\/#website\",\"url\":\"https:\\\/\\\/www.cantech.com\\\/\",\"name\":\"Tuck Brand\",\"description\":\"\",\"publisher\":{\"@id\":\"https:\\\/\\\/www.cantech.com\\\/#organization\"},\"potentialAction\":[{\"@type\":\"SearchAction\",\"target\":{\"@type\":\"EntryPoint\",\"urlTemplate\":\"https:\\\/\\\/www.cantech.com\\\/?s={search_term_string}\"},\"query-input\":{\"@type\":\"PropertyValueSpecification\",\"valueRequired\":true,\"valueName\":\"search_term_string\"}}],\"inLanguage\":\"fr-FR\"},{\"@type\":\"Organization\",\"@id\":\"https:\\\/\\\/www.cantech.com\\\/#organization\",\"name\":\"Tuck Brand\",\"url\":\"https:\\\/\\\/www.cantech.com\\\/\",\"logo\":{\"@type\":\"ImageObject\",\"inLanguage\":\"fr-FR\",\"@id\":\"https:\\\/\\\/www.cantech.com\\\/#\\\/schema\\\/logo\\\/image\\\/\",\"url\":\"https:\\\/\\\/www.cantech.com\\\/wp-content\\\/uploads\\\/sites\\\/4\\\/2023\\\/06\\\/Cantech_Logo.png\",\"contentUrl\":\"https:\\\/\\\/www.cantech.com\\\/wp-content\\\/uploads\\\/sites\\\/4\\\/2023\\\/06\\\/Cantech_Logo.png\",\"width\":225,\"height\":83,\"caption\":\"Tuck Brand\"},\"image\":{\"@id\":\"https:\\\/\\\/www.cantech.com\\\/#\\\/schema\\\/logo\\\/image\\\/\"},\"sameAs\":[\"https:\\\/\\\/www.facebook.com\\\/CantechTape\\\/\",\"https:\\\/\\\/x.com\\\/CantechTape\",\"https:\\\/\\\/www.instagram.com\\\/cantechtape\\\/\",\"https:\\\/\\\/www.youtube.com\\\/user\\\/CantechTape\"]}]}<\/script>\n<!-- \/ Yoast SEO Premium plugin. -->","yoast_head_json":{"title":"73700 - Tuck Brand","robots":{"index":"index","follow":"follow","max-snippet":"max-snippet:-1","max-image-preview":"max-image-preview:large","max-video-preview":"max-video-preview:-1"},"canonical":"https:\/\/www.cantech.com\/fr\/product\/73700\/","og_locale":"fr_FR","og_type":"article","og_title":"73700","og_description":"FusionPro est un ruban de r\u00e9paration auto-fusionnant qui s\u2019adapte \u00e0 n\u2019importe quelle surface tout en assurant une \u00e9tanch\u00e9it\u00e9 \u00e0 l\u2019eau. Le ruban en silicone cr\u00e9e une barri\u00e8re chimique r\u00e9sistante \u00e0 l\u2019humidit\u00e9 qui r\u00e9pare les fuites des tuyaux, des boyaux d\u2019arrosage et isole les fils \u00e9lectriques effiloch\u00e9s. Il est facile \u00e0 enlever, ne laisse aucun r\u00e9sidu collant et prot\u00e8ge contre la corrosion. Couleurs SKU# 73701253 SKU# 73710253","og_url":"https:\/\/www.cantech.com\/fr\/product\/73700\/","og_site_name":"Tuck Brand","article_publisher":"https:\/\/www.facebook.com\/CantechTape\/","article_modified_time":"2024-05-03T12:48:28+00:00","twitter_card":"summary_large_image","twitter_site":"@CantechTape","twitter_misc":{"Est. reading time":"1 minute"},"schema":{"@context":"https:\/\/schema.org","@graph":[{"@type":"WebPage","@id":"https:\/\/www.cantech.com\/fr\/product\/73700\/","url":"https:\/\/www.cantech.com\/fr\/product\/73700\/","name":"73700 - Tuck Brand","isPartOf":{"@id":"https:\/\/www.cantech.com\/#website"},"primaryImageOfPage":{"@id":"https:\/\/www.cantech.com\/fr\/product\/73700\/#primaryimage"},"image":{"@id":"https:\/\/www.cantech.com\/fr\/product\/73700\/#primaryimage"},"thumbnailUrl":"https:\/\/www.cantech.com\/wp-content\/uploads\/sites\/4\/images\/73700_white.jpg","datePublished":"2023-04-24T16:56:09+00:00","dateModified":"2024-05-03T12:48:28+00:00","breadcrumb":{"@id":"https:\/\/www.cantech.com\/fr\/product\/73700\/#breadcrumb"},"inLanguage":"fr-FR","potentialAction":[{"@type":"ReadAction","target":["https:\/\/www.cantech.com\/fr\/product\/73700\/"]}]},{"@type":"ImageObject","inLanguage":"fr-FR","@id":"https:\/\/www.cantech.com\/fr\/product\/73700\/#primaryimage","url":"https:\/\/www.cantech.com\/wp-content\/uploads\/sites\/4\/images\/73700_white.jpg","contentUrl":"https:\/\/www.cantech.com\/wp-content\/uploads\/sites\/4\/images\/73700_white.jpg","width":2524,"height":2524},{"@type":"BreadcrumbList","@id":"https:\/\/www.cantech.com\/fr\/product\/73700\/#breadcrumb","itemListElement":[{"@type":"ListItem","position":1,"name":"Home","item":"https:\/\/www.cantech.com\/fr\/home\/"},{"@type":"ListItem","position":2,"name":"Products","item":"https:\/\/www.cantech.com\/products\/"},{"@type":"ListItem","position":3,"name":"73700"}]},{"@type":"WebSite","@id":"https:\/\/www.cantech.com\/#website","url":"https:\/\/www.cantech.com\/","name":"Tuck Brand","description":"","publisher":{"@id":"https:\/\/www.cantech.com\/#organization"},"potentialAction":[{"@type":"SearchAction","target":{"@type":"EntryPoint","urlTemplate":"https:\/\/www.cantech.com\/?s={search_term_string}"},"query-input":{"@type":"PropertyValueSpecification","valueRequired":true,"valueName":"search_term_string"}}],"inLanguage":"fr-FR"},{"@type":"Organization","@id":"https:\/\/www.cantech.com\/#organization","name":"Tuck Brand","url":"https:\/\/www.cantech.com\/","logo":{"@type":"ImageObject","inLanguage":"fr-FR","@id":"https:\/\/www.cantech.com\/#\/schema\/logo\/image\/","url":"https:\/\/www.cantech.com\/wp-content\/uploads\/sites\/4\/2023\/06\/Cantech_Logo.png","contentUrl":"https:\/\/www.cantech.com\/wp-content\/uploads\/sites\/4\/2023\/06\/Cantech_Logo.png","width":225,"height":83,"caption":"Tuck Brand"},"image":{"@id":"https:\/\/www.cantech.com\/#\/schema\/logo\/image\/"},"sameAs":["https:\/\/www.facebook.com\/CantechTape\/","https:\/\/x.com\/CantechTape","https:\/\/www.instagram.com\/cantechtape\/","https:\/\/www.youtube.com\/user\/CantechTape"]}]}},"jetpack_sharing_enabled":true,"_links":{"self":[{"href":"https:\/\/www.cantech.com\/fr\/wp-json\/wp\/v2\/product\/430","targetHints":{"allow":["GET"]}}],"collection":[{"href":"https:\/\/www.cantech.com\/fr\/wp-json\/wp\/v2\/product"}],"about":[{"href":"https:\/\/www.cantech.com\/fr\/wp-json\/wp\/v2\/types\/product"}],"replies":[{"embeddable":true,"href":"https:\/\/www.cantech.com\/fr\/wp-json\/wp\/v2\/comments?post=430"}],"wp:featuredmedia":[{"embeddable":true,"href":"https:\/\/www.cantech.com\/fr\/wp-json\/wp\/v2\/media\/136"}],"wp:attachment":[{"href":"https:\/\/www.cantech.com\/fr\/wp-json\/wp\/v2\/media?parent=430"}],"wp:term":[{"taxonomy":"product_brand","embeddable":true,"href":"https:\/\/www.cantech.com\/fr\/wp-json\/wp\/v2\/product_brand?post=430"},{"taxonomy":"product_cat","embeddable":true,"href":"https:\/\/www.cantech.com\/fr\/wp-json\/wp\/v2\/product_cat?post=430"},{"taxonomy":"product_tag","embeddable":true,"href":"https:\/\/www.cantech.com\/fr\/wp-json\/wp\/v2\/product_tag?post=430"},{"taxonomy":"associated_application","embeddable":true,"href":"https:\/\/www.cantech.com\/fr\/wp-json\/wp\/v2\/associated_application?post=430"}],"curies":[{"name":"wp","href":"https:\/\/api.w.org\/{rel}","templated":true}]}}