{"id":424,"date":"2023-04-24T16:15:16","date_gmt":"2023-04-24T16:15:16","guid":{"rendered":"https:\/\/www.cantech.com\/product\/20200-fr\/"},"modified":"2023-09-29T19:56:37","modified_gmt":"2023-09-29T19:56:37","slug":"20200","status":"publish","type":"product","link":"https:\/\/www.cantech.com\/fr\/product\/20200\/","title":{"rendered":"20200"},"content":{"rendered":"<div class=\"prose\">\n<ul>\n<li>Excellente alternative au ruban d\u2019aluminium. L\u2019absence de doublure rend l\u2019application plus facile, plus rapide et permet un scellage plus serr\u00e9 gr\u00e2ce \u00e0 la caract\u00e9ristique d\u2019\u00e9longation du film.<\/li>\n<li>Certifi\u00e9 UL-181B-FX et CAN\/ULC-S102<\/li>\n<li>Rencontre les normes CAN\/ULC-S109<\/li>\n<li>Pouvoir de maintien sup\u00e9rieur et durable<\/li>\n<li>R\u00e9siste aux ultra-violets, moisissure, humidit\u00e9, propagation des flammes et g\u00e9n\u00e9rateur de fum\u00e9e<\/li>\n<li>Peut \u00eatre coup\u00e9 \u00e0 la main<\/li>\n<\/ul>\n<h3>Applications<\/h3>\n<ul>\n<li>Joindre et sceller les conduits ainsi que les connecteurs de syst\u00e8me d\u2019a\u00e9ration et de chauffage<\/li>\n<li>Joindre et sceller les tuyaux isolants en mousse des conduites d\u2019eau<\/li>\n<\/ul>\n<\/div>\n","protected":false},"excerpt":{"rendered":"<div class=\"woocommerce-product-details__short-description\">\n<div class=\"prose\">\n<p>Ce ruban est fabriqu\u00e9 d\u2019un film de polypropyl\u00e8ne sp\u00e9cialement trait\u00e9 pour r\u00e9sister aux ultra-violets et enduit d\u2019un adh\u00e9sif acrylique puissant. Le ruban 202 rencontre les normes UL &amp; CAN\/ULC s\u2019appliquant au syst\u00e8me de scellage pour les conduits et connecteurs flexibles de syst\u00e8me d\u2019a\u00e9ration et chauffage.<\/p>\n<\/div>\n<\/div>\n<h3>Couleurs<\/h3>\n<p style=\"background: linear-gradient(to top left, #ffffff 19%, #c0c0c0 69%); width: 35%; font-weight: 600; padding: 3px; color: black; border: 1px solid black; border-radius: 5px; text-align: center; font-size: 14px;\">SKU# 202314855<\/p>\n<p style=\"background: linear-gradient(to top left, #ffffff 19%, #c0c0c0 69%); width: 35%; font-weight: 600; padding: 3px; color: black; border: 1px solid black; margin-top: -10px; border-radius: 5px; text-align: center; font-size: 14px;\">SKU# 2022148110<\/p>\n<p style=\"background: linear-gradient(to top left, #ffffff 19%, #c0c0c0 69%); width: 35%; font-weight: 600; padding: 3px; color: black; border: 1px solid black; margin-top: -10px; border-radius: 5px; text-align: center; font-size: 14px;\">SKU# 2022172110<\/p>\n<p style=\"background-color: black; width: 35%; font-weight: 600; padding: 3px; color: white; border: 1px solid black; border-radius: 5px; text-align: center; margin-top: -10px; font-size: 14px;\">SKU# 2020148110<\/p>\n<p style=\"background-color: black; width: 35%; font-weight: 600; padding: 3px; color: white; border: 1px solid white; border-radius: 5px; text-align: center; margin-top: -10px; font-size: 14px;\">SKU# 2020172110<\/p>\n<p>&nbsp;<\/p>\n","protected":false},"featured_media":72,"comment_status":"closed","ping_status":"closed","template":"","meta":{"_acf_changed":false},"product_brand":[],"product_cat":[83,66],"product_tag":[138,137],"associated_application":[],"class_list":{"0":"post-424","1":"product","2":"type-product","3":"status-publish","4":"has-post-thumbnail","6":"product_cat-construction-fr","7":"product_cat-specialty-products-fr","8":"product_tag-hvac-fr","9":"product_tag-metalized-fr","11":"first","12":"instock","13":"product-type-simple"},"acf":[],"yoast_head":"<!-- This site is optimized with the Yoast SEO Premium plugin v24.1 (Yoast SEO v27.0) - https:\/\/yoast.com\/product\/yoast-seo-premium-wordpress\/ -->\n<title>20200 - Cantech<\/title>\n<meta name=\"robots\" content=\"index, follow, max-snippet:-1, max-image-preview:large, max-video-preview:-1\" \/>\n<link rel=\"canonical\" href=\"https:\/\/www.cantech.com\/fr\/product\/20200\/\" \/>\n<meta property=\"og:locale\" content=\"fr_FR\" \/>\n<meta property=\"og:type\" content=\"article\" \/>\n<meta property=\"og:title\" content=\"20200\" \/>\n<meta property=\"og:description\" content=\"Ce ruban est fabriqu\u00e9 d\u2019un film de polypropyl\u00e8ne sp\u00e9cialement trait\u00e9 pour r\u00e9sister aux ultra-violets et enduit d\u2019un adh\u00e9sif acrylique puissant. Le ruban 202 rencontre les normes UL &amp; CAN\/ULC s\u2019appliquant au syst\u00e8me de scellage pour les conduits et connecteurs flexibles de syst\u00e8me d\u2019a\u00e9ration et chauffage.    Couleurs SKU# 202314855 SKU# 2022148110 SKU# 2022172110 SKU# 2020148110 SKU# 2020172110 &nbsp;\" \/>\n<meta property=\"og:url\" content=\"https:\/\/www.cantech.com\/fr\/product\/20200\/\" \/>\n<meta property=\"og:site_name\" content=\"Cantech\" \/>\n<meta property=\"article:publisher\" content=\"https:\/\/www.facebook.com\/CantechTape\/\" \/>\n<meta property=\"article:modified_time\" content=\"2023-09-29T19:56:37+00:00\" \/>\n<meta name=\"twitter:card\" content=\"summary_large_image\" \/>\n<meta name=\"twitter:site\" content=\"@CantechTape\" \/>\n<meta name=\"twitter:label1\" content=\"Est. reading time\" \/>\n\t<meta name=\"twitter:data1\" content=\"1 minute\" \/>\n<script type=\"application\/ld+json\" class=\"yoast-schema-graph\">{\"@context\":\"https:\/\/schema.org\",\"@graph\":[{\"@type\":\"WebPage\",\"@id\":\"https:\/\/www.cantech.com\/fr\/product\/20200\/\",\"url\":\"https:\/\/www.cantech.com\/fr\/product\/20200\/\",\"name\":\"20200 - Cantech\",\"isPartOf\":{\"@id\":\"https:\/\/www.cantech.com\/#website\"},\"primaryImageOfPage\":{\"@id\":\"https:\/\/www.cantech.com\/fr\/product\/20200\/#primaryimage\"},\"image\":{\"@id\":\"https:\/\/www.cantech.com\/fr\/product\/20200\/#primaryimage\"},\"thumbnailUrl\":\"https:\/\/www.cantech.com\/wp-content\/uploads\/sites\/4\/images\/20200_metalized.jpg\",\"datePublished\":\"2023-04-24T16:15:16+00:00\",\"dateModified\":\"2023-09-29T19:56:37+00:00\",\"breadcrumb\":{\"@id\":\"https:\/\/www.cantech.com\/fr\/product\/20200\/#breadcrumb\"},\"inLanguage\":\"fr-FR\",\"potentialAction\":[{\"@type\":\"ReadAction\",\"target\":[\"https:\/\/www.cantech.com\/fr\/product\/20200\/\"]}]},{\"@type\":\"ImageObject\",\"inLanguage\":\"fr-FR\",\"@id\":\"https:\/\/www.cantech.com\/fr\/product\/20200\/#primaryimage\",\"url\":\"https:\/\/www.cantech.com\/wp-content\/uploads\/sites\/4\/images\/20200_metalized.jpg\",\"contentUrl\":\"https:\/\/www.cantech.com\/wp-content\/uploads\/sites\/4\/images\/20200_metalized.jpg\",\"width\":2524,\"height\":2524},{\"@type\":\"BreadcrumbList\",\"@id\":\"https:\/\/www.cantech.com\/fr\/product\/20200\/#breadcrumb\",\"itemListElement\":[{\"@type\":\"ListItem\",\"position\":1,\"name\":\"Home\",\"item\":\"https:\/\/www.cantech.com\/fr\/home\/\"},{\"@type\":\"ListItem\",\"position\":2,\"name\":\"Products\",\"item\":\"https:\/\/www.cantech.com\/products\/\"},{\"@type\":\"ListItem\",\"position\":3,\"name\":\"20200\"}]},{\"@type\":\"WebSite\",\"@id\":\"https:\/\/www.cantech.com\/#website\",\"url\":\"https:\/\/www.cantech.com\/\",\"name\":\"Cantech\",\"description\":\"\",\"publisher\":{\"@id\":\"https:\/\/www.cantech.com\/#organization\"},\"potentialAction\":[{\"@type\":\"SearchAction\",\"target\":{\"@type\":\"EntryPoint\",\"urlTemplate\":\"https:\/\/www.cantech.com\/?s={search_term_string}\"},\"query-input\":{\"@type\":\"PropertyValueSpecification\",\"valueRequired\":true,\"valueName\":\"search_term_string\"}}],\"inLanguage\":\"fr-FR\"},{\"@type\":\"Organization\",\"@id\":\"https:\/\/www.cantech.com\/#organization\",\"name\":\"Cantech\",\"url\":\"https:\/\/www.cantech.com\/\",\"logo\":{\"@type\":\"ImageObject\",\"inLanguage\":\"fr-FR\",\"@id\":\"https:\/\/www.cantech.com\/#\/schema\/logo\/image\/\",\"url\":\"https:\/\/www.cantech.com\/wp-content\/uploads\/sites\/4\/2023\/06\/Cantech_Logo.png\",\"contentUrl\":\"https:\/\/www.cantech.com\/wp-content\/uploads\/sites\/4\/2023\/06\/Cantech_Logo.png\",\"width\":225,\"height\":83,\"caption\":\"Cantech\"},\"image\":{\"@id\":\"https:\/\/www.cantech.com\/#\/schema\/logo\/image\/\"},\"sameAs\":[\"https:\/\/www.facebook.com\/CantechTape\/\",\"https:\/\/x.com\/CantechTape\",\"https:\/\/www.instagram.com\/cantechtape\/\",\"https:\/\/www.youtube.com\/user\/CantechTape\"]}]}<\/script>\n<!-- \/ Yoast SEO Premium plugin. -->","yoast_head_json":{"title":"20200 - Cantech","robots":{"index":"index","follow":"follow","max-snippet":"max-snippet:-1","max-image-preview":"max-image-preview:large","max-video-preview":"max-video-preview:-1"},"canonical":"https:\/\/www.cantech.com\/fr\/product\/20200\/","og_locale":"fr_FR","og_type":"article","og_title":"20200","og_description":"Ce ruban est fabriqu\u00e9 d\u2019un film de polypropyl\u00e8ne sp\u00e9cialement trait\u00e9 pour r\u00e9sister aux ultra-violets et enduit d\u2019un adh\u00e9sif acrylique puissant. Le ruban 202 rencontre les normes UL &amp; CAN\/ULC s\u2019appliquant au syst\u00e8me de scellage pour les conduits et connecteurs flexibles de syst\u00e8me d\u2019a\u00e9ration et chauffage.    Couleurs SKU# 202314855 SKU# 2022148110 SKU# 2022172110 SKU# 2020148110 SKU# 2020172110 &nbsp;","og_url":"https:\/\/www.cantech.com\/fr\/product\/20200\/","og_site_name":"Cantech","article_publisher":"https:\/\/www.facebook.com\/CantechTape\/","article_modified_time":"2023-09-29T19:56:37+00:00","twitter_card":"summary_large_image","twitter_site":"@CantechTape","twitter_misc":{"Est. reading time":"1 minute"},"schema":{"@context":"https:\/\/schema.org","@graph":[{"@type":"WebPage","@id":"https:\/\/www.cantech.com\/fr\/product\/20200\/","url":"https:\/\/www.cantech.com\/fr\/product\/20200\/","name":"20200 - Cantech","isPartOf":{"@id":"https:\/\/www.cantech.com\/#website"},"primaryImageOfPage":{"@id":"https:\/\/www.cantech.com\/fr\/product\/20200\/#primaryimage"},"image":{"@id":"https:\/\/www.cantech.com\/fr\/product\/20200\/#primaryimage"},"thumbnailUrl":"https:\/\/www.cantech.com\/wp-content\/uploads\/sites\/4\/images\/20200_metalized.jpg","datePublished":"2023-04-24T16:15:16+00:00","dateModified":"2023-09-29T19:56:37+00:00","breadcrumb":{"@id":"https:\/\/www.cantech.com\/fr\/product\/20200\/#breadcrumb"},"inLanguage":"fr-FR","potentialAction":[{"@type":"ReadAction","target":["https:\/\/www.cantech.com\/fr\/product\/20200\/"]}]},{"@type":"ImageObject","inLanguage":"fr-FR","@id":"https:\/\/www.cantech.com\/fr\/product\/20200\/#primaryimage","url":"https:\/\/www.cantech.com\/wp-content\/uploads\/sites\/4\/images\/20200_metalized.jpg","contentUrl":"https:\/\/www.cantech.com\/wp-content\/uploads\/sites\/4\/images\/20200_metalized.jpg","width":2524,"height":2524},{"@type":"BreadcrumbList","@id":"https:\/\/www.cantech.com\/fr\/product\/20200\/#breadcrumb","itemListElement":[{"@type":"ListItem","position":1,"name":"Home","item":"https:\/\/www.cantech.com\/fr\/home\/"},{"@type":"ListItem","position":2,"name":"Products","item":"https:\/\/www.cantech.com\/products\/"},{"@type":"ListItem","position":3,"name":"20200"}]},{"@type":"WebSite","@id":"https:\/\/www.cantech.com\/#website","url":"https:\/\/www.cantech.com\/","name":"Cantech","description":"","publisher":{"@id":"https:\/\/www.cantech.com\/#organization"},"potentialAction":[{"@type":"SearchAction","target":{"@type":"EntryPoint","urlTemplate":"https:\/\/www.cantech.com\/?s={search_term_string}"},"query-input":{"@type":"PropertyValueSpecification","valueRequired":true,"valueName":"search_term_string"}}],"inLanguage":"fr-FR"},{"@type":"Organization","@id":"https:\/\/www.cantech.com\/#organization","name":"Cantech","url":"https:\/\/www.cantech.com\/","logo":{"@type":"ImageObject","inLanguage":"fr-FR","@id":"https:\/\/www.cantech.com\/#\/schema\/logo\/image\/","url":"https:\/\/www.cantech.com\/wp-content\/uploads\/sites\/4\/2023\/06\/Cantech_Logo.png","contentUrl":"https:\/\/www.cantech.com\/wp-content\/uploads\/sites\/4\/2023\/06\/Cantech_Logo.png","width":225,"height":83,"caption":"Cantech"},"image":{"@id":"https:\/\/www.cantech.com\/#\/schema\/logo\/image\/"},"sameAs":["https:\/\/www.facebook.com\/CantechTape\/","https:\/\/x.com\/CantechTape","https:\/\/www.instagram.com\/cantechtape\/","https:\/\/www.youtube.com\/user\/CantechTape"]}]}},"jetpack_sharing_enabled":true,"_links":{"self":[{"href":"https:\/\/www.cantech.com\/fr\/wp-json\/wp\/v2\/product\/424","targetHints":{"allow":["GET"]}}],"collection":[{"href":"https:\/\/www.cantech.com\/fr\/wp-json\/wp\/v2\/product"}],"about":[{"href":"https:\/\/www.cantech.com\/fr\/wp-json\/wp\/v2\/types\/product"}],"replies":[{"embeddable":true,"href":"https:\/\/www.cantech.com\/fr\/wp-json\/wp\/v2\/comments?post=424"}],"wp:featuredmedia":[{"embeddable":true,"href":"https:\/\/www.cantech.com\/fr\/wp-json\/wp\/v2\/media\/72"}],"wp:attachment":[{"href":"https:\/\/www.cantech.com\/fr\/wp-json\/wp\/v2\/media?parent=424"}],"wp:term":[{"taxonomy":"product_brand","embeddable":true,"href":"https:\/\/www.cantech.com\/fr\/wp-json\/wp\/v2\/product_brand?post=424"},{"taxonomy":"product_cat","embeddable":true,"href":"https:\/\/www.cantech.com\/fr\/wp-json\/wp\/v2\/product_cat?post=424"},{"taxonomy":"product_tag","embeddable":true,"href":"https:\/\/www.cantech.com\/fr\/wp-json\/wp\/v2\/product_tag?post=424"},{"taxonomy":"associated_application","embeddable":true,"href":"https:\/\/www.cantech.com\/fr\/wp-json\/wp\/v2\/associated_application?post=424"}],"curies":[{"name":"wp","href":"https:\/\/api.w.org\/{rel}","templated":true}]}}