{"id":418,"date":"2023-04-24T16:15:16","date_gmt":"2023-04-24T16:15:16","guid":{"rendered":"https:\/\/www.cantech.com\/product\/9021ca-fr\/"},"modified":"2023-09-29T19:57:09","modified_gmt":"2023-09-29T19:57:09","slug":"9021ca","status":"publish","type":"product","link":"https:\/\/www.cantech.com\/fr\/product\/9021ca\/","title":{"rendered":"9021CA"},"content":{"rendered":"<div class=\"prose\">\n<ul>\n<li>Bonne souplesse.<\/li>\n<li>Tr\u00e8s bonne adh\u00e9sion<\/li>\n<li>Bonne performance \u00e0 long terme<\/li>\n<li>Bonne r\u00e9sistance \u00e0 la temp\u00e9rature.<\/li>\n<li>R\u00e9fl\u00e9chit bien la lumi\u00e8re et la chaleur<\/li>\n<li>Bonne adh\u00e9rence sous application \u00e0 froid<\/li>\n<li>Adh\u00e9sif sp\u00e9cialement formul\u00e9 pour application \u00e0 froid<\/li>\n<li>Le ruban vient avec une doublure<\/li>\n<\/ul>\n<h3>Applications<\/h3>\n<ul>\n<li>Joindre et sceller les conduits<\/li>\n<li>Joindre et sceller l\u2019isolant des conduits<\/li>\n<li>Panneaux et nattes d\u2019isolants<\/li>\n<li>Scellage, rapi\u00e9\u00e7age et jointure de panneaux de conduits en fibre de verre et autres rev\u00eatements en aluminium<\/li>\n<li>Con\u00e7u pour application \u00e0 froid<\/li>\n<\/ul>\n<\/div>\n","protected":false},"excerpt":{"rendered":"<p>Ce ruban de papier d\u2019aluminium est con\u00e7u pour isoler les conduits. Il est tr\u00e8s mall\u00e9able et offre une tr\u00e8s bonne adh\u00e9rence \u00e0 long terme. Approuv\u00e9 UL 723. Le ruban vient avec une doublure.<\/p>\n<h3>Couleurs<\/h3>\n<p style=\"background: linear-gradient(to top left, #ffffff 19%, #c0c0c0 69%); width: 35%; font-weight: 600; padding: 3px; color: black; border: 1px solid black; border-radius: 5px; text-align: center; font-size: 14px;\">SKU# 9021CA4845<\/p>\n<p style=\"background: linear-gradient(to top left, #ffffff 19%, #c0c0c0 69%); width: 35%; font-weight: 600; padding: 3px; color: black; border: 1px solid black; margin-top: -10px;border-radius: 5px; text-align: center; font-size: 14px;\">SKU# 9021CA7245<\/p>\n<\/ul>\n","protected":false},"featured_media":877,"comment_status":"closed","ping_status":"closed","template":"","meta":{"_acf_changed":false},"product_brand":[],"product_cat":[83,63],"product_tag":[137],"associated_application":[],"class_list":{"0":"post-418","1":"product","2":"type-product","3":"status-publish","4":"has-post-thumbnail","6":"product_cat-construction-fr","7":"product_cat-aluminum-foil-tapes-fr","8":"product_tag-metalized-fr","10":"first","11":"instock","12":"product-type-simple"},"acf":[],"yoast_head":"<!-- This site is optimized with the Yoast SEO Premium plugin v24.1 (Yoast SEO v27.0) - https:\/\/yoast.com\/product\/yoast-seo-premium-wordpress\/ -->\n<title>9021CA - Cantech<\/title>\n<meta name=\"robots\" content=\"index, follow, max-snippet:-1, max-image-preview:large, max-video-preview:-1\" \/>\n<link rel=\"canonical\" href=\"https:\/\/www.cantech.com\/fr\/product\/9021ca\/\" \/>\n<meta property=\"og:locale\" content=\"fr_FR\" \/>\n<meta property=\"og:type\" content=\"article\" \/>\n<meta property=\"og:title\" content=\"9021CA\" \/>\n<meta property=\"og:description\" content=\"Ce ruban de papier d\u2019aluminium est con\u00e7u pour isoler les conduits. Il est tr\u00e8s mall\u00e9able et offre une tr\u00e8s bonne adh\u00e9rence \u00e0 long terme. Approuv\u00e9 UL 723. Le ruban vient avec une doublure.  Couleurs SKU# 9021CA4845 SKU# 9021CA7245\" \/>\n<meta property=\"og:url\" content=\"https:\/\/www.cantech.com\/fr\/product\/9021ca\/\" \/>\n<meta property=\"og:site_name\" content=\"Cantech\" \/>\n<meta property=\"article:publisher\" content=\"https:\/\/www.facebook.com\/CantechTape\/\" \/>\n<meta property=\"article:modified_time\" content=\"2023-09-29T19:57:09+00:00\" \/>\n<meta name=\"twitter:card\" content=\"summary_large_image\" \/>\n<meta name=\"twitter:image\" content=\"https:\/\/www.cantech.com\/wp-content\/uploads\/sites\/4\/images\/9021_high.jpg\" \/>\n<meta name=\"twitter:site\" content=\"@CantechTape\" \/>\n<meta name=\"twitter:label1\" content=\"Est. reading time\" \/>\n\t<meta name=\"twitter:data1\" content=\"1 minute\" \/>\n<script type=\"application\/ld+json\" class=\"yoast-schema-graph\">{\"@context\":\"https:\/\/schema.org\",\"@graph\":[{\"@type\":\"WebPage\",\"@id\":\"https:\/\/www.cantech.com\/fr\/product\/9021ca\/\",\"url\":\"https:\/\/www.cantech.com\/fr\/product\/9021ca\/\",\"name\":\"9021CA - Cantech\",\"isPartOf\":{\"@id\":\"https:\/\/www.cantech.com\/#website\"},\"primaryImageOfPage\":{\"@id\":\"https:\/\/www.cantech.com\/fr\/product\/9021ca\/#primaryimage\"},\"image\":{\"@id\":\"https:\/\/www.cantech.com\/fr\/product\/9021ca\/#primaryimage\"},\"thumbnailUrl\":\"https:\/\/www.cantech.com\/wp-content\/uploads\/sites\/4\/images\/9021_high.jpg\",\"datePublished\":\"2023-04-24T16:15:16+00:00\",\"dateModified\":\"2023-09-29T19:57:09+00:00\",\"breadcrumb\":{\"@id\":\"https:\/\/www.cantech.com\/fr\/product\/9021ca\/#breadcrumb\"},\"inLanguage\":\"fr-FR\",\"potentialAction\":[{\"@type\":\"ReadAction\",\"target\":[\"https:\/\/www.cantech.com\/fr\/product\/9021ca\/\"]}]},{\"@type\":\"ImageObject\",\"inLanguage\":\"fr-FR\",\"@id\":\"https:\/\/www.cantech.com\/fr\/product\/9021ca\/#primaryimage\",\"url\":\"https:\/\/www.cantech.com\/wp-content\/uploads\/sites\/4\/images\/9021_high.jpg\",\"contentUrl\":\"https:\/\/www.cantech.com\/wp-content\/uploads\/sites\/4\/images\/9021_high.jpg\",\"width\":2400,\"height\":2400,\"caption\":\"9021CA Aluminum Tape\"},{\"@type\":\"BreadcrumbList\",\"@id\":\"https:\/\/www.cantech.com\/fr\/product\/9021ca\/#breadcrumb\",\"itemListElement\":[{\"@type\":\"ListItem\",\"position\":1,\"name\":\"Home\",\"item\":\"https:\/\/www.cantech.com\/fr\/home\/\"},{\"@type\":\"ListItem\",\"position\":2,\"name\":\"Products\",\"item\":\"https:\/\/www.cantech.com\/products\/\"},{\"@type\":\"ListItem\",\"position\":3,\"name\":\"9021CA\"}]},{\"@type\":\"WebSite\",\"@id\":\"https:\/\/www.cantech.com\/#website\",\"url\":\"https:\/\/www.cantech.com\/\",\"name\":\"Cantech\",\"description\":\"\",\"publisher\":{\"@id\":\"https:\/\/www.cantech.com\/#organization\"},\"potentialAction\":[{\"@type\":\"SearchAction\",\"target\":{\"@type\":\"EntryPoint\",\"urlTemplate\":\"https:\/\/www.cantech.com\/?s={search_term_string}\"},\"query-input\":{\"@type\":\"PropertyValueSpecification\",\"valueRequired\":true,\"valueName\":\"search_term_string\"}}],\"inLanguage\":\"fr-FR\"},{\"@type\":\"Organization\",\"@id\":\"https:\/\/www.cantech.com\/#organization\",\"name\":\"Cantech\",\"url\":\"https:\/\/www.cantech.com\/\",\"logo\":{\"@type\":\"ImageObject\",\"inLanguage\":\"fr-FR\",\"@id\":\"https:\/\/www.cantech.com\/#\/schema\/logo\/image\/\",\"url\":\"https:\/\/www.cantech.com\/wp-content\/uploads\/sites\/4\/2023\/06\/Cantech_Logo.png\",\"contentUrl\":\"https:\/\/www.cantech.com\/wp-content\/uploads\/sites\/4\/2023\/06\/Cantech_Logo.png\",\"width\":225,\"height\":83,\"caption\":\"Cantech\"},\"image\":{\"@id\":\"https:\/\/www.cantech.com\/#\/schema\/logo\/image\/\"},\"sameAs\":[\"https:\/\/www.facebook.com\/CantechTape\/\",\"https:\/\/x.com\/CantechTape\",\"https:\/\/www.instagram.com\/cantechtape\/\",\"https:\/\/www.youtube.com\/user\/CantechTape\"]}]}<\/script>\n<!-- \/ Yoast SEO Premium plugin. -->","yoast_head_json":{"title":"9021CA - Cantech","robots":{"index":"index","follow":"follow","max-snippet":"max-snippet:-1","max-image-preview":"max-image-preview:large","max-video-preview":"max-video-preview:-1"},"canonical":"https:\/\/www.cantech.com\/fr\/product\/9021ca\/","og_locale":"fr_FR","og_type":"article","og_title":"9021CA","og_description":"Ce ruban de papier d\u2019aluminium est con\u00e7u pour isoler les conduits. Il est tr\u00e8s mall\u00e9able et offre une tr\u00e8s bonne adh\u00e9rence \u00e0 long terme. Approuv\u00e9 UL 723. Le ruban vient avec une doublure.  Couleurs SKU# 9021CA4845 SKU# 9021CA7245","og_url":"https:\/\/www.cantech.com\/fr\/product\/9021ca\/","og_site_name":"Cantech","article_publisher":"https:\/\/www.facebook.com\/CantechTape\/","article_modified_time":"2023-09-29T19:57:09+00:00","twitter_card":"summary_large_image","twitter_image":"https:\/\/www.cantech.com\/wp-content\/uploads\/sites\/4\/images\/9021_high.jpg","twitter_site":"@CantechTape","twitter_misc":{"Est. reading time":"1 minute"},"schema":{"@context":"https:\/\/schema.org","@graph":[{"@type":"WebPage","@id":"https:\/\/www.cantech.com\/fr\/product\/9021ca\/","url":"https:\/\/www.cantech.com\/fr\/product\/9021ca\/","name":"9021CA - Cantech","isPartOf":{"@id":"https:\/\/www.cantech.com\/#website"},"primaryImageOfPage":{"@id":"https:\/\/www.cantech.com\/fr\/product\/9021ca\/#primaryimage"},"image":{"@id":"https:\/\/www.cantech.com\/fr\/product\/9021ca\/#primaryimage"},"thumbnailUrl":"https:\/\/www.cantech.com\/wp-content\/uploads\/sites\/4\/images\/9021_high.jpg","datePublished":"2023-04-24T16:15:16+00:00","dateModified":"2023-09-29T19:57:09+00:00","breadcrumb":{"@id":"https:\/\/www.cantech.com\/fr\/product\/9021ca\/#breadcrumb"},"inLanguage":"fr-FR","potentialAction":[{"@type":"ReadAction","target":["https:\/\/www.cantech.com\/fr\/product\/9021ca\/"]}]},{"@type":"ImageObject","inLanguage":"fr-FR","@id":"https:\/\/www.cantech.com\/fr\/product\/9021ca\/#primaryimage","url":"https:\/\/www.cantech.com\/wp-content\/uploads\/sites\/4\/images\/9021_high.jpg","contentUrl":"https:\/\/www.cantech.com\/wp-content\/uploads\/sites\/4\/images\/9021_high.jpg","width":2400,"height":2400,"caption":"9021CA Aluminum Tape"},{"@type":"BreadcrumbList","@id":"https:\/\/www.cantech.com\/fr\/product\/9021ca\/#breadcrumb","itemListElement":[{"@type":"ListItem","position":1,"name":"Home","item":"https:\/\/www.cantech.com\/fr\/home\/"},{"@type":"ListItem","position":2,"name":"Products","item":"https:\/\/www.cantech.com\/products\/"},{"@type":"ListItem","position":3,"name":"9021CA"}]},{"@type":"WebSite","@id":"https:\/\/www.cantech.com\/#website","url":"https:\/\/www.cantech.com\/","name":"Cantech","description":"","publisher":{"@id":"https:\/\/www.cantech.com\/#organization"},"potentialAction":[{"@type":"SearchAction","target":{"@type":"EntryPoint","urlTemplate":"https:\/\/www.cantech.com\/?s={search_term_string}"},"query-input":{"@type":"PropertyValueSpecification","valueRequired":true,"valueName":"search_term_string"}}],"inLanguage":"fr-FR"},{"@type":"Organization","@id":"https:\/\/www.cantech.com\/#organization","name":"Cantech","url":"https:\/\/www.cantech.com\/","logo":{"@type":"ImageObject","inLanguage":"fr-FR","@id":"https:\/\/www.cantech.com\/#\/schema\/logo\/image\/","url":"https:\/\/www.cantech.com\/wp-content\/uploads\/sites\/4\/2023\/06\/Cantech_Logo.png","contentUrl":"https:\/\/www.cantech.com\/wp-content\/uploads\/sites\/4\/2023\/06\/Cantech_Logo.png","width":225,"height":83,"caption":"Cantech"},"image":{"@id":"https:\/\/www.cantech.com\/#\/schema\/logo\/image\/"},"sameAs":["https:\/\/www.facebook.com\/CantechTape\/","https:\/\/x.com\/CantechTape","https:\/\/www.instagram.com\/cantechtape\/","https:\/\/www.youtube.com\/user\/CantechTape"]}]}},"jetpack_sharing_enabled":true,"_links":{"self":[{"href":"https:\/\/www.cantech.com\/fr\/wp-json\/wp\/v2\/product\/418","targetHints":{"allow":["GET"]}}],"collection":[{"href":"https:\/\/www.cantech.com\/fr\/wp-json\/wp\/v2\/product"}],"about":[{"href":"https:\/\/www.cantech.com\/fr\/wp-json\/wp\/v2\/types\/product"}],"replies":[{"embeddable":true,"href":"https:\/\/www.cantech.com\/fr\/wp-json\/wp\/v2\/comments?post=418"}],"wp:featuredmedia":[{"embeddable":true,"href":"https:\/\/www.cantech.com\/fr\/wp-json\/wp\/v2\/media\/877"}],"wp:attachment":[{"href":"https:\/\/www.cantech.com\/fr\/wp-json\/wp\/v2\/media?parent=418"}],"wp:term":[{"taxonomy":"product_brand","embeddable":true,"href":"https:\/\/www.cantech.com\/fr\/wp-json\/wp\/v2\/product_brand?post=418"},{"taxonomy":"product_cat","embeddable":true,"href":"https:\/\/www.cantech.com\/fr\/wp-json\/wp\/v2\/product_cat?post=418"},{"taxonomy":"product_tag","embeddable":true,"href":"https:\/\/www.cantech.com\/fr\/wp-json\/wp\/v2\/product_tag?post=418"},{"taxonomy":"associated_application","embeddable":true,"href":"https:\/\/www.cantech.com\/fr\/wp-json\/wp\/v2\/associated_application?post=418"}],"curies":[{"name":"wp","href":"https:\/\/api.w.org\/{rel}","templated":true}]}}