{"id":412,"date":"2023-04-24T16:43:14","date_gmt":"2023-04-24T16:43:14","guid":{"rendered":"https:\/\/www.cantech.com\/product\/36800-fr\/"},"modified":"2024-07-26T19:52:00","modified_gmt":"2024-07-26T19:52:00","slug":"36800","status":"publish","type":"product","link":"https:\/\/www.cantech.com\/fr\/product\/36800\/","title":{"rendered":"36800"},"content":{"rendered":"<div class=\"prose\">\n<ul>\n<li>Hautement durable et fiable<\/li>\n<li>Endos en carbure de silicium 60 grains id\u00e9al pour les applications les plus rigoureuses \u00e0 l\u2019int\u00e9rieur et \u00e0 l\u2019ext\u00e9rieur<\/li>\n<li>Renforce la s\u00e9curit\u00e9 et r\u00e9duit les accidents dans plusieurs milieux, notamment dans les industries, les chantiers de construction et les milieux agricoles<\/li>\n<li>Sa doublure s\u2019enl\u00e8ve facilement<\/li>\n<li>Procure une adh\u00e9rence \u00e9lev\u00e9e sur les surfaces tr\u00e8s sollicit\u00e9es comme les planchers, marches, p\u00e9dales, et autres<\/li>\n<li>R\u00e9siste aux solvants comme l\u2019huile, le carburant diesel, la boue et les produits chimiques g\u00e9n\u00e9ralement pr\u00e9sents dans les milieux de fabrication<\/li>\n<li>R\u00e9pond aux normes Prop 65, ADA et OSHA, et est certifi\u00e9 par le NFSI<\/li>\n<\/ul>\n<h3>Applications<\/h3>\n<ul>\n<li>Utilisations \u00e0 l\u2019int\u00e9rieur et \u00e0 l\u2019ext\u00e9rieur (marches d\u2019escalier, planchers et p\u00e9dales)<\/li>\n<li>Sports<\/li>\n<li>Usines de fabrication<\/li>\n<li>S\u00e9curit\u00e9 des b\u00e2timents<\/li>\n<\/ul>\n<\/div>\n","protected":false},"excerpt":{"rendered":"<p>Le ruban anti-d\u00e9rapant 36800 de Cantech est un produit de qualit\u00e9 \u00e0 toute \u00e9preuve, con\u00e7u \u00e0 rendre antid\u00e9rapantes les surfaces int\u00e9rieures et ext\u00e9rieures tr\u00e8s sollicit\u00e9es, comme les planchers, marches, p\u00e9dales, etc. Ce ruban anti-d\u00e9rapant est constitu\u00e9 d\u2019un endos abrasif 60 grains en carbure de silicium procurant une protection longue dur\u00e9e contre les glissements, ce qui en fait un produit de s\u00e9curit\u00e9 essentiel pour une vari\u00e9t\u00e9 d\u2019environnements comme les chantiers de construction, les usines de fabrication, les milieux agricoles, les centres de conditionnement physique, entre autres. Il peut \u00eatre utilis\u00e9 pour renforcer la s\u00e9curit\u00e9 au travail, \u00e0 la maison et lors d\u2019activit\u00e9s r\u00e9cr\u00e9atives. Ce ruban est certifi\u00e9 par le NFSI comme procurant une adh\u00e9rence \u00e9lev\u00e9e, et il r\u00e9pond aux normes Prop 65, ADA et OSHA.<\/p>\n<h3>Couleurs<\/h3>\n<p style=\"background-color: black; width: 35%; font-weight: 600; padding: 3px; color: white; border: 1px solid black; border-radius: 5px; text-align: center; font-size: 14px;\">SKU# 368-25182518<\/p>\n<p style=\"background-color: black; width: 35%; font-weight: 600; padding: 3px; margin-top: -10px; color: white; border: 1px solid black; border-radius: 5px; text-align: center; font-size: 14px;\">SKU# 368-50185018<\/p>\n<p style=\"background-color: black; width: 35%; font-weight: 600; padding: 3px; margin-top: -10px; color: white; border: 1px solid black; border-radius: 5px; text-align: center; font-size: 14px;\">SKU# 36825256<\/p>\n<p style=\"background-color: black; width: 35%; font-weight: 600; padding: 3px; margin-top: -10px; color: white; border: 1px solid black; border-radius: 5px; text-align: center; font-size: 14px;\">SKU# 36850506<\/p>\n","protected":false},"featured_media":1099,"comment_status":"closed","ping_status":"closed","template":"","meta":{"_acf_changed":false},"product_brand":[],"product_cat":[67,54,72,108],"product_tag":[151],"associated_application":[],"class_list":{"0":"post-412","1":"product","2":"type-product","3":"status-publish","4":"has-post-thumbnail","6":"product_cat-retail-fr","7":"product_cat-industrial-fr","8":"product_cat-retail-construction-and-specialty-tapes-fr","9":"product_cat-industrial-specialty-tapes-fr","10":"product_tag-specialty-tape-fr","12":"first","13":"instock","14":"product-type-simple"},"acf":[],"yoast_head":"<!-- This site is optimized with the Yoast SEO Premium plugin v24.1 (Yoast SEO v27.3) - https:\/\/yoast.com\/product\/yoast-seo-premium-wordpress\/ -->\n<title>36800 - Tuck Brand<\/title>\n<meta name=\"robots\" content=\"index, follow, max-snippet:-1, max-image-preview:large, max-video-preview:-1\" \/>\n<link rel=\"canonical\" href=\"https:\/\/www.cantech.com\/fr\/product\/36800\/\" \/>\n<meta property=\"og:locale\" content=\"fr_FR\" \/>\n<meta property=\"og:type\" content=\"article\" \/>\n<meta property=\"og:title\" content=\"36800\" \/>\n<meta property=\"og:description\" content=\"Le ruban anti-d\u00e9rapant 36800 de Cantech est un produit de qualit\u00e9 \u00e0 toute \u00e9preuve, con\u00e7u \u00e0 rendre antid\u00e9rapantes les surfaces int\u00e9rieures et ext\u00e9rieures tr\u00e8s sollicit\u00e9es, comme les planchers, marches, p\u00e9dales, etc. Ce ruban anti-d\u00e9rapant est constitu\u00e9 d\u2019un endos abrasif 60 grains en carbure de silicium procurant une protection longue dur\u00e9e contre les glissements, ce qui en fait un produit de s\u00e9curit\u00e9 essentiel pour une vari\u00e9t\u00e9 d\u2019environnements comme les chantiers de construction, les usines de fabrication, les milieux agricoles, les centres de conditionnement physique, entre autres. Il peut \u00eatre utilis\u00e9 pour renforcer la s\u00e9curit\u00e9 au travail, \u00e0 la maison et lors d\u2019activit\u00e9s r\u00e9cr\u00e9atives. Ce ruban est certifi\u00e9 par le NFSI comme procurant une adh\u00e9rence \u00e9lev\u00e9e, et il r\u00e9pond aux normes Prop 65, ADA et OSHA. Couleurs SKU# 368-25182518 SKU# 368-50185018 SKU# 36825256 SKU# 36850506\" \/>\n<meta property=\"og:url\" content=\"https:\/\/www.cantech.com\/fr\/product\/36800\/\" \/>\n<meta property=\"og:site_name\" content=\"Tuck Brand\" \/>\n<meta property=\"article:publisher\" content=\"https:\/\/www.facebook.com\/CantechTape\/\" \/>\n<meta property=\"article:modified_time\" content=\"2024-07-26T19:52:00+00:00\" \/>\n<meta property=\"og:image\" content=\"https:\/\/www.cantech.com\/wp-content\/uploads\/sites\/4\/images\/36800_high.jpg\" \/>\n\t<meta property=\"og:image:width\" content=\"2400\" \/>\n\t<meta property=\"og:image:height\" content=\"2400\" \/>\n\t<meta property=\"og:image:type\" content=\"image\/jpeg\" \/>\n<meta name=\"twitter:card\" content=\"summary_large_image\" \/>\n<meta name=\"twitter:site\" content=\"@CantechTape\" \/>\n<meta name=\"twitter:label1\" content=\"Est. reading time\" \/>\n\t<meta name=\"twitter:data1\" content=\"1 minute\" \/>\n<script type=\"application\/ld+json\" class=\"yoast-schema-graph\">{\"@context\":\"https:\\\/\\\/schema.org\",\"@graph\":[{\"@type\":\"WebPage\",\"@id\":\"https:\\\/\\\/www.cantech.com\\\/fr\\\/product\\\/36800\\\/\",\"url\":\"https:\\\/\\\/www.cantech.com\\\/fr\\\/product\\\/36800\\\/\",\"name\":\"36800 - Tuck Brand\",\"isPartOf\":{\"@id\":\"https:\\\/\\\/www.cantech.com\\\/#website\"},\"primaryImageOfPage\":{\"@id\":\"https:\\\/\\\/www.cantech.com\\\/fr\\\/product\\\/36800\\\/#primaryimage\"},\"image\":{\"@id\":\"https:\\\/\\\/www.cantech.com\\\/fr\\\/product\\\/36800\\\/#primaryimage\"},\"thumbnailUrl\":\"https:\\\/\\\/www.cantech.com\\\/wp-content\\\/uploads\\\/sites\\\/4\\\/images\\\/36800_high.jpg\",\"datePublished\":\"2023-04-24T16:43:14+00:00\",\"dateModified\":\"2024-07-26T19:52:00+00:00\",\"breadcrumb\":{\"@id\":\"https:\\\/\\\/www.cantech.com\\\/fr\\\/product\\\/36800\\\/#breadcrumb\"},\"inLanguage\":\"fr-FR\",\"potentialAction\":[{\"@type\":\"ReadAction\",\"target\":[\"https:\\\/\\\/www.cantech.com\\\/fr\\\/product\\\/36800\\\/\"]}]},{\"@type\":\"ImageObject\",\"inLanguage\":\"fr-FR\",\"@id\":\"https:\\\/\\\/www.cantech.com\\\/fr\\\/product\\\/36800\\\/#primaryimage\",\"url\":\"https:\\\/\\\/www.cantech.com\\\/wp-content\\\/uploads\\\/sites\\\/4\\\/images\\\/36800_high.jpg\",\"contentUrl\":\"https:\\\/\\\/www.cantech.com\\\/wp-content\\\/uploads\\\/sites\\\/4\\\/images\\\/36800_high.jpg\",\"width\":2400,\"height\":2400,\"caption\":\"36800 Main Image\"},{\"@type\":\"BreadcrumbList\",\"@id\":\"https:\\\/\\\/www.cantech.com\\\/fr\\\/product\\\/36800\\\/#breadcrumb\",\"itemListElement\":[{\"@type\":\"ListItem\",\"position\":1,\"name\":\"Home\",\"item\":\"https:\\\/\\\/www.cantech.com\\\/fr\\\/home\\\/\"},{\"@type\":\"ListItem\",\"position\":2,\"name\":\"Products\",\"item\":\"https:\\\/\\\/www.cantech.com\\\/products\\\/\"},{\"@type\":\"ListItem\",\"position\":3,\"name\":\"36800\"}]},{\"@type\":\"WebSite\",\"@id\":\"https:\\\/\\\/www.cantech.com\\\/#website\",\"url\":\"https:\\\/\\\/www.cantech.com\\\/\",\"name\":\"Tuck Brand\",\"description\":\"\",\"publisher\":{\"@id\":\"https:\\\/\\\/www.cantech.com\\\/#organization\"},\"potentialAction\":[{\"@type\":\"SearchAction\",\"target\":{\"@type\":\"EntryPoint\",\"urlTemplate\":\"https:\\\/\\\/www.cantech.com\\\/?s={search_term_string}\"},\"query-input\":{\"@type\":\"PropertyValueSpecification\",\"valueRequired\":true,\"valueName\":\"search_term_string\"}}],\"inLanguage\":\"fr-FR\"},{\"@type\":\"Organization\",\"@id\":\"https:\\\/\\\/www.cantech.com\\\/#organization\",\"name\":\"Tuck Brand\",\"url\":\"https:\\\/\\\/www.cantech.com\\\/\",\"logo\":{\"@type\":\"ImageObject\",\"inLanguage\":\"fr-FR\",\"@id\":\"https:\\\/\\\/www.cantech.com\\\/#\\\/schema\\\/logo\\\/image\\\/\",\"url\":\"https:\\\/\\\/www.cantech.com\\\/wp-content\\\/uploads\\\/sites\\\/4\\\/2023\\\/06\\\/Cantech_Logo.png\",\"contentUrl\":\"https:\\\/\\\/www.cantech.com\\\/wp-content\\\/uploads\\\/sites\\\/4\\\/2023\\\/06\\\/Cantech_Logo.png\",\"width\":225,\"height\":83,\"caption\":\"Tuck Brand\"},\"image\":{\"@id\":\"https:\\\/\\\/www.cantech.com\\\/#\\\/schema\\\/logo\\\/image\\\/\"},\"sameAs\":[\"https:\\\/\\\/www.facebook.com\\\/CantechTape\\\/\",\"https:\\\/\\\/x.com\\\/CantechTape\",\"https:\\\/\\\/www.instagram.com\\\/cantechtape\\\/\",\"https:\\\/\\\/www.youtube.com\\\/user\\\/CantechTape\"]}]}<\/script>\n<!-- \/ Yoast SEO Premium plugin. -->","yoast_head_json":{"title":"36800 - Tuck Brand","robots":{"index":"index","follow":"follow","max-snippet":"max-snippet:-1","max-image-preview":"max-image-preview:large","max-video-preview":"max-video-preview:-1"},"canonical":"https:\/\/www.cantech.com\/fr\/product\/36800\/","og_locale":"fr_FR","og_type":"article","og_title":"36800","og_description":"Le ruban anti-d\u00e9rapant 36800 de Cantech est un produit de qualit\u00e9 \u00e0 toute \u00e9preuve, con\u00e7u \u00e0 rendre antid\u00e9rapantes les surfaces int\u00e9rieures et ext\u00e9rieures tr\u00e8s sollicit\u00e9es, comme les planchers, marches, p\u00e9dales, etc. Ce ruban anti-d\u00e9rapant est constitu\u00e9 d\u2019un endos abrasif 60 grains en carbure de silicium procurant une protection longue dur\u00e9e contre les glissements, ce qui en fait un produit de s\u00e9curit\u00e9 essentiel pour une vari\u00e9t\u00e9 d\u2019environnements comme les chantiers de construction, les usines de fabrication, les milieux agricoles, les centres de conditionnement physique, entre autres. Il peut \u00eatre utilis\u00e9 pour renforcer la s\u00e9curit\u00e9 au travail, \u00e0 la maison et lors d\u2019activit\u00e9s r\u00e9cr\u00e9atives. Ce ruban est certifi\u00e9 par le NFSI comme procurant une adh\u00e9rence \u00e9lev\u00e9e, et il r\u00e9pond aux normes Prop 65, ADA et OSHA. Couleurs SKU# 368-25182518 SKU# 368-50185018 SKU# 36825256 SKU# 36850506","og_url":"https:\/\/www.cantech.com\/fr\/product\/36800\/","og_site_name":"Tuck Brand","article_publisher":"https:\/\/www.facebook.com\/CantechTape\/","article_modified_time":"2024-07-26T19:52:00+00:00","og_image":[{"width":2400,"height":2400,"url":"https:\/\/www.cantech.com\/wp-content\/uploads\/sites\/4\/images\/36800_high.jpg","type":"image\/jpeg"}],"twitter_card":"summary_large_image","twitter_site":"@CantechTape","twitter_misc":{"Est. reading time":"1 minute"},"schema":{"@context":"https:\/\/schema.org","@graph":[{"@type":"WebPage","@id":"https:\/\/www.cantech.com\/fr\/product\/36800\/","url":"https:\/\/www.cantech.com\/fr\/product\/36800\/","name":"36800 - Tuck Brand","isPartOf":{"@id":"https:\/\/www.cantech.com\/#website"},"primaryImageOfPage":{"@id":"https:\/\/www.cantech.com\/fr\/product\/36800\/#primaryimage"},"image":{"@id":"https:\/\/www.cantech.com\/fr\/product\/36800\/#primaryimage"},"thumbnailUrl":"https:\/\/www.cantech.com\/wp-content\/uploads\/sites\/4\/images\/36800_high.jpg","datePublished":"2023-04-24T16:43:14+00:00","dateModified":"2024-07-26T19:52:00+00:00","breadcrumb":{"@id":"https:\/\/www.cantech.com\/fr\/product\/36800\/#breadcrumb"},"inLanguage":"fr-FR","potentialAction":[{"@type":"ReadAction","target":["https:\/\/www.cantech.com\/fr\/product\/36800\/"]}]},{"@type":"ImageObject","inLanguage":"fr-FR","@id":"https:\/\/www.cantech.com\/fr\/product\/36800\/#primaryimage","url":"https:\/\/www.cantech.com\/wp-content\/uploads\/sites\/4\/images\/36800_high.jpg","contentUrl":"https:\/\/www.cantech.com\/wp-content\/uploads\/sites\/4\/images\/36800_high.jpg","width":2400,"height":2400,"caption":"36800 Main Image"},{"@type":"BreadcrumbList","@id":"https:\/\/www.cantech.com\/fr\/product\/36800\/#breadcrumb","itemListElement":[{"@type":"ListItem","position":1,"name":"Home","item":"https:\/\/www.cantech.com\/fr\/home\/"},{"@type":"ListItem","position":2,"name":"Products","item":"https:\/\/www.cantech.com\/products\/"},{"@type":"ListItem","position":3,"name":"36800"}]},{"@type":"WebSite","@id":"https:\/\/www.cantech.com\/#website","url":"https:\/\/www.cantech.com\/","name":"Tuck Brand","description":"","publisher":{"@id":"https:\/\/www.cantech.com\/#organization"},"potentialAction":[{"@type":"SearchAction","target":{"@type":"EntryPoint","urlTemplate":"https:\/\/www.cantech.com\/?s={search_term_string}"},"query-input":{"@type":"PropertyValueSpecification","valueRequired":true,"valueName":"search_term_string"}}],"inLanguage":"fr-FR"},{"@type":"Organization","@id":"https:\/\/www.cantech.com\/#organization","name":"Tuck Brand","url":"https:\/\/www.cantech.com\/","logo":{"@type":"ImageObject","inLanguage":"fr-FR","@id":"https:\/\/www.cantech.com\/#\/schema\/logo\/image\/","url":"https:\/\/www.cantech.com\/wp-content\/uploads\/sites\/4\/2023\/06\/Cantech_Logo.png","contentUrl":"https:\/\/www.cantech.com\/wp-content\/uploads\/sites\/4\/2023\/06\/Cantech_Logo.png","width":225,"height":83,"caption":"Tuck Brand"},"image":{"@id":"https:\/\/www.cantech.com\/#\/schema\/logo\/image\/"},"sameAs":["https:\/\/www.facebook.com\/CantechTape\/","https:\/\/x.com\/CantechTape","https:\/\/www.instagram.com\/cantechtape\/","https:\/\/www.youtube.com\/user\/CantechTape"]}]}},"jetpack_sharing_enabled":true,"_links":{"self":[{"href":"https:\/\/www.cantech.com\/fr\/wp-json\/wp\/v2\/product\/412","targetHints":{"allow":["GET"]}}],"collection":[{"href":"https:\/\/www.cantech.com\/fr\/wp-json\/wp\/v2\/product"}],"about":[{"href":"https:\/\/www.cantech.com\/fr\/wp-json\/wp\/v2\/types\/product"}],"replies":[{"embeddable":true,"href":"https:\/\/www.cantech.com\/fr\/wp-json\/wp\/v2\/comments?post=412"}],"wp:featuredmedia":[{"embeddable":true,"href":"https:\/\/www.cantech.com\/fr\/wp-json\/wp\/v2\/media\/1099"}],"wp:attachment":[{"href":"https:\/\/www.cantech.com\/fr\/wp-json\/wp\/v2\/media?parent=412"}],"wp:term":[{"taxonomy":"product_brand","embeddable":true,"href":"https:\/\/www.cantech.com\/fr\/wp-json\/wp\/v2\/product_brand?post=412"},{"taxonomy":"product_cat","embeddable":true,"href":"https:\/\/www.cantech.com\/fr\/wp-json\/wp\/v2\/product_cat?post=412"},{"taxonomy":"product_tag","embeddable":true,"href":"https:\/\/www.cantech.com\/fr\/wp-json\/wp\/v2\/product_tag?post=412"},{"taxonomy":"associated_application","embeddable":true,"href":"https:\/\/www.cantech.com\/fr\/wp-json\/wp\/v2\/associated_application?post=412"}],"curies":[{"name":"wp","href":"https:\/\/api.w.org\/{rel}","templated":true}]}}