{"id":408,"date":"2023-04-24T16:43:03","date_gmt":"2023-04-24T16:43:03","guid":{"rendered":"https:\/\/www.cantech.com\/product\/144c-fr\/"},"modified":"2023-12-19T19:36:21","modified_gmt":"2023-12-19T19:36:21","slug":"144c","status":"publish","type":"product","link":"https:\/\/www.cantech.com\/fr\/product\/144c\/","title":{"rendered":"144C"},"content":{"rendered":"<div class=\"prose\">\n<ul>\n<li>Avec les st\u00e9rilisateurs vapeur \u00e0 \u00e9coulement par gravit\u00e9, le ruban peut \u00eatre utilis\u00e9 \u00e0 une temp\u00e9rature de 121 \u00b0C (+3\u02daC) durant 30 minutes, tandis qu\u2019avec les st\u00e9rilisateurs \u00e0 vapeur \u00e0 vide partiel, il peut \u00eatre utilis\u00e9 \u00e0 une temp\u00e9rature de 132 \u00b0C (+3\u02daC) durant 4minutes, ou de 135 \u00b0C (+3\u02daC) durant 3 minutes.<\/li>\n<li>Destin\u00e9 pour utilisation avec des emballages jetables. Une pression sur le ruban est requise lors de l&rsquo;application pour offrir un contact ad\u00e9quat avec la surface assurant ainsi que le ruban demeurera en place tout au long du processus de st\u00e9rilisation. Le ruban s&rsquo;enl\u00e8ve facilement apr\u00e8s l&rsquo;utilisation.<\/li>\n<li>Fait de papier cr\u00eape satur\u00e9, il est imprim\u00e9, utilisant de l&rsquo;encre sans-plomb, d&rsquo;un indicateur vert qui tournera au noir lorsque le processus de st\u00e9rilisation sera compl\u00e9t\u00e9. Il est enduit d&rsquo;un adh\u00e9sif, sans solvant, \u00e0 base d&rsquo;\u00e9lastom\u00e8re synth\u00e9tique<\/li>\n<li>Ce produit n&rsquo;est pas fabriqu\u00e9 avec du latex de caoutchouc naturel<\/li>\n<li>Le plomb n&rsquo;est pas utilis\u00e9 dans la fabrication de l&rsquo;encre des bandes indicatrices<\/li>\n<\/ul>\n<p><img decoding=\"async\" src=\"https:\/\/www.cantech.com\/wp-content\/uploads\/sites\/4\/2023\/03\/144c_indicatorbar.jpg?la=en\" alt=\"\" \/><\/div>\n","protected":false},"excerpt":{"rendered":"<div class=\"woocommerce-product-details__short-description\">\n<div class=\"prose\">\n<p>Le ruban indicateur de cycle de st\u00e9rilisation est con\u00e7u pour assurer l\u2019int\u00e9grit\u00e9 des paquets soumis \u00e0 la st\u00e9rilisation \u00e0 la vapeur. Le ruban sert \u00e0 identifier les objets ayant subi, ou non, un cycle de st\u00e9rilisation par autoclave \u00e0 \u00e9coulement de vapeur par gravit\u00e9 ou par autoclave vapeur \u00e0 vide partiel.<\/p>\n<\/div>\n<\/div>\n<h3>Couleur<\/h3>\n<p style=\"background: repeating-linear-gradient( 45deg, #F6F3E7, #F6F3E7 10px, #0EE3B8 10px, #0EE3B8 20px ); color: black; width: 35%; padding: 3px; border: 1px solid black; border-radius: 5px; text-align: center; font-size: 14px; font-weight: 600;\">SKU# 135C<\/p>\n","protected":false},"featured_media":1912,"comment_status":"closed","ping_status":"closed","template":"","meta":{"_acf_changed":false},"product_brand":[],"product_cat":[54,59],"product_tag":[136],"associated_application":[],"class_list":{"0":"post-408","1":"product","2":"type-product","3":"status-publish","4":"has-post-thumbnail","6":"product_cat-industrial-fr","7":"product_cat-indicator-tapes-fr","8":"product_tag-indicator-tape-fr","10":"first","11":"instock","12":"product-type-simple"},"acf":[],"yoast_head":"<!-- This site is optimized with the Yoast SEO Premium plugin v24.1 (Yoast SEO v27.3) - https:\/\/yoast.com\/product\/yoast-seo-premium-wordpress\/ -->\n<title>144C - Tuck Brand<\/title>\n<meta name=\"robots\" content=\"index, follow, max-snippet:-1, max-image-preview:large, max-video-preview:-1\" \/>\n<link rel=\"canonical\" href=\"https:\/\/www.cantech.com\/fr\/product\/144c\/\" \/>\n<meta property=\"og:locale\" content=\"fr_FR\" \/>\n<meta property=\"og:type\" content=\"article\" \/>\n<meta property=\"og:title\" content=\"144C\" \/>\n<meta property=\"og:description\" content=\"Le ruban indicateur de cycle de st\u00e9rilisation est con\u00e7u pour assurer l\u2019int\u00e9grit\u00e9 des paquets soumis \u00e0 la st\u00e9rilisation \u00e0 la vapeur. Le ruban sert \u00e0 identifier les objets ayant subi, ou non, un cycle de st\u00e9rilisation par autoclave \u00e0 \u00e9coulement de vapeur par gravit\u00e9 ou par autoclave vapeur \u00e0 vide partiel.    Couleur SKU# 135C\" \/>\n<meta property=\"og:url\" content=\"https:\/\/www.cantech.com\/fr\/product\/144c\/\" \/>\n<meta property=\"og:site_name\" content=\"Tuck Brand\" \/>\n<meta property=\"article:publisher\" content=\"https:\/\/www.facebook.com\/CantechTape\/\" \/>\n<meta property=\"article:modified_time\" content=\"2023-12-19T19:36:21+00:00\" \/>\n<meta property=\"og:image\" content=\"https:\/\/www.cantech.com\/wp-content\/uploads\/sites\/4\/2023\/04\/144C-Indicator-Tape_High.jpg\" \/>\n\t<meta property=\"og:image:width\" content=\"2400\" \/>\n\t<meta property=\"og:image:height\" content=\"2400\" \/>\n\t<meta property=\"og:image:type\" content=\"image\/jpeg\" \/>\n<meta name=\"twitter:card\" content=\"summary_large_image\" \/>\n<meta name=\"twitter:site\" content=\"@CantechTape\" \/>\n<meta name=\"twitter:label1\" content=\"Est. reading time\" \/>\n\t<meta name=\"twitter:data1\" content=\"1 minute\" \/>\n<script type=\"application\/ld+json\" class=\"yoast-schema-graph\">{\"@context\":\"https:\\\/\\\/schema.org\",\"@graph\":[{\"@type\":\"WebPage\",\"@id\":\"https:\\\/\\\/www.cantech.com\\\/fr\\\/product\\\/144c\\\/\",\"url\":\"https:\\\/\\\/www.cantech.com\\\/fr\\\/product\\\/144c\\\/\",\"name\":\"144C - Tuck Brand\",\"isPartOf\":{\"@id\":\"https:\\\/\\\/www.cantech.com\\\/#website\"},\"primaryImageOfPage\":{\"@id\":\"https:\\\/\\\/www.cantech.com\\\/fr\\\/product\\\/144c\\\/#primaryimage\"},\"image\":{\"@id\":\"https:\\\/\\\/www.cantech.com\\\/fr\\\/product\\\/144c\\\/#primaryimage\"},\"thumbnailUrl\":\"https:\\\/\\\/www.cantech.com\\\/wp-content\\\/uploads\\\/sites\\\/4\\\/images\\\/144C-Indicator-Tape_High.jpg\",\"datePublished\":\"2023-04-24T16:43:03+00:00\",\"dateModified\":\"2023-12-19T19:36:21+00:00\",\"breadcrumb\":{\"@id\":\"https:\\\/\\\/www.cantech.com\\\/fr\\\/product\\\/144c\\\/#breadcrumb\"},\"inLanguage\":\"fr-FR\",\"potentialAction\":[{\"@type\":\"ReadAction\",\"target\":[\"https:\\\/\\\/www.cantech.com\\\/fr\\\/product\\\/144c\\\/\"]}]},{\"@type\":\"ImageObject\",\"inLanguage\":\"fr-FR\",\"@id\":\"https:\\\/\\\/www.cantech.com\\\/fr\\\/product\\\/144c\\\/#primaryimage\",\"url\":\"https:\\\/\\\/www.cantech.com\\\/wp-content\\\/uploads\\\/sites\\\/4\\\/images\\\/144C-Indicator-Tape_High.jpg\",\"contentUrl\":\"https:\\\/\\\/www.cantech.com\\\/wp-content\\\/uploads\\\/sites\\\/4\\\/images\\\/144C-Indicator-Tape_High.jpg\",\"width\":2400,\"height\":2400,\"caption\":\"144C Indicator Tape\"},{\"@type\":\"BreadcrumbList\",\"@id\":\"https:\\\/\\\/www.cantech.com\\\/fr\\\/product\\\/144c\\\/#breadcrumb\",\"itemListElement\":[{\"@type\":\"ListItem\",\"position\":1,\"name\":\"Home\",\"item\":\"https:\\\/\\\/www.cantech.com\\\/fr\\\/home\\\/\"},{\"@type\":\"ListItem\",\"position\":2,\"name\":\"Products\",\"item\":\"https:\\\/\\\/www.cantech.com\\\/products\\\/\"},{\"@type\":\"ListItem\",\"position\":3,\"name\":\"144C\"}]},{\"@type\":\"WebSite\",\"@id\":\"https:\\\/\\\/www.cantech.com\\\/#website\",\"url\":\"https:\\\/\\\/www.cantech.com\\\/\",\"name\":\"Tuck Brand\",\"description\":\"\",\"publisher\":{\"@id\":\"https:\\\/\\\/www.cantech.com\\\/#organization\"},\"potentialAction\":[{\"@type\":\"SearchAction\",\"target\":{\"@type\":\"EntryPoint\",\"urlTemplate\":\"https:\\\/\\\/www.cantech.com\\\/?s={search_term_string}\"},\"query-input\":{\"@type\":\"PropertyValueSpecification\",\"valueRequired\":true,\"valueName\":\"search_term_string\"}}],\"inLanguage\":\"fr-FR\"},{\"@type\":\"Organization\",\"@id\":\"https:\\\/\\\/www.cantech.com\\\/#organization\",\"name\":\"Tuck Brand\",\"url\":\"https:\\\/\\\/www.cantech.com\\\/\",\"logo\":{\"@type\":\"ImageObject\",\"inLanguage\":\"fr-FR\",\"@id\":\"https:\\\/\\\/www.cantech.com\\\/#\\\/schema\\\/logo\\\/image\\\/\",\"url\":\"https:\\\/\\\/www.cantech.com\\\/wp-content\\\/uploads\\\/sites\\\/4\\\/2023\\\/06\\\/Cantech_Logo.png\",\"contentUrl\":\"https:\\\/\\\/www.cantech.com\\\/wp-content\\\/uploads\\\/sites\\\/4\\\/2023\\\/06\\\/Cantech_Logo.png\",\"width\":225,\"height\":83,\"caption\":\"Tuck Brand\"},\"image\":{\"@id\":\"https:\\\/\\\/www.cantech.com\\\/#\\\/schema\\\/logo\\\/image\\\/\"},\"sameAs\":[\"https:\\\/\\\/www.facebook.com\\\/CantechTape\\\/\",\"https:\\\/\\\/x.com\\\/CantechTape\",\"https:\\\/\\\/www.instagram.com\\\/cantechtape\\\/\",\"https:\\\/\\\/www.youtube.com\\\/user\\\/CantechTape\"]}]}<\/script>\n<!-- \/ Yoast SEO Premium plugin. -->","yoast_head_json":{"title":"144C - Tuck Brand","robots":{"index":"index","follow":"follow","max-snippet":"max-snippet:-1","max-image-preview":"max-image-preview:large","max-video-preview":"max-video-preview:-1"},"canonical":"https:\/\/www.cantech.com\/fr\/product\/144c\/","og_locale":"fr_FR","og_type":"article","og_title":"144C","og_description":"Le ruban indicateur de cycle de st\u00e9rilisation est con\u00e7u pour assurer l\u2019int\u00e9grit\u00e9 des paquets soumis \u00e0 la st\u00e9rilisation \u00e0 la vapeur. Le ruban sert \u00e0 identifier les objets ayant subi, ou non, un cycle de st\u00e9rilisation par autoclave \u00e0 \u00e9coulement de vapeur par gravit\u00e9 ou par autoclave vapeur \u00e0 vide partiel.    Couleur SKU# 135C","og_url":"https:\/\/www.cantech.com\/fr\/product\/144c\/","og_site_name":"Tuck Brand","article_publisher":"https:\/\/www.facebook.com\/CantechTape\/","article_modified_time":"2023-12-19T19:36:21+00:00","og_image":[{"width":2400,"height":2400,"url":"https:\/\/www.cantech.com\/wp-content\/uploads\/sites\/4\/2023\/04\/144C-Indicator-Tape_High.jpg","type":"image\/jpeg"}],"twitter_card":"summary_large_image","twitter_site":"@CantechTape","twitter_misc":{"Est. reading time":"1 minute"},"schema":{"@context":"https:\/\/schema.org","@graph":[{"@type":"WebPage","@id":"https:\/\/www.cantech.com\/fr\/product\/144c\/","url":"https:\/\/www.cantech.com\/fr\/product\/144c\/","name":"144C - Tuck Brand","isPartOf":{"@id":"https:\/\/www.cantech.com\/#website"},"primaryImageOfPage":{"@id":"https:\/\/www.cantech.com\/fr\/product\/144c\/#primaryimage"},"image":{"@id":"https:\/\/www.cantech.com\/fr\/product\/144c\/#primaryimage"},"thumbnailUrl":"https:\/\/www.cantech.com\/wp-content\/uploads\/sites\/4\/images\/144C-Indicator-Tape_High.jpg","datePublished":"2023-04-24T16:43:03+00:00","dateModified":"2023-12-19T19:36:21+00:00","breadcrumb":{"@id":"https:\/\/www.cantech.com\/fr\/product\/144c\/#breadcrumb"},"inLanguage":"fr-FR","potentialAction":[{"@type":"ReadAction","target":["https:\/\/www.cantech.com\/fr\/product\/144c\/"]}]},{"@type":"ImageObject","inLanguage":"fr-FR","@id":"https:\/\/www.cantech.com\/fr\/product\/144c\/#primaryimage","url":"https:\/\/www.cantech.com\/wp-content\/uploads\/sites\/4\/images\/144C-Indicator-Tape_High.jpg","contentUrl":"https:\/\/www.cantech.com\/wp-content\/uploads\/sites\/4\/images\/144C-Indicator-Tape_High.jpg","width":2400,"height":2400,"caption":"144C Indicator Tape"},{"@type":"BreadcrumbList","@id":"https:\/\/www.cantech.com\/fr\/product\/144c\/#breadcrumb","itemListElement":[{"@type":"ListItem","position":1,"name":"Home","item":"https:\/\/www.cantech.com\/fr\/home\/"},{"@type":"ListItem","position":2,"name":"Products","item":"https:\/\/www.cantech.com\/products\/"},{"@type":"ListItem","position":3,"name":"144C"}]},{"@type":"WebSite","@id":"https:\/\/www.cantech.com\/#website","url":"https:\/\/www.cantech.com\/","name":"Tuck Brand","description":"","publisher":{"@id":"https:\/\/www.cantech.com\/#organization"},"potentialAction":[{"@type":"SearchAction","target":{"@type":"EntryPoint","urlTemplate":"https:\/\/www.cantech.com\/?s={search_term_string}"},"query-input":{"@type":"PropertyValueSpecification","valueRequired":true,"valueName":"search_term_string"}}],"inLanguage":"fr-FR"},{"@type":"Organization","@id":"https:\/\/www.cantech.com\/#organization","name":"Tuck Brand","url":"https:\/\/www.cantech.com\/","logo":{"@type":"ImageObject","inLanguage":"fr-FR","@id":"https:\/\/www.cantech.com\/#\/schema\/logo\/image\/","url":"https:\/\/www.cantech.com\/wp-content\/uploads\/sites\/4\/2023\/06\/Cantech_Logo.png","contentUrl":"https:\/\/www.cantech.com\/wp-content\/uploads\/sites\/4\/2023\/06\/Cantech_Logo.png","width":225,"height":83,"caption":"Tuck Brand"},"image":{"@id":"https:\/\/www.cantech.com\/#\/schema\/logo\/image\/"},"sameAs":["https:\/\/www.facebook.com\/CantechTape\/","https:\/\/x.com\/CantechTape","https:\/\/www.instagram.com\/cantechtape\/","https:\/\/www.youtube.com\/user\/CantechTape"]}]}},"jetpack_sharing_enabled":true,"_links":{"self":[{"href":"https:\/\/www.cantech.com\/fr\/wp-json\/wp\/v2\/product\/408","targetHints":{"allow":["GET"]}}],"collection":[{"href":"https:\/\/www.cantech.com\/fr\/wp-json\/wp\/v2\/product"}],"about":[{"href":"https:\/\/www.cantech.com\/fr\/wp-json\/wp\/v2\/types\/product"}],"replies":[{"embeddable":true,"href":"https:\/\/www.cantech.com\/fr\/wp-json\/wp\/v2\/comments?post=408"}],"wp:featuredmedia":[{"embeddable":true,"href":"https:\/\/www.cantech.com\/fr\/wp-json\/wp\/v2\/media\/1912"}],"wp:attachment":[{"href":"https:\/\/www.cantech.com\/fr\/wp-json\/wp\/v2\/media?parent=408"}],"wp:term":[{"taxonomy":"product_brand","embeddable":true,"href":"https:\/\/www.cantech.com\/fr\/wp-json\/wp\/v2\/product_brand?post=408"},{"taxonomy":"product_cat","embeddable":true,"href":"https:\/\/www.cantech.com\/fr\/wp-json\/wp\/v2\/product_cat?post=408"},{"taxonomy":"product_tag","embeddable":true,"href":"https:\/\/www.cantech.com\/fr\/wp-json\/wp\/v2\/product_tag?post=408"},{"taxonomy":"associated_application","embeddable":true,"href":"https:\/\/www.cantech.com\/fr\/wp-json\/wp\/v2\/associated_application?post=408"}],"curies":[{"name":"wp","href":"https:\/\/api.w.org\/{rel}","templated":true}]}}