{"id":405,"date":"2023-04-24T16:43:03","date_gmt":"2023-04-24T16:43:03","guid":{"rendered":"https:\/\/www.cantech.com\/product\/33000-fr\/"},"modified":"2024-05-03T18:03:48","modified_gmt":"2024-05-03T18:03:48","slug":"33000","status":"publish","type":"product","link":"https:\/\/www.cantech.com\/fr\/product\/33000\/","title":{"rendered":"33000"},"content":{"rendered":"<div class=\"prose\">\n<ul>\n<li>Le PVC a une excellente \u00e9lasticit\u00e9<\/li>\n<li>Tr\u00e8s souple<\/li>\n<li>R\u00e9siste aux \u00e9carts de temp\u00e9rature<\/li>\n<li>R\u00e9siste \u00e0 l\u2019eau<\/li>\n<li>Approuv\u00e9 par l\u2019ACNOR et UL de -7\u00b0C \u00e0 80\u00b0C (19\u00b0F \u00e0 175\u00b0F).<\/li>\n<\/ul>\n<h3>Applications<\/h3>\n<ul>\n<li>Joint les fils des appareils \u00e9lectriques<\/li>\n<li>R\u00e9paration des bo\u00eetes de jonction<\/li>\n<li>Isolation des fils<\/li>\n<li>Utilis\u00e9 comme ruban-cache en \u00e9lectrolyse<\/li>\n<li>Toutes les \u00e9pissures \u00e9lectriques<\/li>\n<li>Enveloppe les c\u00e2bles de batteries<\/li>\n<li>Prot\u00e8ge contre les solvants et la corrosion<\/li>\n<\/ul>\n<\/div>\n","protected":false},"excerpt":{"rendered":"<p>Endos sp\u00e9cial de vinyle avec adh\u00e9sif non-corrosif. Excellente souplesse. Approuv\u00e9 par l\u2019ACNOR pour usage entre -7\u00b0C et 80\u00b0C.<\/p>\n<h3>Couleur<\/h3>\n<p style=\"background-color: black; width: 35%; font-weight: 600; padding: 3px; color: white; border: 1px solid black; border-radius: 5px; text-align: center; font-size: 14px;\">SKU# 330011820<\/p>\n<p style=\"background-color: #b11224; width: 35%; font-weight: 600; padding: 3px; margin-top: -10px; color: white; border: 1px solid black; border-radius: 5px; text-align: center; font-size: 14px;\">SKU# 330021820<\/p>\n<p style=\"background-color: #edcc49; width: 35%; font-weight: 600; padding: 3px; margin-top: -10px; color: black; border: 1px solid black; border-radius: 5px; text-align: center; font-size: 14px;\">SKU# 330051820<\/p>\n<p style=\"background-color: #386638; width: 35%; font-weight: 600; padding: 3px; margin-top: -10px; color: white; border: 1px solid black; border-radius: 5px; text-align: center; font-size: 14px;\">SKU# 330071820<\/p>\n<p style=\"background-color: #0759a2; width: 35%; font-weight: 600; padding: 3px; margin-top: -10px; color: white; border: 1px solid black; border-radius: 5px; text-align: center; font-size: 14px;\">SKU# 330081820<\/p>\n<p style=\"background-color: white; width: 35%; font-weight: 600; padding: 3px; margin-top: -10px; color: black; border: 1px solid black; border-radius: 5px; text-align: center; font-size: 14px;\">SKU# 330101820<\/p>\n","protected":false},"featured_media":224,"comment_status":"closed","ping_status":"closed","template":"","meta":{"_acf_changed":false},"product_brand":[],"product_cat":[67,54,77,58],"product_tag":[149,141],"associated_application":[],"class_list":{"0":"post-405","1":"product","2":"type-product","3":"status-publish","4":"has-post-thumbnail","6":"product_cat-retail-fr","7":"product_cat-industrial-fr","8":"product_cat-retail-electrical-tapes-fr","9":"product_cat-industrial-electrical-tapes-fr","10":"product_tag-industrial-fr","11":"product_tag-electrical-tape-fr","13":"first","14":"instock","15":"product-type-simple"},"acf":[],"yoast_head":"<!-- This site is optimized with the Yoast SEO Premium plugin v24.1 (Yoast SEO v27.0) - https:\/\/yoast.com\/product\/yoast-seo-premium-wordpress\/ -->\n<title>33000 - Cantech<\/title>\n<meta name=\"robots\" content=\"index, follow, max-snippet:-1, max-image-preview:large, max-video-preview:-1\" \/>\n<link rel=\"canonical\" href=\"https:\/\/www.cantech.com\/fr\/product\/33000\/\" \/>\n<meta property=\"og:locale\" content=\"fr_FR\" \/>\n<meta property=\"og:type\" content=\"article\" \/>\n<meta property=\"og:title\" content=\"33000\" \/>\n<meta property=\"og:description\" content=\"Endos sp\u00e9cial de vinyle avec adh\u00e9sif non-corrosif. Excellente souplesse. Approuv\u00e9 par l\u2019ACNOR pour usage entre -7\u00b0C et 80\u00b0C. Couleur SKU# 330011820 SKU# 330021820 SKU# 330051820 SKU# 330071820 SKU# 330081820 SKU# 330101820\" \/>\n<meta property=\"og:url\" content=\"https:\/\/www.cantech.com\/fr\/product\/33000\/\" \/>\n<meta property=\"og:site_name\" content=\"Cantech\" \/>\n<meta property=\"article:publisher\" content=\"https:\/\/www.facebook.com\/CantechTape\/\" \/>\n<meta property=\"article:modified_time\" content=\"2024-05-03T18:03:48+00:00\" \/>\n<meta name=\"twitter:card\" content=\"summary_large_image\" \/>\n<meta name=\"twitter:site\" content=\"@CantechTape\" \/>\n<meta name=\"twitter:label1\" content=\"Est. reading time\" \/>\n\t<meta name=\"twitter:data1\" content=\"1 minute\" \/>\n<script type=\"application\/ld+json\" class=\"yoast-schema-graph\">{\"@context\":\"https:\/\/schema.org\",\"@graph\":[{\"@type\":\"WebPage\",\"@id\":\"https:\/\/www.cantech.com\/fr\/product\/33000\/\",\"url\":\"https:\/\/www.cantech.com\/fr\/product\/33000\/\",\"name\":\"33000 - Cantech\",\"isPartOf\":{\"@id\":\"https:\/\/www.cantech.com\/#website\"},\"primaryImageOfPage\":{\"@id\":\"https:\/\/www.cantech.com\/fr\/product\/33000\/#primaryimage\"},\"image\":{\"@id\":\"https:\/\/www.cantech.com\/fr\/product\/33000\/#primaryimage\"},\"thumbnailUrl\":\"https:\/\/www.cantech.com\/wp-content\/uploads\/sites\/4\/2023\/03\/zlov9min4t2fwihvad0j.jpg\",\"datePublished\":\"2023-04-24T16:43:03+00:00\",\"dateModified\":\"2024-05-03T18:03:48+00:00\",\"breadcrumb\":{\"@id\":\"https:\/\/www.cantech.com\/fr\/product\/33000\/#breadcrumb\"},\"inLanguage\":\"fr-FR\",\"potentialAction\":[{\"@type\":\"ReadAction\",\"target\":[\"https:\/\/www.cantech.com\/fr\/product\/33000\/\"]}]},{\"@type\":\"ImageObject\",\"inLanguage\":\"fr-FR\",\"@id\":\"https:\/\/www.cantech.com\/fr\/product\/33000\/#primaryimage\",\"url\":\"https:\/\/www.cantech.com\/wp-content\/uploads\/sites\/4\/2023\/03\/zlov9min4t2fwihvad0j.jpg\",\"contentUrl\":\"https:\/\/www.cantech.com\/wp-content\/uploads\/sites\/4\/2023\/03\/zlov9min4t2fwihvad0j.jpg\",\"width\":2400,\"height\":2400},{\"@type\":\"BreadcrumbList\",\"@id\":\"https:\/\/www.cantech.com\/fr\/product\/33000\/#breadcrumb\",\"itemListElement\":[{\"@type\":\"ListItem\",\"position\":1,\"name\":\"Home\",\"item\":\"https:\/\/www.cantech.com\/fr\/home\/\"},{\"@type\":\"ListItem\",\"position\":2,\"name\":\"Products\",\"item\":\"https:\/\/www.cantech.com\/products\/\"},{\"@type\":\"ListItem\",\"position\":3,\"name\":\"33000\"}]},{\"@type\":\"WebSite\",\"@id\":\"https:\/\/www.cantech.com\/#website\",\"url\":\"https:\/\/www.cantech.com\/\",\"name\":\"Cantech\",\"description\":\"\",\"publisher\":{\"@id\":\"https:\/\/www.cantech.com\/#organization\"},\"potentialAction\":[{\"@type\":\"SearchAction\",\"target\":{\"@type\":\"EntryPoint\",\"urlTemplate\":\"https:\/\/www.cantech.com\/?s={search_term_string}\"},\"query-input\":{\"@type\":\"PropertyValueSpecification\",\"valueRequired\":true,\"valueName\":\"search_term_string\"}}],\"inLanguage\":\"fr-FR\"},{\"@type\":\"Organization\",\"@id\":\"https:\/\/www.cantech.com\/#organization\",\"name\":\"Cantech\",\"url\":\"https:\/\/www.cantech.com\/\",\"logo\":{\"@type\":\"ImageObject\",\"inLanguage\":\"fr-FR\",\"@id\":\"https:\/\/www.cantech.com\/#\/schema\/logo\/image\/\",\"url\":\"https:\/\/www.cantech.com\/wp-content\/uploads\/sites\/4\/2023\/06\/Cantech_Logo.png\",\"contentUrl\":\"https:\/\/www.cantech.com\/wp-content\/uploads\/sites\/4\/2023\/06\/Cantech_Logo.png\",\"width\":225,\"height\":83,\"caption\":\"Cantech\"},\"image\":{\"@id\":\"https:\/\/www.cantech.com\/#\/schema\/logo\/image\/\"},\"sameAs\":[\"https:\/\/www.facebook.com\/CantechTape\/\",\"https:\/\/x.com\/CantechTape\",\"https:\/\/www.instagram.com\/cantechtape\/\",\"https:\/\/www.youtube.com\/user\/CantechTape\"]}]}<\/script>\n<!-- \/ Yoast SEO Premium plugin. -->","yoast_head_json":{"title":"33000 - Cantech","robots":{"index":"index","follow":"follow","max-snippet":"max-snippet:-1","max-image-preview":"max-image-preview:large","max-video-preview":"max-video-preview:-1"},"canonical":"https:\/\/www.cantech.com\/fr\/product\/33000\/","og_locale":"fr_FR","og_type":"article","og_title":"33000","og_description":"Endos sp\u00e9cial de vinyle avec adh\u00e9sif non-corrosif. Excellente souplesse. Approuv\u00e9 par l\u2019ACNOR pour usage entre -7\u00b0C et 80\u00b0C. Couleur SKU# 330011820 SKU# 330021820 SKU# 330051820 SKU# 330071820 SKU# 330081820 SKU# 330101820","og_url":"https:\/\/www.cantech.com\/fr\/product\/33000\/","og_site_name":"Cantech","article_publisher":"https:\/\/www.facebook.com\/CantechTape\/","article_modified_time":"2024-05-03T18:03:48+00:00","twitter_card":"summary_large_image","twitter_site":"@CantechTape","twitter_misc":{"Est. reading time":"1 minute"},"schema":{"@context":"https:\/\/schema.org","@graph":[{"@type":"WebPage","@id":"https:\/\/www.cantech.com\/fr\/product\/33000\/","url":"https:\/\/www.cantech.com\/fr\/product\/33000\/","name":"33000 - Cantech","isPartOf":{"@id":"https:\/\/www.cantech.com\/#website"},"primaryImageOfPage":{"@id":"https:\/\/www.cantech.com\/fr\/product\/33000\/#primaryimage"},"image":{"@id":"https:\/\/www.cantech.com\/fr\/product\/33000\/#primaryimage"},"thumbnailUrl":"https:\/\/www.cantech.com\/wp-content\/uploads\/sites\/4\/2023\/03\/zlov9min4t2fwihvad0j.jpg","datePublished":"2023-04-24T16:43:03+00:00","dateModified":"2024-05-03T18:03:48+00:00","breadcrumb":{"@id":"https:\/\/www.cantech.com\/fr\/product\/33000\/#breadcrumb"},"inLanguage":"fr-FR","potentialAction":[{"@type":"ReadAction","target":["https:\/\/www.cantech.com\/fr\/product\/33000\/"]}]},{"@type":"ImageObject","inLanguage":"fr-FR","@id":"https:\/\/www.cantech.com\/fr\/product\/33000\/#primaryimage","url":"https:\/\/www.cantech.com\/wp-content\/uploads\/sites\/4\/2023\/03\/zlov9min4t2fwihvad0j.jpg","contentUrl":"https:\/\/www.cantech.com\/wp-content\/uploads\/sites\/4\/2023\/03\/zlov9min4t2fwihvad0j.jpg","width":2400,"height":2400},{"@type":"BreadcrumbList","@id":"https:\/\/www.cantech.com\/fr\/product\/33000\/#breadcrumb","itemListElement":[{"@type":"ListItem","position":1,"name":"Home","item":"https:\/\/www.cantech.com\/fr\/home\/"},{"@type":"ListItem","position":2,"name":"Products","item":"https:\/\/www.cantech.com\/products\/"},{"@type":"ListItem","position":3,"name":"33000"}]},{"@type":"WebSite","@id":"https:\/\/www.cantech.com\/#website","url":"https:\/\/www.cantech.com\/","name":"Cantech","description":"","publisher":{"@id":"https:\/\/www.cantech.com\/#organization"},"potentialAction":[{"@type":"SearchAction","target":{"@type":"EntryPoint","urlTemplate":"https:\/\/www.cantech.com\/?s={search_term_string}"},"query-input":{"@type":"PropertyValueSpecification","valueRequired":true,"valueName":"search_term_string"}}],"inLanguage":"fr-FR"},{"@type":"Organization","@id":"https:\/\/www.cantech.com\/#organization","name":"Cantech","url":"https:\/\/www.cantech.com\/","logo":{"@type":"ImageObject","inLanguage":"fr-FR","@id":"https:\/\/www.cantech.com\/#\/schema\/logo\/image\/","url":"https:\/\/www.cantech.com\/wp-content\/uploads\/sites\/4\/2023\/06\/Cantech_Logo.png","contentUrl":"https:\/\/www.cantech.com\/wp-content\/uploads\/sites\/4\/2023\/06\/Cantech_Logo.png","width":225,"height":83,"caption":"Cantech"},"image":{"@id":"https:\/\/www.cantech.com\/#\/schema\/logo\/image\/"},"sameAs":["https:\/\/www.facebook.com\/CantechTape\/","https:\/\/x.com\/CantechTape","https:\/\/www.instagram.com\/cantechtape\/","https:\/\/www.youtube.com\/user\/CantechTape"]}]}},"jetpack_sharing_enabled":true,"_links":{"self":[{"href":"https:\/\/www.cantech.com\/fr\/wp-json\/wp\/v2\/product\/405","targetHints":{"allow":["GET"]}}],"collection":[{"href":"https:\/\/www.cantech.com\/fr\/wp-json\/wp\/v2\/product"}],"about":[{"href":"https:\/\/www.cantech.com\/fr\/wp-json\/wp\/v2\/types\/product"}],"replies":[{"embeddable":true,"href":"https:\/\/www.cantech.com\/fr\/wp-json\/wp\/v2\/comments?post=405"}],"wp:featuredmedia":[{"embeddable":true,"href":"https:\/\/www.cantech.com\/fr\/wp-json\/wp\/v2\/media\/224"}],"wp:attachment":[{"href":"https:\/\/www.cantech.com\/fr\/wp-json\/wp\/v2\/media?parent=405"}],"wp:term":[{"taxonomy":"product_brand","embeddable":true,"href":"https:\/\/www.cantech.com\/fr\/wp-json\/wp\/v2\/product_brand?post=405"},{"taxonomy":"product_cat","embeddable":true,"href":"https:\/\/www.cantech.com\/fr\/wp-json\/wp\/v2\/product_cat?post=405"},{"taxonomy":"product_tag","embeddable":true,"href":"https:\/\/www.cantech.com\/fr\/wp-json\/wp\/v2\/product_tag?post=405"},{"taxonomy":"associated_application","embeddable":true,"href":"https:\/\/www.cantech.com\/fr\/wp-json\/wp\/v2\/associated_application?post=405"}],"curies":[{"name":"wp","href":"https:\/\/api.w.org\/{rel}","templated":true}]}}