{"id":496,"date":"2023-04-24T18:38:42","date_gmt":"2023-04-24T18:38:42","guid":{"rendered":"https:\/\/www.cantech.com\/retail-fr\/"},"modified":"2023-07-20T14:54:19","modified_gmt":"2023-07-20T14:54:19","slug":"retail","status":"publish","type":"page","link":"https:\/\/www.cantech.com\/fr\/retail\/","title":{"rendered":"D\u00e9tail"},"content":{"rendered":"\n<section class=\"itape-customizable-banner alignfull  \">\n\t<div class=\"itape-customizable-banner-wrapper \">\n\t\t<ul class=\"\">\n\n\t\t\t\t\t\t\t\t\t\t\t\t<div\n\t\t\t\t\t\tclass=\"customizable-banner-slide\"\n\t\t\t\t\t\tstyle=\"\n\t\t\t\t\t\t\t--itape-theme-color-1: #000000;\t\t\t\t\t\t\t--itape-theme-color-2: rgb(0,0,0);\t\t\t\t\t\t\tcolor: #ffffff\t\t\t\t\t\t\"\n\t\t\t\t\t>\n\t\t\t\t\t\t\n\t\t\t\t\t\t<div class=\"content\">\n\n\t\t\t\t\t\t\t<h3>\n\t\t\t\t\t\t\t\tD\u00e9tail\t\t\t\t\t\t\t<\/h3>\n\n\t\t\t\t\t\t\t\n\t\t\t\t\t\t\t\n\t\t\t\t\t\t<\/div>\n\t\t\t\t\t<\/div>\n\t\t\t\t\n\t\t\t\t\t<\/ul>\n\t<\/div>\n<\/section>\n\n\n\n\n\t<section class=\"itape-hero alignfull  \">\n\t\t<div class=\"itape-hero-wrapper \">\n\t\t\t<ul class=\"\">\n\t\t\t\t\t\t\t\t\t<li class=\"hero-slide splide__slide \">\n\n\t\t\t\t\t\t\t\t\t\t\t\t\t<div class=\"hero-slide-background-image\">\n\t\t\t\t\t\t\t<div class=\"hero-slide-background-image-wrapper\" style=\"\">\n\t\t\t\t\t\t\t\t\t<img decoding=\"async\" src=\"https:\/\/www.cantech.com\/wp-content\/uploads\/sites\/4\/images\/cantech_masking_tape.jpg?w=1500\" srcset=\"https:\/\/www.cantech.com\/wp-content\/uploads\/sites\/4\/images\/cantech_masking_tape.jpg 1525w, https:\/\/www.cantech.com\/wp-content\/uploads\/sites\/4\/images\/cantech_masking_tape.jpg?resize=300,119 300w, https:\/\/www.cantech.com\/wp-content\/uploads\/sites\/4\/images\/cantech_masking_tape.jpg?resize=768,305 768w, https:\/\/www.cantech.com\/wp-content\/uploads\/sites\/4\/images\/cantech_masking_tape.jpg?resize=1024,406 1024w, https:\/\/www.cantech.com\/wp-content\/uploads\/sites\/4\/images\/cantech_masking_tape.jpg?resize=600,238 600w\" \/>\n\t\t\t\t\t\t\t\t<\/div>\n\t\t\t\t\t\t\t<\/div>\n\t\t\t\t\t\t\n\t\t\t\t\t\t<div\n\t\t\t\t\t\t\tclass=\"hero-slide-overlay hero-slide-overlay-image\"\n\t\t\t\t\t\t\tstyle=\"\n\t\t\t\t\t\t\t--itape-theme-overlay-color:#444444;\n\t\t\t\t\t\t\t--itape-theme-overlay-image: url(https:\/\/www.cantech.com\/wp-content\/uploads\/sites\/4\/images\/Cantech-Grunge-Overlay-1.jpg);\n\t\t\t\t\t\t\"><\/div>\n\n\t\t\t\t\t\t<div class=\"hero-slide-content\" style=\"--itape-theme-text-color: #ffffff;\">\n\t\t\t\t\t\t\t<div class=\"hero-slide-content-left\">\n\t\t\t\t\t\t\t\t<h1 class=\"mb-4 text-3xl md:text-6xl font-heavy\">Vaste Gamme de Produits pour le March\u00e9 de D\u00e9tail<\/h1>\n\t\t\t\t\t\t\t\t\t\t\t\t\t\t\t\t\t<p class=\"text-lg\">Cantech propose aux magasins de grande surface, aux grossistes en quincaillerie, aux d\u00e9taillants de peinture, aux marchands de mat\u00e9riaux et aux grandes papeteries une gamme \u00e9tendue de rubans adh\u00e9sifs \u00e0 forte marge b\u00e9n\u00e9ficiaire. En constante \u00e9volution, cette ligne se voit constamment enrichie de nouveaux produits qui refl\u00e8tent l&#039;\u00e9volution du march\u00e9. Ces produits sont offerts en plusieurs formats : en emballage imprim\u00e9, sur carte, sur d\u00e9vidoir et en emballage multiple. Nous offrons \u00e9galement une gamme unique de pr\u00e9sentoirs modulaires et une s\u00e9rie de bo\u00eetes-pr\u00e9sentoirs en carton ondul\u00e9 avec impression de l&#039;information d\u00e9taill\u00e9e du produit.<\/p>\n\t\t\t\t\t\t\t\t\n\t\t\t\t\t\t\t\t\n\t\t\t\t\t\t\t\t\t\t\t\t\t\t\t<\/div>\n\t\t\t\t\t\t\t\t\t\t\t\t\t<\/div>\n\t\t\t\t\t<\/li>\n\n\t\t\t\t\t\t\t<\/ul>\n\t\t<\/div>\n\t<\/section>\n\n\n\n\n<div style=\"height:50px\" aria-hidden=\"true\" class=\"wp-block-spacer\"><\/div>\n\n\n\n<div class=\"wp-block-group is-layout-constrained wp-block-group-is-layout-constrained\"><span class=\"prose block px-4 mb-4 wp-core-block-heading\">\n<h2 class=\"wp-block-heading\" id=\"h-produits-pour-la-vente-au-detail\"><strong>Produits pour la vente au d\u00e9tail<\/strong><a href=\"https:\/\/www.cantech.com\/fr\/retail\/carded%20products\"><\/a><\/h2>\n<\/span>\n\n\n<div class=\"wp-block-columns is-layout-flex wp-container-core-columns-is-layout-9d6595d7 wp-block-columns-is-layout-flex\">\n<div class=\"wp-block-column is-layout-flow wp-block-column-is-layout-flow\">\n<figure class=\"wp-block-image\"><a href=\"https:\/\/www.cantech.com\/en\/retail\/carded products\"><img decoding=\"async\" src=\"https:\/\/www.cantech.com\/wp-content\/uploads\/sites\/4\/2023\/03\/73701_240px.jpg?h=240&amp;w=240&amp;hash=D923A61B373B81A66F5309794DD09848415898BE\" alt=\"\"\/><\/a><\/figure>\n\n\n<span class=\"prose block px-4 mb-4 wp-core-block-paragraph\">\n<p class=\"has-text-align-center\"><a href=\"https:\/\/www.cantech.com\/fr\/retail\/carded%20products\">Produits sur cartes<\/a><\/p>\n<\/span><\/div>\n\n\n\n<div class=\"wp-block-column is-layout-flow wp-block-column-is-layout-flow\">\n<figure class=\"wp-block-image\"><a href=\"https:\/\/www.cantech.com\/en\/retail\/carpet tapes\"><img decoding=\"async\" src=\"https:\/\/www.cantech.com\/wp-content\/uploads\/sites\/4\/2023\/03\/38710_240px.jpg?h=240&amp;w=240&amp;hash=C7CB988FD2C3B76159B20CD6D6F820393F237111\" alt=\"\"\/><\/a><\/figure>\n\n\n<span class=\"prose block px-4 mb-4 wp-core-block-paragraph\">\n<p class=\"has-text-align-center\"><a href=\"https:\/\/www.cantech.com\/fr\/retail\/\">Rubans \u00e0 tapis<\/a><a href=\"https:\/\/www.cantech.com\/fr\/retail\/duct%20tapes%20-%20cloth%20and%20poly%20coated\"><\/a><\/p>\n<\/span><\/div>\n\n\n\n<div class=\"wp-block-column is-layout-flow wp-block-column-is-layout-flow\">\n<figure class=\"wp-block-image\"><a href=\"https:\/\/www.cantech.com\/en\/retail\/duct tapes - cloth and poly coated\"><img decoding=\"async\" src=\"https:\/\/www.cantech.com\/wp-content\/uploads\/sites\/4\/2023\/03\/38025_240px.jpg?h=240&amp;w=240&amp;hash=BF1F77C27346B9A6E89540B80D1A2862B8BAC76A\" alt=\"\"\/><\/a><\/figure>\n\n\n<span class=\"prose block px-4 mb-4 wp-core-block-paragraph\">\n<p><a href=\"https:\/\/www.cantech.com\/fr\/products\/industrial-fr\/industriel-duct-tapes-cloth-and-poly-coated-fr\/\">Rubans de toile r\u00e9sistant \u00e0 l\u2019eau<\/a><a href=\"https:\/\/www.cantech.com\/fr\/retail\/construction%20and%20specialty%20tapes\"><\/a><\/p>\n<\/span><\/div>\n\n\n\n<div class=\"wp-block-column is-layout-flow wp-block-column-is-layout-flow\">\n<figure class=\"wp-block-image\"><a href=\"https:\/\/www.cantech.com\/en\/retail\/construction and specialty tapes\"><img decoding=\"async\" src=\"https:\/\/www.cantech.com\/wp-content\/uploads\/sites\/4\/2023\/03\/30450_240px.jpg?h=240&amp;w=240&amp;hash=7D0B9AA7B0A98D65C9F098357C51BE75761826DA\" alt=\"\"\/><\/a><\/figure>\n\n\n<span class=\"prose block px-4 mb-4 wp-core-block-paragraph\">\n<p class=\"has-text-align-center\"><a href=\"https:\/\/www.cantech.com\/fr\/products\/retail-fr\/retail-construction-and-specialty-tapes-fr\/\">Rubans de construction et Sp\u00e9cialit\u00e9s<\/a><a href=\"https:\/\/www.cantech.com\/fr\/retail\/electrical%20tapes\"><\/a><\/p>\n<\/span><\/div>\n<\/div>\n\n\n\n<div class=\"wp-block-columns is-layout-flex wp-container-core-columns-is-layout-9d6595d7 wp-block-columns-is-layout-flex\">\n<div class=\"wp-block-column is-layout-flow wp-block-column-is-layout-flow\">\n<figure class=\"wp-block-image\"><a href=\"https:\/\/www.cantech.com\/en\/retail\/electrical tapes\"><img decoding=\"async\" src=\"https:\/\/www.cantech.com\/wp-content\/uploads\/sites\/4\/images\/small389011820.jpg?h=240&amp;w=240&amp;hash=D4957851243CBD0A923953D931B5BEB82C9B899C\" alt=\"\"\/><\/a><\/figure>\n\n\n<span class=\"prose block px-4 mb-4 wp-core-block-paragraph\">\n<p class=\"has-text-align-center\"><a href=\"https:\/\/www.cantech.com\/fr\/products\/industrial-fr\/industrial-electrical-tapes-fr\/\">Rubans \u00e9lectriques<\/a><a href=\"https:\/\/www.cantech.com\/fr\/retail\/filament%20tapes\"><\/a><\/p>\n<\/span><\/div>\n\n\n\n<div class=\"wp-block-column is-layout-flow wp-block-column-is-layout-flow\">\n<figure class=\"wp-block-image\"><a href=\"https:\/\/www.cantech.com\/en\/retail\/filament tape\"><img decoding=\"async\" src=\"https:\/\/www.cantech.com\/wp-content\/uploads\/sites\/4\/2023\/03\/37924_240px.jpg?h=240&amp;w=240&amp;hash=C260A517F09D130F860C489A5464A3C2F5D7C944\" alt=\"\"\/><\/a><\/figure>\n\n\n<span class=\"prose block px-4 mb-4 wp-core-block-paragraph\">\n<p class=\"has-text-align-center\"><a href=\"https:\/\/www.cantech.com\/fr\/products\/retail-fr\/filament-tape-fr\/\">Rubans de filament<\/a><a href=\"https:\/\/www.cantech.com\/fr\/retail\/masking%20tapes\"><\/a><\/p>\n<\/span><\/div>\n\n\n\n<div class=\"wp-block-column is-layout-flow wp-block-column-is-layout-flow\">\n<figure class=\"wp-block-image\"><a href=\"https:\/\/www.cantech.com\/en\/retail\/masking tapes\"><img decoding=\"async\" src=\"https:\/\/www.cantech.com\/wp-content\/uploads\/sites\/4\/2023\/03\/30936_240px.jpg?h=240&amp;w=240&amp;hash=83B473B403CDE4297FD6B870F143F9AD6DECA58F\" alt=\"\"\/><\/a><\/figure>\n\n\n<span class=\"prose block px-4 mb-4 wp-core-block-paragraph\">\n<p class=\"has-text-align-center\"><a href=\"https:\/\/www.cantech.com\/fr\/products\/industrial-fr\/masking-tapes-fr\/\">Rubans \u00e0 masquer<\/a><a href=\"https:\/\/www.cantech.com\/fr\/retail\/retail%20merchandising%20displays\"><\/a><\/p>\n<\/span><\/div>\n\n\n\n<div class=\"wp-block-column is-layout-flow wp-block-column-is-layout-flow\">\n<figure class=\"wp-block-image\"><a href=\"https:\/\/www.cantech.com\/en\/retail\/retail merchandising displays\"><img decoding=\"async\" src=\"https:\/\/www.cantech.com\/wp-content\/uploads\/sites\/4\/2023\/03\/2314_240px.jpg?h=240&amp;w=240&amp;hash=FF8E0F0B00686D04E85452E0E90A16B9A3831479\" alt=\"\"\/><\/a><\/figure>\n\n\n<span class=\"prose block px-4 mb-4 wp-core-block-paragraph\">\n<p class=\"has-text-align-center\"><a href=\"https:\/\/www.cantech.com\/fr\/products\/retail-fr\/retail-merchandising-displays-fr\/\">Pr\u00e9sentoirs modulaires<\/a><a href=\"https:\/\/www.cantech.com\/fr\/retail\/packaging%20tapes\"><\/a><\/p>\n<\/span><\/div>\n<\/div>\n\n\n\n<div class=\"wp-block-columns is-layout-flex wp-container-core-columns-is-layout-9d6595d7 wp-block-columns-is-layout-flex\">\n<div class=\"wp-block-column is-layout-flow wp-block-column-is-layout-flow\">\n<figure class=\"wp-block-image\"><a href=\"https:\/\/www.cantech.com\/en\/retail\/packaging tapes\"><img decoding=\"async\" src=\"https:\/\/www.cantech.com\/wp-content\/uploads\/sites\/4\/2023\/03\/34300_240px.jpg?h=240&amp;w=240&amp;hash=1C79BF9C955CCBF7E0301AEC79DA1D986BAD5AD8\" alt=\"\"\/><\/a><\/figure>\n\n\n<span class=\"prose block px-4 mb-4 wp-core-block-paragraph\">\n<p class=\"has-text-align-center\"><a href=\"https:\/\/www.cantech.com\/fr\/products\/retail-fr\/packaging-tapes-fr\/\">Rubans d\u2019emballage<\/a><a href=\"https:\/\/www.cantech.com\/fr\/retail\/quarter%20pallets\"><\/a><\/p>\n<\/span><\/div>\n\n\n\n<div class=\"wp-block-column is-layout-flow wp-block-column-is-layout-flow\">\n<figure class=\"wp-block-image\"><a href=\"https:\/\/www.cantech.com\/en\/retail\/quarter pallets\"><img decoding=\"async\" src=\"https:\/\/www.cantech.com\/wp-content\/uploads\/sites\/4\/2023\/03\/43096454_240px.jpg?h=240&amp;w=240&amp;hash=0EE09161772E580CD314D340B814F7AF496BAD95\" alt=\"\"\/><\/a><\/figure>\n\n\n<span class=\"prose block px-4 mb-4 wp-core-block-paragraph\">\n<p class=\"has-text-align-center\"><a href=\"https:\/\/www.cantech.com\/fr\/products\/retail-fr\/quarter-pallets-fr\/\">Quarts de palette<\/a><\/p>\n<\/span><\/div>\n\n\n\n<div class=\"wp-block-column is-layout-flow wp-block-column-is-layout-flow\"><span class=\"prose block px-4 mb-4 wp-core-block-paragraph\">\n<p class=\"has-text-align-center\"><\/p>\n<\/span><\/div>\n\n\n\n<div class=\"wp-block-column is-layout-flow wp-block-column-is-layout-flow\"><span class=\"prose block px-4 mb-4 wp-core-block-paragraph\">\n<p><\/p>\n<\/span><\/div>\n<\/div>\n<\/div>\n","protected":false},"excerpt":{"rendered":"<p>Produits pour la vente au d\u00e9tail Produits sur cartes Rubans \u00e0 tapis Rubans de toile r\u00e9sistant \u00e0 l\u2019eau Rubans de construction et Sp\u00e9cialit\u00e9s Rubans \u00e9lectriques Rubans de filament Rubans \u00e0 masquer Pr\u00e9sentoirs modulaires Rubans d\u2019emballage Quarts de palette<\/p>\n","protected":false},"author":11,"featured_media":0,"parent":0,"menu_order":0,"comment_status":"open","ping_status":"open","template":"","meta":{"_acf_changed":false,"footnotes":""},"class_list":["post-496","page","type-page","status-publish","hentry"],"acf":[],"yoast_head":"<!-- This site is optimized with the Yoast SEO Premium plugin v24.1 (Yoast SEO v27.3) - https:\/\/yoast.com\/product\/yoast-seo-premium-wordpress\/ -->\n<title>D\u00e9tail - Tuck Brand<\/title>\n<meta name=\"robots\" content=\"index, follow, max-snippet:-1, max-image-preview:large, max-video-preview:-1\" \/>\n<link rel=\"canonical\" href=\"https:\/\/www.cantech.com\/fr\/retail\/\" \/>\n<meta property=\"og:locale\" content=\"fr_FR\" \/>\n<meta property=\"og:type\" content=\"article\" \/>\n<meta property=\"og:title\" content=\"D\u00e9tail\" \/>\n<meta property=\"og:description\" content=\"Produits pour la vente au d\u00e9tail Produits sur cartes Rubans \u00e0 tapis Rubans de toile r\u00e9sistant \u00e0 l\u2019eau Rubans de construction et Sp\u00e9cialit\u00e9s Rubans \u00e9lectriques Rubans de filament Rubans \u00e0 masquer Pr\u00e9sentoirs modulaires Rubans d\u2019emballage Quarts de palette\" \/>\n<meta property=\"og:url\" content=\"https:\/\/www.cantech.com\/fr\/retail\/\" \/>\n<meta property=\"og:site_name\" content=\"Tuck Brand\" \/>\n<meta property=\"article:publisher\" content=\"https:\/\/www.facebook.com\/CantechTape\/\" \/>\n<meta property=\"article:modified_time\" content=\"2023-07-20T14:54:19+00:00\" \/>\n<meta property=\"og:image\" content=\"https:\/\/www.cantech.com\/wp-content\/uploads\/sites\/4\/2023\/03\/73701_240px.jpg?h=240&amp;w=240&amp;hash=D923A61B373B81A66F5309794DD09848415898BE\" \/>\n<meta name=\"twitter:card\" content=\"summary_large_image\" \/>\n<meta name=\"twitter:site\" content=\"@CantechTape\" \/>\n<meta name=\"twitter:label1\" content=\"Est. reading time\" \/>\n\t<meta name=\"twitter:data1\" content=\"3 minutes\" \/>\n<script type=\"application\/ld+json\" class=\"yoast-schema-graph\">{\"@context\":\"https:\\\/\\\/schema.org\",\"@graph\":[{\"@type\":\"WebPage\",\"@id\":\"https:\\\/\\\/www.cantech.com\\\/fr\\\/retail\\\/\",\"url\":\"https:\\\/\\\/www.cantech.com\\\/fr\\\/retail\\\/\",\"name\":\"D\u00e9tail - Tuck Brand\",\"isPartOf\":{\"@id\":\"https:\\\/\\\/www.cantech.com\\\/#website\"},\"primaryImageOfPage\":{\"@id\":\"https:\\\/\\\/www.cantech.com\\\/fr\\\/retail\\\/#primaryimage\"},\"image\":{\"@id\":\"https:\\\/\\\/www.cantech.com\\\/fr\\\/retail\\\/#primaryimage\"},\"thumbnailUrl\":\"https:\\\/\\\/www.cantech.com\\\/wp-content\\\/uploads\\\/sites\\\/4\\\/2023\\\/03\\\/73701_240px.jpg?h=240&amp;w=240&amp;hash=D923A61B373B81A66F5309794DD09848415898BE\",\"datePublished\":\"2023-04-24T18:38:42+00:00\",\"dateModified\":\"2023-07-20T14:54:19+00:00\",\"breadcrumb\":{\"@id\":\"https:\\\/\\\/www.cantech.com\\\/fr\\\/retail\\\/#breadcrumb\"},\"inLanguage\":\"fr-FR\",\"potentialAction\":[{\"@type\":\"ReadAction\",\"target\":[\"https:\\\/\\\/www.cantech.com\\\/fr\\\/retail\\\/\"]}]},{\"@type\":\"ImageObject\",\"inLanguage\":\"fr-FR\",\"@id\":\"https:\\\/\\\/www.cantech.com\\\/fr\\\/retail\\\/#primaryimage\",\"url\":\"https:\\\/\\\/www.cantech.com\\\/wp-content\\\/uploads\\\/sites\\\/4\\\/2023\\\/03\\\/73701_240px.jpg?h=240&amp;w=240&amp;hash=D923A61B373B81A66F5309794DD09848415898BE\",\"contentUrl\":\"https:\\\/\\\/www.cantech.com\\\/wp-content\\\/uploads\\\/sites\\\/4\\\/2023\\\/03\\\/73701_240px.jpg?h=240&amp;w=240&amp;hash=D923A61B373B81A66F5309794DD09848415898BE\"},{\"@type\":\"BreadcrumbList\",\"@id\":\"https:\\\/\\\/www.cantech.com\\\/fr\\\/retail\\\/#breadcrumb\",\"itemListElement\":[{\"@type\":\"ListItem\",\"position\":1,\"name\":\"Home\",\"item\":\"https:\\\/\\\/www.cantech.com\\\/fr\\\/home\\\/\"},{\"@type\":\"ListItem\",\"position\":2,\"name\":\"D\u00e9tail\"}]},{\"@type\":\"WebSite\",\"@id\":\"https:\\\/\\\/www.cantech.com\\\/#website\",\"url\":\"https:\\\/\\\/www.cantech.com\\\/\",\"name\":\"Tuck Brand\",\"description\":\"\",\"publisher\":{\"@id\":\"https:\\\/\\\/www.cantech.com\\\/#organization\"},\"potentialAction\":[{\"@type\":\"SearchAction\",\"target\":{\"@type\":\"EntryPoint\",\"urlTemplate\":\"https:\\\/\\\/www.cantech.com\\\/?s={search_term_string}\"},\"query-input\":{\"@type\":\"PropertyValueSpecification\",\"valueRequired\":true,\"valueName\":\"search_term_string\"}}],\"inLanguage\":\"fr-FR\"},{\"@type\":\"Organization\",\"@id\":\"https:\\\/\\\/www.cantech.com\\\/#organization\",\"name\":\"Tuck Brand\",\"url\":\"https:\\\/\\\/www.cantech.com\\\/\",\"logo\":{\"@type\":\"ImageObject\",\"inLanguage\":\"fr-FR\",\"@id\":\"https:\\\/\\\/www.cantech.com\\\/#\\\/schema\\\/logo\\\/image\\\/\",\"url\":\"https:\\\/\\\/www.cantech.com\\\/wp-content\\\/uploads\\\/sites\\\/4\\\/2023\\\/06\\\/Cantech_Logo.png\",\"contentUrl\":\"https:\\\/\\\/www.cantech.com\\\/wp-content\\\/uploads\\\/sites\\\/4\\\/2023\\\/06\\\/Cantech_Logo.png\",\"width\":225,\"height\":83,\"caption\":\"Tuck Brand\"},\"image\":{\"@id\":\"https:\\\/\\\/www.cantech.com\\\/#\\\/schema\\\/logo\\\/image\\\/\"},\"sameAs\":[\"https:\\\/\\\/www.facebook.com\\\/CantechTape\\\/\",\"https:\\\/\\\/x.com\\\/CantechTape\",\"https:\\\/\\\/www.instagram.com\\\/cantechtape\\\/\",\"https:\\\/\\\/www.youtube.com\\\/user\\\/CantechTape\"]}]}<\/script>\n<!-- \/ Yoast SEO Premium plugin. -->","yoast_head_json":{"title":"D\u00e9tail - Tuck Brand","robots":{"index":"index","follow":"follow","max-snippet":"max-snippet:-1","max-image-preview":"max-image-preview:large","max-video-preview":"max-video-preview:-1"},"canonical":"https:\/\/www.cantech.com\/fr\/retail\/","og_locale":"fr_FR","og_type":"article","og_title":"D\u00e9tail","og_description":"Produits pour la vente au d\u00e9tail Produits sur cartes Rubans \u00e0 tapis Rubans de toile r\u00e9sistant \u00e0 l\u2019eau Rubans de construction et Sp\u00e9cialit\u00e9s Rubans \u00e9lectriques Rubans de filament Rubans \u00e0 masquer Pr\u00e9sentoirs modulaires Rubans d\u2019emballage Quarts de palette","og_url":"https:\/\/www.cantech.com\/fr\/retail\/","og_site_name":"Tuck Brand","article_publisher":"https:\/\/www.facebook.com\/CantechTape\/","article_modified_time":"2023-07-20T14:54:19+00:00","og_image":[{"url":"https:\/\/www.cantech.com\/wp-content\/uploads\/sites\/4\/2023\/03\/73701_240px.jpg?h=240&amp;w=240&amp;hash=D923A61B373B81A66F5309794DD09848415898BE","type":"","width":"","height":""}],"twitter_card":"summary_large_image","twitter_site":"@CantechTape","twitter_misc":{"Est. reading time":"3 minutes"},"schema":{"@context":"https:\/\/schema.org","@graph":[{"@type":"WebPage","@id":"https:\/\/www.cantech.com\/fr\/retail\/","url":"https:\/\/www.cantech.com\/fr\/retail\/","name":"D\u00e9tail - Tuck Brand","isPartOf":{"@id":"https:\/\/www.cantech.com\/#website"},"primaryImageOfPage":{"@id":"https:\/\/www.cantech.com\/fr\/retail\/#primaryimage"},"image":{"@id":"https:\/\/www.cantech.com\/fr\/retail\/#primaryimage"},"thumbnailUrl":"https:\/\/www.cantech.com\/wp-content\/uploads\/sites\/4\/2023\/03\/73701_240px.jpg?h=240&amp;w=240&amp;hash=D923A61B373B81A66F5309794DD09848415898BE","datePublished":"2023-04-24T18:38:42+00:00","dateModified":"2023-07-20T14:54:19+00:00","breadcrumb":{"@id":"https:\/\/www.cantech.com\/fr\/retail\/#breadcrumb"},"inLanguage":"fr-FR","potentialAction":[{"@type":"ReadAction","target":["https:\/\/www.cantech.com\/fr\/retail\/"]}]},{"@type":"ImageObject","inLanguage":"fr-FR","@id":"https:\/\/www.cantech.com\/fr\/retail\/#primaryimage","url":"https:\/\/www.cantech.com\/wp-content\/uploads\/sites\/4\/2023\/03\/73701_240px.jpg?h=240&amp;w=240&amp;hash=D923A61B373B81A66F5309794DD09848415898BE","contentUrl":"https:\/\/www.cantech.com\/wp-content\/uploads\/sites\/4\/2023\/03\/73701_240px.jpg?h=240&amp;w=240&amp;hash=D923A61B373B81A66F5309794DD09848415898BE"},{"@type":"BreadcrumbList","@id":"https:\/\/www.cantech.com\/fr\/retail\/#breadcrumb","itemListElement":[{"@type":"ListItem","position":1,"name":"Home","item":"https:\/\/www.cantech.com\/fr\/home\/"},{"@type":"ListItem","position":2,"name":"D\u00e9tail"}]},{"@type":"WebSite","@id":"https:\/\/www.cantech.com\/#website","url":"https:\/\/www.cantech.com\/","name":"Tuck Brand","description":"","publisher":{"@id":"https:\/\/www.cantech.com\/#organization"},"potentialAction":[{"@type":"SearchAction","target":{"@type":"EntryPoint","urlTemplate":"https:\/\/www.cantech.com\/?s={search_term_string}"},"query-input":{"@type":"PropertyValueSpecification","valueRequired":true,"valueName":"search_term_string"}}],"inLanguage":"fr-FR"},{"@type":"Organization","@id":"https:\/\/www.cantech.com\/#organization","name":"Tuck Brand","url":"https:\/\/www.cantech.com\/","logo":{"@type":"ImageObject","inLanguage":"fr-FR","@id":"https:\/\/www.cantech.com\/#\/schema\/logo\/image\/","url":"https:\/\/www.cantech.com\/wp-content\/uploads\/sites\/4\/2023\/06\/Cantech_Logo.png","contentUrl":"https:\/\/www.cantech.com\/wp-content\/uploads\/sites\/4\/2023\/06\/Cantech_Logo.png","width":225,"height":83,"caption":"Tuck Brand"},"image":{"@id":"https:\/\/www.cantech.com\/#\/schema\/logo\/image\/"},"sameAs":["https:\/\/www.facebook.com\/CantechTape\/","https:\/\/x.com\/CantechTape","https:\/\/www.instagram.com\/cantechtape\/","https:\/\/www.youtube.com\/user\/CantechTape"]}]}},"jetpack_sharing_enabled":true,"_links":{"self":[{"href":"https:\/\/www.cantech.com\/fr\/wp-json\/wp\/v2\/pages\/496","targetHints":{"allow":["GET"]}}],"collection":[{"href":"https:\/\/www.cantech.com\/fr\/wp-json\/wp\/v2\/pages"}],"about":[{"href":"https:\/\/www.cantech.com\/fr\/wp-json\/wp\/v2\/types\/page"}],"author":[{"embeddable":true,"href":"https:\/\/www.cantech.com\/fr\/wp-json\/wp\/v2\/users\/11"}],"replies":[{"embeddable":true,"href":"https:\/\/www.cantech.com\/fr\/wp-json\/wp\/v2\/comments?post=496"}],"version-history":[{"count":19,"href":"https:\/\/www.cantech.com\/fr\/wp-json\/wp\/v2\/pages\/496\/revisions"}],"predecessor-version":[{"id":1810,"href":"https:\/\/www.cantech.com\/fr\/wp-json\/wp\/v2\/pages\/496\/revisions\/1810"}],"wp:attachment":[{"href":"https:\/\/www.cantech.com\/fr\/wp-json\/wp\/v2\/media?parent=496"}],"curies":[{"name":"wp","href":"https:\/\/api.w.org\/{rel}","templated":true}]}}