{"id":495,"date":"2023-04-24T18:38:42","date_gmt":"2023-04-24T18:38:42","guid":{"rendered":"https:\/\/www.cantech.com\/industrial-fr\/"},"modified":"2023-07-20T14:56:41","modified_gmt":"2023-07-20T14:56:41","slug":"industrial-fr","status":"publish","type":"page","link":"https:\/\/www.cantech.com\/fr\/industrial-fr\/","title":{"rendered":"Industriel"},"content":{"rendered":"\n<section class=\"itape-customizable-banner alignfull  \">\n\t<div class=\"itape-customizable-banner-wrapper \">\n\t\t<ul class=\"\">\n\n\t\t\t\t\t\t\t\t\t\t\t\t<div\n\t\t\t\t\t\tclass=\"customizable-banner-slide\"\n\t\t\t\t\t\tstyle=\"\n\t\t\t\t\t\t\t--itape-theme-color-1: #000000;\t\t\t\t\t\t\t--itape-theme-color-2: rgb(0,0,0);\t\t\t\t\t\t\tcolor: #ffffff\t\t\t\t\t\t\"\n\t\t\t\t\t>\n\t\t\t\t\t\t\n\t\t\t\t\t\t<div class=\"content\">\n\n\t\t\t\t\t\t\t<h3>\n\t\t\t\t\t\t\t\tIndustriel\t\t\t\t\t\t\t<\/h3>\n\n\t\t\t\t\t\t\t\n\t\t\t\t\t\t\t\n\t\t\t\t\t\t<\/div>\n\t\t\t\t\t<\/div>\n\t\t\t\t\n\t\t\t\t\t<\/ul>\n\t<\/div>\n<\/section>\n\n\n\n\n\t<section class=\"itape-hero alignfull  \">\n\t\t<div class=\"itape-hero-wrapper \">\n\t\t\t<ul class=\"\">\n\t\t\t\t\t\t\t\t\t<li class=\"hero-slide splide__slide \">\n\n\t\t\t\t\t\t\t\t\t\t\t\t\t<div class=\"hero-slide-background-image\">\n\t\t\t\t\t\t\t<div class=\"hero-slide-background-image-wrapper\" style=\"\">\n\t\t\t\t\t\t\t\t\t<img decoding=\"async\" src=\"https:\/\/www.cantech.com\/wp-content\/uploads\/sites\/4\/images\/cloth_duct_header.jpg?w=1500\" srcset=\"\" \/>\n\t\t\t\t\t\t\t\t<\/div>\n\t\t\t\t\t\t\t<\/div>\n\t\t\t\t\t\t\n\t\t\t\t\t\t<div\n\t\t\t\t\t\t\tclass=\"hero-slide-overlay hero-slide-overlay-image\"\n\t\t\t\t\t\t\tstyle=\"\n\t\t\t\t\t\t\t--itape-theme-overlay-color:#444444;\n\t\t\t\t\t\t\t--itape-theme-overlay-image: url(https:\/\/www.cantech.com\/wp-content\/uploads\/sites\/4\/images\/Cantech-Grunge-Overlay-1.jpg);\n\t\t\t\t\t\t\"><\/div>\n\n\t\t\t\t\t\t<div class=\"hero-slide-content\" style=\"--itape-theme-text-color: #ffffff;\">\n\t\t\t\t\t\t\t<div class=\"hero-slide-content-left\">\n\t\t\t\t\t\t\t\t<h1 class=\"mb-4 text-3xl md:text-6xl font-heavy\">Con\u00e7us pour Usages Industriels<\/h1>\n\t\t\t\t\t\t\t\t\t\t\t\t\t\t\t\t\t<p class=\"text-lg\">Le premier produit \u00e0 \u00eatre fabriqu\u00e9 \u00e0 nos d\u00e9buts en 1950 \u00e9tait un ruban masque utilis\u00e9 en peinture par les FEO. Depuis, nous nous sommes engag\u00e9s \u00e0 fournir un vaste \u00e9ventail de produits de qualit\u00e9 desservant la plupart des secteurs du march\u00e9 industriel.<\/p>\n\t\t\t\t\t\t\t\t\n\t\t\t\t\t\t\t\t\n\t\t\t\t\t\t\t\t\t\t\t\t\t\t\t<\/div>\n\t\t\t\t\t\t\t\t\t\t\t\t\t<\/div>\n\t\t\t\t\t<\/li>\n\n\t\t\t\t\t\t\t<\/ul>\n\t\t<\/div>\n\t<\/section>\n\n\n\n\n<div style=\"height:50px\" aria-hidden=\"true\" class=\"wp-block-spacer\"><\/div>\n\n\n\n<div class=\"wp-block-group is-layout-constrained wp-block-group-is-layout-constrained\"><span class=\"prose block px-4 mb-4 wp-core-block-heading\">\n<h2 class=\"wp-block-heading\" id=\"h-ruban-d-industriel\"><strong><strong>Ruban D&rsquo;Industriel<\/strong><\/strong><\/h2>\n<\/span>\n\n\n<div class=\"wp-block-columns is-layout-flex wp-container-core-columns-is-layout-9d6595d7 wp-block-columns-is-layout-flex\">\n<div class=\"wp-block-column is-layout-flow wp-block-column-is-layout-flow\">\n<figure class=\"wp-block-image size-large\"><a href=\"https:\/\/www.cantech.com\/fr\/products\/industrial-fr\/carton-sealing-tapes-fr\/\"><img loading=\"lazy\" decoding=\"async\" height=\"1024\" width=\"1024\" src=\"https:\/\/www.cantech.com\/wp-content\/uploads\/sites\/4\/2024\/03\/23500_clear.jpg?w=1024\" alt=\"\" class=\"wp-image-150\"\/><\/a><\/figure>\n\n\n<span class=\"prose block px-4 mb-4 wp-core-block-paragraph\">\n<p class=\"has-text-align-center\"><a href=\"https:\/\/www.cantech.com\/fr\/products\/industrial-fr\/carton-sealing-tapes-fr\/\">Rubans pour sceller les cartons<\/a><\/p>\n<\/span><\/div>\n\n\n\n<div class=\"wp-block-column is-layout-flow wp-block-column-is-layout-flow\">\n<figure class=\"wp-block-image\"><a href=\"https:\/\/www.cantech.com\/fr\/products\/industrial-fr\/industriel-duct-tapes-cloth-and-poly-coated-fr\/\"><img decoding=\"async\" src=\"https:\/\/www.cantech.com\/wp-content\/uploads\/sites\/4\/2023\/03\/small94212455.jpg?h=240&amp;w=240&amp;hash=26EC9CB757B5821299FFBBB12652781B78323E67\" alt=\"\"\/><\/a><\/figure>\n\n\n<span class=\"prose block px-4 mb-4 wp-core-block-paragraph\">\n<p class=\"has-text-align-center\"><a href=\"https:\/\/www.cantech.com\/fr\/products\/industrial-fr\/industriel-duct-tapes-cloth-and-poly-coated-fr\/\">Rubans de toile stratifi\u00e9e<\/a><\/p>\n<\/span><\/div>\n\n\n\n<div class=\"wp-block-column is-layout-flow wp-block-column-is-layout-flow\">\n<figure class=\"wp-block-image\"><a href=\"https:\/\/www.cantech.com\/fr\/industrial\/double coated tapes\"><img decoding=\"async\" src=\"https:\/\/www.cantech.com\/wp-content\/uploads\/sites\/4\/2023\/03\/small41430_high.jpg?h=240&amp;w=240&amp;hash=48F58F9FBFE9FBC4E119621A978CCAF57EE95861\" alt=\"\"\/><\/a><\/figure>\n\n\n<span class=\"prose block px-4 mb-4 wp-core-block-paragraph\">\n<p class=\"has-text-align-center\"><a href=\"https:\/\/www.cantech.com\/fr\/products\/industrial-fr\/double-coated-tapes-fr\/\">Rubans double-face<\/a><\/p>\n<\/span><\/div>\n\n\n\n<div class=\"wp-block-column is-layout-flow wp-block-column-is-layout-flow\">\n<figure class=\"wp-block-image\"><a href=\"https:\/\/www.cantech.com\/fr\/industrial\/electrical tapes\"><img decoding=\"async\" src=\"https:\/\/www.cantech.com\/wp-content\/uploads\/sites\/4\/images\/small389011820.jpg?h=240&amp;w=240&amp;hash=D4957851243CBD0A923953D931B5BEB82C9B899C\" alt=\"\"\/><\/a><\/figure>\n\n\n<span class=\"prose block px-4 mb-4 wp-core-block-paragraph\">\n<p class=\"has-text-align-center\"><a href=\"https:\/\/www.cantech.com\/fr\/products\/industrial-fr\/industrial-electrical-tapes-fr\/\">Rubans \u00e9lectriques<\/a><\/p>\n<\/span><\/div>\n<\/div>\n\n\n\n<div class=\"wp-block-columns is-layout-flex wp-container-core-columns-is-layout-9d6595d7 wp-block-columns-is-layout-flex\">\n<div class=\"wp-block-column is-layout-flow wp-block-column-is-layout-flow\">\n<figure class=\"wp-block-image size-large\"><a href=\"https:\/\/www.cantech.com\/fr\/products\/industrial-fr\/indicator-tapes-fr\/\"><img loading=\"lazy\" decoding=\"async\" height=\"1024\" width=\"1024\" src=\"https:\/\/www.cantech.com\/wp-content\/uploads\/sites\/4\/images\/images\/143C_High-1.jpg?w=1024\" alt=\"143C _ High Res\" class=\"wp-image-1239\"\/><\/a><\/figure>\n\n\n<span class=\"prose block px-4 mb-4 wp-core-block-paragraph\">\n<p class=\"has-text-align-center\"><a href=\"https:\/\/www.cantech.com\/fr\/products\/industrial-fr\/indicator-tapes-fr\/\">Ruban indicateur<\/a><\/p>\n<\/span><\/div>\n\n\n\n<div class=\"wp-block-column is-layout-flow wp-block-column-is-layout-flow\">\n<figure class=\"wp-block-image size-large\"><a href=\"https:\/\/www.cantech.com\/fr\/products\/industrial-fr\/masking-tapes-fr\/\"><img loading=\"lazy\" decoding=\"async\" height=\"1024\" width=\"1024\" src=\"https:\/\/www.cantech.com\/wp-content\/uploads\/sites\/4\/images\/images\/10907_High-2.jpg?w=1024\" alt=\"10907 High res\" class=\"wp-image-1232\"\/><\/a><\/figure>\n\n\n<span class=\"prose block px-4 mb-4 wp-core-block-paragraph\">\n<p class=\"has-text-align-center\"><a href=\"https:\/\/www.cantech.com\/fr\/products\/industrial-fr\/masking-tapes-fr\/\">Rubans \u00e0 masquer<\/a><\/p>\n<\/span><\/div>\n\n\n\n<div class=\"wp-block-column is-layout-flow wp-block-column-is-layout-flow\">\n<figure class=\"wp-block-image size-large\"><img loading=\"lazy\" decoding=\"async\" height=\"1024\" width=\"1024\" src=\"https:\/\/www.cantech.com\/wp-content\/uploads\/sites\/4\/images\/images\/36850_high.jpg?w=1024\" alt=\"36850 Anti Slip Tape\" class=\"wp-image-1530\"\/><\/figure>\n\n\n<span class=\"prose block px-4 mb-4 wp-core-block-paragraph\">\n<p class=\"has-text-align-center\"><a href=\"https:\/\/www.cantech.com\/fr\/products\/industrial-fr\/industrial-specialty-tapes-fr\/\">Rubans de sp\u00e9cialit\u00e9<\/a><\/p>\n<\/span><\/div>\n\n\n\n<div class=\"wp-block-column is-layout-flow wp-block-column-is-layout-flow\"><span class=\"prose block px-4 mb-4 wp-core-block-paragraph\">\n<p class=\"has-text-align-center\"><\/p>\n<\/span><\/div>\n<\/div>\n<\/div>\n","protected":false},"excerpt":{"rendered":"<p>Ruban D&rsquo;Industriel Rubans pour sceller les cartons Rubans de toile stratifi\u00e9e Rubans double-face Rubans \u00e9lectriques Ruban indicateur Rubans \u00e0 masquer Rubans de sp\u00e9cialit\u00e9<\/p>\n","protected":false},"author":11,"featured_media":0,"parent":0,"menu_order":0,"comment_status":"open","ping_status":"open","template":"","meta":{"_acf_changed":false,"footnotes":""},"class_list":["post-495","page","type-page","status-publish","hentry"],"acf":[],"yoast_head":"<!-- This site is optimized with the Yoast SEO Premium plugin v24.1 (Yoast SEO v27.3) - https:\/\/yoast.com\/product\/yoast-seo-premium-wordpress\/ -->\n<title>Industriel - Tuck Brand<\/title>\n<meta name=\"robots\" content=\"index, follow, max-snippet:-1, max-image-preview:large, max-video-preview:-1\" \/>\n<link rel=\"canonical\" href=\"https:\/\/www.cantech.com\/fr\/industrial-fr\/\" \/>\n<meta property=\"og:locale\" content=\"fr_FR\" \/>\n<meta property=\"og:type\" content=\"article\" \/>\n<meta property=\"og:title\" content=\"Industriel\" \/>\n<meta property=\"og:description\" content=\"Ruban D&rsquo;Industriel Rubans pour sceller les cartons Rubans de toile stratifi\u00e9e Rubans double-face Rubans \u00e9lectriques Ruban indicateur Rubans \u00e0 masquer Rubans de sp\u00e9cialit\u00e9\" \/>\n<meta property=\"og:url\" content=\"https:\/\/www.cantech.com\/fr\/industrial-fr\/\" \/>\n<meta property=\"og:site_name\" content=\"Tuck Brand\" \/>\n<meta property=\"article:publisher\" content=\"https:\/\/www.facebook.com\/CantechTape\/\" \/>\n<meta property=\"article:modified_time\" content=\"2023-07-20T14:56:41+00:00\" \/>\n<meta property=\"og:image\" content=\"https:\/\/www.cantech.com\/wp-content\/uploads\/sites\/4\/2023\/03\/okhd7ehh7tpipjunirxs.jpg?w=1024\" \/>\n<meta name=\"twitter:card\" content=\"summary_large_image\" \/>\n<meta name=\"twitter:site\" content=\"@CantechTape\" \/>\n<meta name=\"twitter:label1\" content=\"Est. reading time\" \/>\n\t<meta name=\"twitter:data1\" content=\"2 minutes\" \/>\n<script type=\"application\/ld+json\" class=\"yoast-schema-graph\">{\"@context\":\"https:\\\/\\\/schema.org\",\"@graph\":[{\"@type\":\"WebPage\",\"@id\":\"https:\\\/\\\/www.cantech.com\\\/fr\\\/industrial-fr\\\/\",\"url\":\"https:\\\/\\\/www.cantech.com\\\/fr\\\/industrial-fr\\\/\",\"name\":\"Industriel - Tuck Brand\",\"isPartOf\":{\"@id\":\"https:\\\/\\\/www.cantech.com\\\/#website\"},\"primaryImageOfPage\":{\"@id\":\"https:\\\/\\\/www.cantech.com\\\/fr\\\/industrial-fr\\\/#primaryimage\"},\"image\":{\"@id\":\"https:\\\/\\\/www.cantech.com\\\/fr\\\/industrial-fr\\\/#primaryimage\"},\"thumbnailUrl\":\"https:\\\/\\\/www.cantech.com\\\/wp-content\\\/uploads\\\/sites\\\/4\\\/2024\\\/03\\\/23500_clear.jpg?w=1024\",\"datePublished\":\"2023-04-24T18:38:42+00:00\",\"dateModified\":\"2023-07-20T14:56:41+00:00\",\"breadcrumb\":{\"@id\":\"https:\\\/\\\/www.cantech.com\\\/fr\\\/industrial-fr\\\/#breadcrumb\"},\"inLanguage\":\"fr-FR\",\"potentialAction\":[{\"@type\":\"ReadAction\",\"target\":[\"https:\\\/\\\/www.cantech.com\\\/fr\\\/industrial-fr\\\/\"]}]},{\"@type\":\"ImageObject\",\"inLanguage\":\"fr-FR\",\"@id\":\"https:\\\/\\\/www.cantech.com\\\/fr\\\/industrial-fr\\\/#primaryimage\",\"url\":\"https:\\\/\\\/www.cantech.com\\\/wp-content\\\/uploads\\\/sites\\\/4\\\/2024\\\/03\\\/23500_clear.jpg?w=1024\",\"contentUrl\":\"https:\\\/\\\/www.cantech.com\\\/wp-content\\\/uploads\\\/sites\\\/4\\\/2024\\\/03\\\/23500_clear.jpg?w=1024\"},{\"@type\":\"BreadcrumbList\",\"@id\":\"https:\\\/\\\/www.cantech.com\\\/fr\\\/industrial-fr\\\/#breadcrumb\",\"itemListElement\":[{\"@type\":\"ListItem\",\"position\":1,\"name\":\"Home\",\"item\":\"https:\\\/\\\/www.cantech.com\\\/fr\\\/home\\\/\"},{\"@type\":\"ListItem\",\"position\":2,\"name\":\"Industriel\"}]},{\"@type\":\"WebSite\",\"@id\":\"https:\\\/\\\/www.cantech.com\\\/#website\",\"url\":\"https:\\\/\\\/www.cantech.com\\\/\",\"name\":\"Tuck Brand\",\"description\":\"\",\"publisher\":{\"@id\":\"https:\\\/\\\/www.cantech.com\\\/#organization\"},\"potentialAction\":[{\"@type\":\"SearchAction\",\"target\":{\"@type\":\"EntryPoint\",\"urlTemplate\":\"https:\\\/\\\/www.cantech.com\\\/?s={search_term_string}\"},\"query-input\":{\"@type\":\"PropertyValueSpecification\",\"valueRequired\":true,\"valueName\":\"search_term_string\"}}],\"inLanguage\":\"fr-FR\"},{\"@type\":\"Organization\",\"@id\":\"https:\\\/\\\/www.cantech.com\\\/#organization\",\"name\":\"Tuck Brand\",\"url\":\"https:\\\/\\\/www.cantech.com\\\/\",\"logo\":{\"@type\":\"ImageObject\",\"inLanguage\":\"fr-FR\",\"@id\":\"https:\\\/\\\/www.cantech.com\\\/#\\\/schema\\\/logo\\\/image\\\/\",\"url\":\"https:\\\/\\\/www.cantech.com\\\/wp-content\\\/uploads\\\/sites\\\/4\\\/2023\\\/06\\\/Cantech_Logo.png\",\"contentUrl\":\"https:\\\/\\\/www.cantech.com\\\/wp-content\\\/uploads\\\/sites\\\/4\\\/2023\\\/06\\\/Cantech_Logo.png\",\"width\":225,\"height\":83,\"caption\":\"Tuck Brand\"},\"image\":{\"@id\":\"https:\\\/\\\/www.cantech.com\\\/#\\\/schema\\\/logo\\\/image\\\/\"},\"sameAs\":[\"https:\\\/\\\/www.facebook.com\\\/CantechTape\\\/\",\"https:\\\/\\\/x.com\\\/CantechTape\",\"https:\\\/\\\/www.instagram.com\\\/cantechtape\\\/\",\"https:\\\/\\\/www.youtube.com\\\/user\\\/CantechTape\"]}]}<\/script>\n<!-- \/ Yoast SEO Premium plugin. -->","yoast_head_json":{"title":"Industriel - Tuck Brand","robots":{"index":"index","follow":"follow","max-snippet":"max-snippet:-1","max-image-preview":"max-image-preview:large","max-video-preview":"max-video-preview:-1"},"canonical":"https:\/\/www.cantech.com\/fr\/industrial-fr\/","og_locale":"fr_FR","og_type":"article","og_title":"Industriel","og_description":"Ruban D&rsquo;Industriel Rubans pour sceller les cartons Rubans de toile stratifi\u00e9e Rubans double-face Rubans \u00e9lectriques Ruban indicateur Rubans \u00e0 masquer Rubans de sp\u00e9cialit\u00e9","og_url":"https:\/\/www.cantech.com\/fr\/industrial-fr\/","og_site_name":"Tuck Brand","article_publisher":"https:\/\/www.facebook.com\/CantechTape\/","article_modified_time":"2023-07-20T14:56:41+00:00","og_image":[{"url":"https:\/\/www.cantech.com\/wp-content\/uploads\/sites\/4\/2023\/03\/okhd7ehh7tpipjunirxs.jpg?w=1024","type":"","width":"","height":""}],"twitter_card":"summary_large_image","twitter_site":"@CantechTape","twitter_misc":{"Est. reading time":"2 minutes"},"schema":{"@context":"https:\/\/schema.org","@graph":[{"@type":"WebPage","@id":"https:\/\/www.cantech.com\/fr\/industrial-fr\/","url":"https:\/\/www.cantech.com\/fr\/industrial-fr\/","name":"Industriel - Tuck Brand","isPartOf":{"@id":"https:\/\/www.cantech.com\/#website"},"primaryImageOfPage":{"@id":"https:\/\/www.cantech.com\/fr\/industrial-fr\/#primaryimage"},"image":{"@id":"https:\/\/www.cantech.com\/fr\/industrial-fr\/#primaryimage"},"thumbnailUrl":"https:\/\/www.cantech.com\/wp-content\/uploads\/sites\/4\/2024\/03\/23500_clear.jpg?w=1024","datePublished":"2023-04-24T18:38:42+00:00","dateModified":"2023-07-20T14:56:41+00:00","breadcrumb":{"@id":"https:\/\/www.cantech.com\/fr\/industrial-fr\/#breadcrumb"},"inLanguage":"fr-FR","potentialAction":[{"@type":"ReadAction","target":["https:\/\/www.cantech.com\/fr\/industrial-fr\/"]}]},{"@type":"ImageObject","inLanguage":"fr-FR","@id":"https:\/\/www.cantech.com\/fr\/industrial-fr\/#primaryimage","url":"https:\/\/www.cantech.com\/wp-content\/uploads\/sites\/4\/2024\/03\/23500_clear.jpg?w=1024","contentUrl":"https:\/\/www.cantech.com\/wp-content\/uploads\/sites\/4\/2024\/03\/23500_clear.jpg?w=1024"},{"@type":"BreadcrumbList","@id":"https:\/\/www.cantech.com\/fr\/industrial-fr\/#breadcrumb","itemListElement":[{"@type":"ListItem","position":1,"name":"Home","item":"https:\/\/www.cantech.com\/fr\/home\/"},{"@type":"ListItem","position":2,"name":"Industriel"}]},{"@type":"WebSite","@id":"https:\/\/www.cantech.com\/#website","url":"https:\/\/www.cantech.com\/","name":"Tuck Brand","description":"","publisher":{"@id":"https:\/\/www.cantech.com\/#organization"},"potentialAction":[{"@type":"SearchAction","target":{"@type":"EntryPoint","urlTemplate":"https:\/\/www.cantech.com\/?s={search_term_string}"},"query-input":{"@type":"PropertyValueSpecification","valueRequired":true,"valueName":"search_term_string"}}],"inLanguage":"fr-FR"},{"@type":"Organization","@id":"https:\/\/www.cantech.com\/#organization","name":"Tuck Brand","url":"https:\/\/www.cantech.com\/","logo":{"@type":"ImageObject","inLanguage":"fr-FR","@id":"https:\/\/www.cantech.com\/#\/schema\/logo\/image\/","url":"https:\/\/www.cantech.com\/wp-content\/uploads\/sites\/4\/2023\/06\/Cantech_Logo.png","contentUrl":"https:\/\/www.cantech.com\/wp-content\/uploads\/sites\/4\/2023\/06\/Cantech_Logo.png","width":225,"height":83,"caption":"Tuck Brand"},"image":{"@id":"https:\/\/www.cantech.com\/#\/schema\/logo\/image\/"},"sameAs":["https:\/\/www.facebook.com\/CantechTape\/","https:\/\/x.com\/CantechTape","https:\/\/www.instagram.com\/cantechtape\/","https:\/\/www.youtube.com\/user\/CantechTape"]}]}},"jetpack_sharing_enabled":true,"_links":{"self":[{"href":"https:\/\/www.cantech.com\/fr\/wp-json\/wp\/v2\/pages\/495","targetHints":{"allow":["GET"]}}],"collection":[{"href":"https:\/\/www.cantech.com\/fr\/wp-json\/wp\/v2\/pages"}],"about":[{"href":"https:\/\/www.cantech.com\/fr\/wp-json\/wp\/v2\/types\/page"}],"author":[{"embeddable":true,"href":"https:\/\/www.cantech.com\/fr\/wp-json\/wp\/v2\/users\/11"}],"replies":[{"embeddable":true,"href":"https:\/\/www.cantech.com\/fr\/wp-json\/wp\/v2\/comments?post=495"}],"version-history":[{"count":21,"href":"https:\/\/www.cantech.com\/fr\/wp-json\/wp\/v2\/pages\/495\/revisions"}],"predecessor-version":[{"id":1817,"href":"https:\/\/www.cantech.com\/fr\/wp-json\/wp\/v2\/pages\/495\/revisions\/1817"}],"wp:attachment":[{"href":"https:\/\/www.cantech.com\/fr\/wp-json\/wp\/v2\/media?parent=495"}],"curies":[{"name":"wp","href":"https:\/\/api.w.org\/{rel}","templated":true}]}}