{"id":493,"date":"2023-04-24T18:38:42","date_gmt":"2023-04-24T18:38:42","guid":{"rendered":"https:\/\/www.cantech.com\/contact-us-fr\/"},"modified":"2023-07-20T15:50:59","modified_gmt":"2023-07-20T15:50:59","slug":"contact-us","status":"publish","type":"page","link":"https:\/\/www.cantech.com\/fr\/contact-us\/","title":{"rendered":"Contactez-Nous"},"content":{"rendered":"\n<section class=\"itape-customizable-banner alignfull  \">\n\t<div class=\"itape-customizable-banner-wrapper \">\n\t\t<ul class=\"\">\n\n\t\t\t\t\t\t\t\t\t\t\t\t<div\n\t\t\t\t\t\tclass=\"customizable-banner-slide\"\n\t\t\t\t\t\tstyle=\"\n\t\t\t\t\t\t\t--itape-theme-color-1: #000000;\t\t\t\t\t\t\t--itape-theme-color-2: rgb(0,0,0);\t\t\t\t\t\t\tcolor: #ffffff\t\t\t\t\t\t\"\n\t\t\t\t\t>\n\t\t\t\t\t\t\n\t\t\t\t\t\t<div class=\"content\">\n\n\t\t\t\t\t\t\t<h3>\n\t\t\t\t\t\t\t\tContactez-Nous\t\t\t\t\t\t\t<\/h3>\n\n\t\t\t\t\t\t\t\n\t\t\t\t\t\t\t\n\t\t\t\t\t\t<\/div>\n\t\t\t\t\t<\/div>\n\t\t\t\t\n\t\t\t\t\t<\/ul>\n\t<\/div>\n<\/section>\n\n\n\n\n<div style=\"height:32px\" aria-hidden=\"true\" class=\"wp-block-spacer\"><\/div>\n\n\n\n<div class=\"wp-block-columns is-layout-flex wp-container-core-columns-is-layout-9d6595d7 wp-block-columns-is-layout-flex\">\n<div class=\"wp-block-column is-layout-flow wp-block-column-is-layout-flow\" style=\"flex-basis:33.33%\"><span class=\"prose block px-4 mb-4 wp-core-block-heading\">\n<h2 class=\"wp-block-heading has-primary-color has-text-color\" id=\"h-addresses\">ADDRESSES<\/h2>\n<\/span>\n\n<span class=\"prose block px-4 mb-4 wp-core-block-paragraph\">\n<p><strong>CANADA<br>Intertape Polymer Group<\/strong><br>9999, boul. Cavendish<br>Montreal, QC H4M 2X5<br>T\u00e9l\u00e9phone : 1-800-474-8273<\/p>\n<\/span>\n\n<span class=\"prose block px-4 mb-4 wp-core-block-paragraph\">\n<p><strong>Bureau Recherche \u2013 D\u00e9veloppement Cantech<br><\/strong>7075 Place Robert Joncas,<br>unit\u00e9 121<br>Saint-Laurent, QC H4M 2Z5<br>T\u00e9l\u00e9phone : 1-800-474-8273<\/p>\n<\/span>\n\n<span class=\"prose block px-4 mb-4 wp-core-block-paragraph\">\n<p><strong><strong>\u00c9TATS-UNIS<\/strong><\/strong><br><strong>IPG &#8211; Intertape Polymer Group<br><\/strong>100 Paramount Dr. Suite 300<br>Sarasota, FL 34232<br>T\u00e9l\u00e9phone&nbsp;: 941-727-5788<\/p>\n<\/span><\/div>\n\n\n\n<div class=\"wp-block-column is-layout-flow wp-block-column-is-layout-flow\" style=\"flex-basis:66.66%\"><span class=\"prose block px-4 mb-4 wp-core-block-paragraph\">\n<p><strong>Avez-vous une question\/commentaire \u00e0 propos de nos produits ou services?<br><\/strong><\/p>\n<\/span>\n\n<span class=\"prose block px-4 mb-4 wp-core-block-paragraph\">\n<p><strong><em>SVP, remplir le formulaire ci-bas.<\/em><\/strong><\/p>\n<\/span>\n\n\n<div class=\"wp-block-columns is-layout-flex wp-container-core-columns-is-layout-9d6595d7 wp-block-columns-is-layout-flex\">\n<div class=\"wp-block-column is-layout-flow wp-block-column-is-layout-flow\">\n<div class=\"wp-block-columns is-layout-flex wp-container-core-columns-is-layout-9d6595d7 wp-block-columns-is-layout-flex\">\n<div class=\"wp-block-column has-background is-layout-flow wp-block-column-is-layout-flow\" style=\"background-color:#e5e7e9\">\n<div class=\"wp-block-columns is-layout-flex wp-container-core-columns-is-layout-9d6595d7 wp-block-columns-is-layout-flex\">\n<div class=\"wp-block-column is-layout-flow wp-block-column-is-layout-flow\" style=\"flex-basis:5%\"><\/div>\n\n\n\n<div class=\"wp-block-column is-layout-flow wp-block-column-is-layout-flow\" style=\"flex-basis:98%\">\n<div style=\"height:25px\" aria-hidden=\"true\" class=\"wp-block-spacer\"><\/div>\n\n\n\n<script charset=\"utf-8\"\" type=\"text\/javascript\"\nsrc=\"\/\/js.hsforms.net\/forms\/embed\/v2.js\"><\/script>\n<script>\n  hbspt.forms.create({\n    region: \"na1\",\n    portalId: \"39499362\",\n    formId: \"93ab56fb-a7fc-457d-a684-613f280fba63\"\n  });\n<\/script>\n<\/div>\n\n\n\n<div class=\"wp-block-column is-layout-flow wp-block-column-is-layout-flow\" style=\"flex-basis:5%\"><\/div>\n<\/div>\n<\/div>\n<\/div>\n<\/div>\n<\/div>\n<\/div>\n<\/div>\n\n\n\n<div style=\"height:32px\" aria-hidden=\"true\" class=\"wp-block-spacer\"><\/div>\n","protected":false},"excerpt":{"rendered":"<p>ADDRESSES CANADAIntertape Polymer Group9999, boul. CavendishMontreal, QC H4M 2X5T\u00e9l\u00e9phone : 1-800-474-8273 Bureau Recherche \u2013 D\u00e9veloppement Cantech7075 Place Robert Joncas,unit\u00e9 121Saint-Laurent, QC H4M 2Z5T\u00e9l\u00e9phone : 1-800-474-8273 \u00c9TATS-UNISIPG &#8211; Intertape Polymer Group100 Paramount Dr. Suite 300Sarasota, FL 34232T\u00e9l\u00e9phone&nbsp;: 941-727-5788 Avez-vous une question\/commentaire \u00e0 propos de nos produits ou services? SVP, remplir le formulaire ci-bas.<\/p>\n","protected":false},"author":11,"featured_media":0,"parent":0,"menu_order":0,"comment_status":"open","ping_status":"closed","template":"","meta":{"_acf_changed":false,"footnotes":""},"class_list":["post-493","page","type-page","status-publish","hentry"],"acf":[],"yoast_head":"<!-- This site is optimized with the Yoast SEO Premium plugin v24.1 (Yoast SEO v27.3) - https:\/\/yoast.com\/product\/yoast-seo-premium-wordpress\/ -->\n<title>Contactez-Nous - Tuck Brand<\/title>\n<meta name=\"robots\" content=\"index, follow, max-snippet:-1, max-image-preview:large, max-video-preview:-1\" \/>\n<link rel=\"canonical\" href=\"https:\/\/www.cantech.com\/fr\/contact-us\/\" \/>\n<meta property=\"og:locale\" content=\"fr_FR\" \/>\n<meta property=\"og:type\" content=\"article\" \/>\n<meta property=\"og:title\" content=\"Contactez-Nous\" \/>\n<meta property=\"og:description\" content=\"ADDRESSES CANADAIntertape Polymer Group9999, boul. CavendishMontreal, QC H4M 2X5T\u00e9l\u00e9phone : 1-800-474-8273 Bureau Recherche \u2013 D\u00e9veloppement Cantech7075 Place Robert Joncas,unit\u00e9 121Saint-Laurent, QC H4M 2Z5T\u00e9l\u00e9phone : 1-800-474-8273 \u00c9TATS-UNISIPG &#8211; Intertape Polymer Group100 Paramount Dr. Suite 300Sarasota, FL 34232T\u00e9l\u00e9phone&nbsp;: 941-727-5788 Avez-vous une question\/commentaire \u00e0 propos de nos produits ou services? SVP, remplir le formulaire ci-bas.\" \/>\n<meta property=\"og:url\" content=\"https:\/\/www.cantech.com\/fr\/contact-us\/\" \/>\n<meta property=\"og:site_name\" content=\"Tuck Brand\" \/>\n<meta property=\"article:publisher\" content=\"https:\/\/www.facebook.com\/CantechTape\/\" \/>\n<meta property=\"article:modified_time\" content=\"2023-07-20T15:50:59+00:00\" \/>\n<meta name=\"twitter:card\" content=\"summary_large_image\" \/>\n<meta name=\"twitter:site\" content=\"@CantechTape\" \/>\n<meta name=\"twitter:label1\" content=\"Est. reading time\" \/>\n\t<meta name=\"twitter:data1\" content=\"1 minute\" \/>\n<script type=\"application\/ld+json\" class=\"yoast-schema-graph\">{\"@context\":\"https:\\\/\\\/schema.org\",\"@graph\":[{\"@type\":\"WebPage\",\"@id\":\"https:\\\/\\\/www.cantech.com\\\/fr\\\/contact-us\\\/\",\"url\":\"https:\\\/\\\/www.cantech.com\\\/fr\\\/contact-us\\\/\",\"name\":\"Contactez-Nous - Tuck Brand\",\"isPartOf\":{\"@id\":\"https:\\\/\\\/www.cantech.com\\\/#website\"},\"datePublished\":\"2023-04-24T18:38:42+00:00\",\"dateModified\":\"2023-07-20T15:50:59+00:00\",\"breadcrumb\":{\"@id\":\"https:\\\/\\\/www.cantech.com\\\/fr\\\/contact-us\\\/#breadcrumb\"},\"inLanguage\":\"fr-FR\",\"potentialAction\":[{\"@type\":\"ReadAction\",\"target\":[\"https:\\\/\\\/www.cantech.com\\\/fr\\\/contact-us\\\/\"]}]},{\"@type\":\"BreadcrumbList\",\"@id\":\"https:\\\/\\\/www.cantech.com\\\/fr\\\/contact-us\\\/#breadcrumb\",\"itemListElement\":[{\"@type\":\"ListItem\",\"position\":1,\"name\":\"Home\",\"item\":\"https:\\\/\\\/www.cantech.com\\\/fr\\\/home\\\/\"},{\"@type\":\"ListItem\",\"position\":2,\"name\":\"Contactez-Nous\"}]},{\"@type\":\"WebSite\",\"@id\":\"https:\\\/\\\/www.cantech.com\\\/#website\",\"url\":\"https:\\\/\\\/www.cantech.com\\\/\",\"name\":\"Tuck Brand\",\"description\":\"\",\"publisher\":{\"@id\":\"https:\\\/\\\/www.cantech.com\\\/#organization\"},\"potentialAction\":[{\"@type\":\"SearchAction\",\"target\":{\"@type\":\"EntryPoint\",\"urlTemplate\":\"https:\\\/\\\/www.cantech.com\\\/?s={search_term_string}\"},\"query-input\":{\"@type\":\"PropertyValueSpecification\",\"valueRequired\":true,\"valueName\":\"search_term_string\"}}],\"inLanguage\":\"fr-FR\"},{\"@type\":\"Organization\",\"@id\":\"https:\\\/\\\/www.cantech.com\\\/#organization\",\"name\":\"Tuck Brand\",\"url\":\"https:\\\/\\\/www.cantech.com\\\/\",\"logo\":{\"@type\":\"ImageObject\",\"inLanguage\":\"fr-FR\",\"@id\":\"https:\\\/\\\/www.cantech.com\\\/#\\\/schema\\\/logo\\\/image\\\/\",\"url\":\"https:\\\/\\\/www.cantech.com\\\/wp-content\\\/uploads\\\/sites\\\/4\\\/2023\\\/06\\\/Cantech_Logo.png\",\"contentUrl\":\"https:\\\/\\\/www.cantech.com\\\/wp-content\\\/uploads\\\/sites\\\/4\\\/2023\\\/06\\\/Cantech_Logo.png\",\"width\":225,\"height\":83,\"caption\":\"Tuck Brand\"},\"image\":{\"@id\":\"https:\\\/\\\/www.cantech.com\\\/#\\\/schema\\\/logo\\\/image\\\/\"},\"sameAs\":[\"https:\\\/\\\/www.facebook.com\\\/CantechTape\\\/\",\"https:\\\/\\\/x.com\\\/CantechTape\",\"https:\\\/\\\/www.instagram.com\\\/cantechtape\\\/\",\"https:\\\/\\\/www.youtube.com\\\/user\\\/CantechTape\"]}]}<\/script>\n<!-- \/ Yoast SEO Premium plugin. -->","yoast_head_json":{"title":"Contactez-Nous - Tuck Brand","robots":{"index":"index","follow":"follow","max-snippet":"max-snippet:-1","max-image-preview":"max-image-preview:large","max-video-preview":"max-video-preview:-1"},"canonical":"https:\/\/www.cantech.com\/fr\/contact-us\/","og_locale":"fr_FR","og_type":"article","og_title":"Contactez-Nous","og_description":"ADDRESSES CANADAIntertape Polymer Group9999, boul. CavendishMontreal, QC H4M 2X5T\u00e9l\u00e9phone : 1-800-474-8273 Bureau Recherche \u2013 D\u00e9veloppement Cantech7075 Place Robert Joncas,unit\u00e9 121Saint-Laurent, QC H4M 2Z5T\u00e9l\u00e9phone : 1-800-474-8273 \u00c9TATS-UNISIPG &#8211; Intertape Polymer Group100 Paramount Dr. Suite 300Sarasota, FL 34232T\u00e9l\u00e9phone&nbsp;: 941-727-5788 Avez-vous une question\/commentaire \u00e0 propos de nos produits ou services? SVP, remplir le formulaire ci-bas.","og_url":"https:\/\/www.cantech.com\/fr\/contact-us\/","og_site_name":"Tuck Brand","article_publisher":"https:\/\/www.facebook.com\/CantechTape\/","article_modified_time":"2023-07-20T15:50:59+00:00","twitter_card":"summary_large_image","twitter_site":"@CantechTape","twitter_misc":{"Est. reading time":"1 minute"},"schema":{"@context":"https:\/\/schema.org","@graph":[{"@type":"WebPage","@id":"https:\/\/www.cantech.com\/fr\/contact-us\/","url":"https:\/\/www.cantech.com\/fr\/contact-us\/","name":"Contactez-Nous - Tuck Brand","isPartOf":{"@id":"https:\/\/www.cantech.com\/#website"},"datePublished":"2023-04-24T18:38:42+00:00","dateModified":"2023-07-20T15:50:59+00:00","breadcrumb":{"@id":"https:\/\/www.cantech.com\/fr\/contact-us\/#breadcrumb"},"inLanguage":"fr-FR","potentialAction":[{"@type":"ReadAction","target":["https:\/\/www.cantech.com\/fr\/contact-us\/"]}]},{"@type":"BreadcrumbList","@id":"https:\/\/www.cantech.com\/fr\/contact-us\/#breadcrumb","itemListElement":[{"@type":"ListItem","position":1,"name":"Home","item":"https:\/\/www.cantech.com\/fr\/home\/"},{"@type":"ListItem","position":2,"name":"Contactez-Nous"}]},{"@type":"WebSite","@id":"https:\/\/www.cantech.com\/#website","url":"https:\/\/www.cantech.com\/","name":"Tuck Brand","description":"","publisher":{"@id":"https:\/\/www.cantech.com\/#organization"},"potentialAction":[{"@type":"SearchAction","target":{"@type":"EntryPoint","urlTemplate":"https:\/\/www.cantech.com\/?s={search_term_string}"},"query-input":{"@type":"PropertyValueSpecification","valueRequired":true,"valueName":"search_term_string"}}],"inLanguage":"fr-FR"},{"@type":"Organization","@id":"https:\/\/www.cantech.com\/#organization","name":"Tuck Brand","url":"https:\/\/www.cantech.com\/","logo":{"@type":"ImageObject","inLanguage":"fr-FR","@id":"https:\/\/www.cantech.com\/#\/schema\/logo\/image\/","url":"https:\/\/www.cantech.com\/wp-content\/uploads\/sites\/4\/2023\/06\/Cantech_Logo.png","contentUrl":"https:\/\/www.cantech.com\/wp-content\/uploads\/sites\/4\/2023\/06\/Cantech_Logo.png","width":225,"height":83,"caption":"Tuck Brand"},"image":{"@id":"https:\/\/www.cantech.com\/#\/schema\/logo\/image\/"},"sameAs":["https:\/\/www.facebook.com\/CantechTape\/","https:\/\/x.com\/CantechTape","https:\/\/www.instagram.com\/cantechtape\/","https:\/\/www.youtube.com\/user\/CantechTape"]}]}},"jetpack_sharing_enabled":true,"_links":{"self":[{"href":"https:\/\/www.cantech.com\/fr\/wp-json\/wp\/v2\/pages\/493","targetHints":{"allow":["GET"]}}],"collection":[{"href":"https:\/\/www.cantech.com\/fr\/wp-json\/wp\/v2\/pages"}],"about":[{"href":"https:\/\/www.cantech.com\/fr\/wp-json\/wp\/v2\/types\/page"}],"author":[{"embeddable":true,"href":"https:\/\/www.cantech.com\/fr\/wp-json\/wp\/v2\/users\/11"}],"replies":[{"embeddable":true,"href":"https:\/\/www.cantech.com\/fr\/wp-json\/wp\/v2\/comments?post=493"}],"version-history":[{"count":39,"href":"https:\/\/www.cantech.com\/fr\/wp-json\/wp\/v2\/pages\/493\/revisions"}],"predecessor-version":[{"id":1836,"href":"https:\/\/www.cantech.com\/fr\/wp-json\/wp\/v2\/pages\/493\/revisions\/1836"}],"wp:attachment":[{"href":"https:\/\/www.cantech.com\/fr\/wp-json\/wp\/v2\/media?parent=493"}],"curies":[{"name":"wp","href":"https:\/\/api.w.org\/{rel}","templated":true}]}}