{"id":491,"date":"2023-04-24T18:38:42","date_gmt":"2023-04-24T18:38:42","guid":{"rendered":"https:\/\/www.cantech.com\/terms-of-use-fr\/"},"modified":"2023-08-07T12:55:05","modified_gmt":"2023-08-07T12:55:05","slug":"terms-of-use-fr","status":"publish","type":"page","link":"https:\/\/www.cantech.com\/fr\/terms-of-use-fr\/","title":{"rendered":"Conditions D&rsquo;Utilisation"},"content":{"rendered":"\n<section class=\"itape-customizable-banner alignfull  \">\n\t<div class=\"itape-customizable-banner-wrapper \">\n\t\t<ul class=\"\">\n\n\t\t\t\t\t\t\t\t\t\t\t\t<div\n\t\t\t\t\t\tclass=\"customizable-banner-slide\"\n\t\t\t\t\t\tstyle=\"\n\t\t\t\t\t\t\t--itape-theme-color-1: #000000;\t\t\t\t\t\t\t--itape-theme-color-2: rgb(0,0,0);\t\t\t\t\t\t\tcolor: #ffffff\t\t\t\t\t\t\"\n\t\t\t\t\t>\n\t\t\t\t\t\t\n\t\t\t\t\t\t<div class=\"content\">\n\n\t\t\t\t\t\t\t<h3>\n\t\t\t\t\t\t\t\tCONDITIONS D\u2019UTILISATION\t\t\t\t\t\t\t<\/h3>\n\n\t\t\t\t\t\t\t\n\t\t\t\t\t\t\t\n\t\t\t\t\t\t<\/div>\n\t\t\t\t\t<\/div>\n\t\t\t\t\n\t\t\t\t\t<\/ul>\n\t<\/div>\n<\/section>\n\n\n\n\n<div style=\"height:30px\" aria-hidden=\"true\" class=\"wp-block-spacer\"><\/div>\n\n\n<span class=\"prose block px-4 mb-4 wp-core-block-paragraph\">\n<p><strong>INFORMATION JURIDIQUE<\/strong><br>Droits d\u2019auteur et utilisation du contenu. Les droits d\u2019auteur et autres droits sur le mat\u00e9riel contenu dans ce site Web sont la propri\u00e9t\u00e9<br>d\u2019Intertape Polymer Group Inc. ou de ses soci\u00e9t\u00e9s affili\u00e9es dans le monde. Vous \u00eates autoris\u00e9 visualiser, t\u00e9l\u00e9charger et reproduire le mat\u00e9riel contenu dans ce site Web pour votre usage interne pourvu que vous 1) conserviez tous les avis contenus dans le mat\u00e9riel d\u2019origine, 2) utilisiez uniquement les images accompagn\u00e9es du texte les encadrant et les accompagnant et 3) que vous int\u00e9griez la note de droit d\u2019auteur suivante :<\/p>\n<\/span>\n\n<span class=\"prose block px-4 mb-4 wp-core-block-paragraph\">\n<p>\u00a9 Intertape Polymer Group Inc. Tous droits r\u00e9serv\u00e9s.<\/p>\n<\/span>\n\n<span class=\"prose block px-4 mb-4 wp-core-block-paragraph\">\n<p>Aucune autre publication ou utilisation commerciale ne peut \u00eatre faite du mat\u00e9riel contenu dans ce site Web sans l\u2019autorisation \u00e9crite expresse d\u2019Intertape Polymer Group Inc.<\/p>\n<\/span>\n\n<span class=\"prose block px-4 mb-4 wp-core-block-paragraph\">\n<p>Vous ne pouvez rendre quelque portion que ce soit de ce site Web disponible sur un autre site Web, que ce soit par hyperlien Internet ou autrement. Ce site Web et son contenu ne peuvent \u00eatre utilis\u00e9s pour b\u00e2tir une base de donn\u00e9es de quelque nature que ce soit ni ne peuvent \u00eatre stock\u00e9s (en tout ou en partie) dans des bases de donn\u00e9es pour \u00eatre accessibles par vous ou un tiers, ou pour diffuser toute base de donn\u00e9es contenant tout ou partie de ce site Web ou de son contenu.<\/p>\n<\/span>\n\n<span class=\"prose block px-4 mb-4 wp-core-block-paragraph\">\n<p>Autres droits de propri\u00e9t\u00e9 intellectuelle. Veuillez noter que tout produit, processus ou technologie d\u00e9crits au mat\u00e9riel contenu dans ce site Web<br>peuvent faire l\u2019objet d\u2019autres droits de propri\u00e9t\u00e9 intellectuelle r\u00e9serv\u00e9s par Intertape Polymer Group Inc. et qu\u2019aucune licence n\u2019est conf\u00e9r\u00e9e en vertu des pr\u00e9sentes. Intertape Polymer Group Inc., les logos d\u2019Intertape Polymer Group Inc. et la plupart des autres noms commerciaux contenus dans ce site Web sont les marques de commerce mondiales ou les marques d\u00e9pos\u00e9es d\u2019Intertape Polymer Group Inc. Les marques de commerce d\u2019autres tiers sont identifi\u00e9es dans la mesure du possible, et Intertape Polymer Group Inc. reconna\u00eet leurs droits.<\/p>\n<\/span>\n\n<span class=\"prose block px-4 mb-4 wp-core-block-paragraph\">\n<p>Avis de non-responsabilit\u00e9.<br>L\u2019INFORMATION CONTENUE DANS CE SITE WEB VOUS EST FOURNIE \u00ab EN L\u2019\u00c9TAT \u00bb, POUR VOTRE USAGE INTERNE UNIQUEMENT, SANS AUCUNE D\u00c9CLARATION OU GARANTIE QUANT \u00c0 L\u2019INT\u00c9GRALIT\u00c9 OU LA PR\u00c9CISION DE L\u2019INFORMATION OU AUTRE GARANTIE DE QUELQUE NATURE QUE CE SOIT, Y COMPRIS TOUTE GARANTIE IMPLICITE DE QUALIT\u00c9, DE QUALIT\u00c9 MARCHANDE, D\u2019AD\u00c9QUATION \u00c0 UN USAGE PARTICULIER OU D\u2019ABSENCE DE CONTREFA\u00c7ON. EN AUCUN CAS INTERTAPE POLYMER GROUP INC. NE SERA TENUE RESPONSABLE ENVERS UN TIERS DES DOMMAGES DIRECTS, INDIRECTS, ACCESSOIRES, SP\u00c9CIAUX, CONS\u00c9CUTIFS OU AUTRES POUR L\u2019UTILISATION DE CE SITE WEB OU POUR LE CR\u00c9DIT ACCORD\u00c9 \u00c0 TOUTE INFORMATION OU \u00c0 TOUT MAT\u00c9RIEL OBTENU PAR SON ENTREMISE OU PAR TOUT AUTRE SITE WEB ACCESSIBLE PAR HYPERLIEN Y COMPRIS, MAIS SANS S\u2019Y LIMITER, DES DOMMAGES D\u00c9COULANT DE LA PERTE DE B\u00c9N\u00c9FICES, D\u2019UNE INTERRUPTION DES ACTIVIT\u00c9S OU DE LA PERTE DE DONN\u00c9ES, M\u00caME SI INTERTAPE POLYMER GROUP INC. EST EXPRESS\u00c9MENT INFORM\u00c9E DE LA POSSIBILIT\u00c9 DE TELS DOMMAGES, DANS LA LIMITE LA PLUS \u00c9LEV\u00c9E AUTORIS\u00c9E PAR LA LOI. CERTAINES COMP\u00c9TENCES N\u2019AUTORISANT PAS L\u2019EXCLUSION DE GARANTIES IMPLICITES ET DE D\u00c9CLARATIONS, CETTE EXCLUSION PEUT NE PAS VOUS CONCERNER.<\/p>\n<\/span>\n\n<span class=\"prose block px-4 mb-4 wp-core-block-paragraph\">\n<p>Le mat\u00e9riel contenu dans ce site Web pourrait comporter des impr\u00e9cisions techniques ou des erreurs typographiques et l\u2019information peut \u00eatre modifi\u00e9e, mise \u00e0 jour ou supprim\u00e9e sans pr\u00e9avis. Intertape Polymer Group Inc. peut \u00e0 tout moment am\u00e9liorer ou modifier les produits ou programmes d\u00e9crits dans cette publication. Intertape Polymer Group Inc. ne garantit pas que ce site Web fonctionnera sans interruption ou sans erreur ou que les d\u00e9fauts seront corrig\u00e9s. Intertape Polymer Group Inc. ne garantit pas que ce site Web soit compatible avec votre \u00e9quipement informatique ou que ce site Web ou le serveur qui l\u2019h\u00e9berge soient exempts d\u2019erreurs ou de virus, de vers ou de chevaux de Troie, et Intertape Polymer Group Inc. n\u2019est pas responsable de tout dommage que vous pourriez subir du fait de tels dispositifs destructeurs.<\/p>\n<\/span>\n\n<span class=\"prose block px-4 mb-4 wp-core-block-paragraph\">\n<p>En outre, Intertape Polymer Group Inc. ne fait aucune repr\u00e9sentation ou n\u2019offre aucune garantie de quelque nature que ce soit au sujet d\u2019un autre site Web auquel vous choisissez d\u2019acc\u00e9der par l\u2019interm\u00e9diaire de ce site Web. Les liens fournis par Intertape Polymer Group Inc. vers ces sites Web sont uniquement mis \u00e0 disposition pour votre commodit\u00e9 et il ne peut en aucun cas \u00eatre d\u00e9duit qu\u2019Intertape Polymer Group Inc. endosse ses sites Web ou leur contenu.<\/p>\n<\/span>\n\n\n<div style=\"height:30px\" aria-hidden=\"true\" class=\"wp-block-spacer\"><\/div>\n","protected":false},"excerpt":{"rendered":"<p>INFORMATION JURIDIQUEDroits d\u2019auteur et utilisation du contenu. Les droits d\u2019auteur et autres droits sur le mat\u00e9riel contenu dans ce site Web sont la propri\u00e9t\u00e9d\u2019Intertape Polymer Group Inc. ou de ses soci\u00e9t\u00e9s affili\u00e9es dans le monde. Vous \u00eates autoris\u00e9 visualiser, t\u00e9l\u00e9charger et reproduire le mat\u00e9riel contenu dans ce site Web pour votre usage interne pourvu que<a class=\"excerpt-more-tag\" href=\"https:\/\/www.cantech.com\/fr\/terms-of-use-fr\/\">Read more&#8230;<\/a><\/p>\n","protected":false},"author":11,"featured_media":0,"parent":0,"menu_order":0,"comment_status":"open","ping_status":"closed","template":"","meta":{"_acf_changed":false,"footnotes":""},"class_list":["post-491","page","type-page","status-publish","hentry"],"acf":[],"yoast_head":"<!-- This site is optimized with the Yoast SEO Premium plugin v24.1 (Yoast SEO v27.0) - https:\/\/yoast.com\/product\/yoast-seo-premium-wordpress\/ -->\n<title>Conditions D&#039;Utilisation - Cantech<\/title>\n<meta name=\"robots\" content=\"index, follow, max-snippet:-1, max-image-preview:large, max-video-preview:-1\" \/>\n<link rel=\"canonical\" href=\"https:\/\/www.cantech.com\/fr\/terms-of-use-fr\/\" \/>\n<meta property=\"og:locale\" content=\"fr_FR\" \/>\n<meta property=\"og:type\" content=\"article\" \/>\n<meta property=\"og:title\" content=\"Conditions D&#039;Utilisation\" \/>\n<meta property=\"og:description\" content=\"INFORMATION JURIDIQUEDroits d\u2019auteur et utilisation du contenu. Les droits d\u2019auteur et autres droits sur le mat\u00e9riel contenu dans ce site Web sont la propri\u00e9t\u00e9d\u2019Intertape Polymer Group Inc. ou de ses soci\u00e9t\u00e9s affili\u00e9es dans le monde. Vous \u00eates autoris\u00e9 visualiser, t\u00e9l\u00e9charger et reproduire le mat\u00e9riel contenu dans ce site Web pour votre usage interne pourvu queRead more...\" \/>\n<meta property=\"og:url\" content=\"https:\/\/www.cantech.com\/fr\/terms-of-use-fr\/\" \/>\n<meta property=\"og:site_name\" content=\"Cantech\" \/>\n<meta property=\"article:publisher\" content=\"https:\/\/www.facebook.com\/CantechTape\/\" \/>\n<meta property=\"article:modified_time\" content=\"2023-08-07T12:55:05+00:00\" \/>\n<meta name=\"twitter:card\" content=\"summary_large_image\" \/>\n<meta name=\"twitter:site\" content=\"@CantechTape\" \/>\n<meta name=\"twitter:label1\" content=\"Est. reading time\" \/>\n\t<meta name=\"twitter:data1\" content=\"4 minutes\" \/>\n<script type=\"application\/ld+json\" class=\"yoast-schema-graph\">{\"@context\":\"https:\/\/schema.org\",\"@graph\":[{\"@type\":\"WebPage\",\"@id\":\"https:\/\/www.cantech.com\/fr\/terms-of-use-fr\/\",\"url\":\"https:\/\/www.cantech.com\/fr\/terms-of-use-fr\/\",\"name\":\"Conditions D'Utilisation - Cantech\",\"isPartOf\":{\"@id\":\"https:\/\/www.cantech.com\/#website\"},\"datePublished\":\"2023-04-24T18:38:42+00:00\",\"dateModified\":\"2023-08-07T12:55:05+00:00\",\"breadcrumb\":{\"@id\":\"https:\/\/www.cantech.com\/fr\/terms-of-use-fr\/#breadcrumb\"},\"inLanguage\":\"fr-FR\",\"potentialAction\":[{\"@type\":\"ReadAction\",\"target\":[\"https:\/\/www.cantech.com\/fr\/terms-of-use-fr\/\"]}]},{\"@type\":\"BreadcrumbList\",\"@id\":\"https:\/\/www.cantech.com\/fr\/terms-of-use-fr\/#breadcrumb\",\"itemListElement\":[{\"@type\":\"ListItem\",\"position\":1,\"name\":\"Home\",\"item\":\"https:\/\/www.cantech.com\/fr\/home\/\"},{\"@type\":\"ListItem\",\"position\":2,\"name\":\"Conditions D&#8217;Utilisation\"}]},{\"@type\":\"WebSite\",\"@id\":\"https:\/\/www.cantech.com\/#website\",\"url\":\"https:\/\/www.cantech.com\/\",\"name\":\"Cantech\",\"description\":\"\",\"publisher\":{\"@id\":\"https:\/\/www.cantech.com\/#organization\"},\"potentialAction\":[{\"@type\":\"SearchAction\",\"target\":{\"@type\":\"EntryPoint\",\"urlTemplate\":\"https:\/\/www.cantech.com\/?s={search_term_string}\"},\"query-input\":{\"@type\":\"PropertyValueSpecification\",\"valueRequired\":true,\"valueName\":\"search_term_string\"}}],\"inLanguage\":\"fr-FR\"},{\"@type\":\"Organization\",\"@id\":\"https:\/\/www.cantech.com\/#organization\",\"name\":\"Cantech\",\"url\":\"https:\/\/www.cantech.com\/\",\"logo\":{\"@type\":\"ImageObject\",\"inLanguage\":\"fr-FR\",\"@id\":\"https:\/\/www.cantech.com\/#\/schema\/logo\/image\/\",\"url\":\"https:\/\/www.cantech.com\/wp-content\/uploads\/sites\/4\/2023\/06\/Cantech_Logo.png\",\"contentUrl\":\"https:\/\/www.cantech.com\/wp-content\/uploads\/sites\/4\/2023\/06\/Cantech_Logo.png\",\"width\":225,\"height\":83,\"caption\":\"Cantech\"},\"image\":{\"@id\":\"https:\/\/www.cantech.com\/#\/schema\/logo\/image\/\"},\"sameAs\":[\"https:\/\/www.facebook.com\/CantechTape\/\",\"https:\/\/x.com\/CantechTape\",\"https:\/\/www.instagram.com\/cantechtape\/\",\"https:\/\/www.youtube.com\/user\/CantechTape\"]}]}<\/script>\n<!-- \/ Yoast SEO Premium plugin. -->","yoast_head_json":{"title":"Conditions D'Utilisation - Cantech","robots":{"index":"index","follow":"follow","max-snippet":"max-snippet:-1","max-image-preview":"max-image-preview:large","max-video-preview":"max-video-preview:-1"},"canonical":"https:\/\/www.cantech.com\/fr\/terms-of-use-fr\/","og_locale":"fr_FR","og_type":"article","og_title":"Conditions D'Utilisation","og_description":"INFORMATION JURIDIQUEDroits d\u2019auteur et utilisation du contenu. Les droits d\u2019auteur et autres droits sur le mat\u00e9riel contenu dans ce site Web sont la propri\u00e9t\u00e9d\u2019Intertape Polymer Group Inc. ou de ses soci\u00e9t\u00e9s affili\u00e9es dans le monde. Vous \u00eates autoris\u00e9 visualiser, t\u00e9l\u00e9charger et reproduire le mat\u00e9riel contenu dans ce site Web pour votre usage interne pourvu queRead more...","og_url":"https:\/\/www.cantech.com\/fr\/terms-of-use-fr\/","og_site_name":"Cantech","article_publisher":"https:\/\/www.facebook.com\/CantechTape\/","article_modified_time":"2023-08-07T12:55:05+00:00","twitter_card":"summary_large_image","twitter_site":"@CantechTape","twitter_misc":{"Est. reading time":"4 minutes"},"schema":{"@context":"https:\/\/schema.org","@graph":[{"@type":"WebPage","@id":"https:\/\/www.cantech.com\/fr\/terms-of-use-fr\/","url":"https:\/\/www.cantech.com\/fr\/terms-of-use-fr\/","name":"Conditions D'Utilisation - Cantech","isPartOf":{"@id":"https:\/\/www.cantech.com\/#website"},"datePublished":"2023-04-24T18:38:42+00:00","dateModified":"2023-08-07T12:55:05+00:00","breadcrumb":{"@id":"https:\/\/www.cantech.com\/fr\/terms-of-use-fr\/#breadcrumb"},"inLanguage":"fr-FR","potentialAction":[{"@type":"ReadAction","target":["https:\/\/www.cantech.com\/fr\/terms-of-use-fr\/"]}]},{"@type":"BreadcrumbList","@id":"https:\/\/www.cantech.com\/fr\/terms-of-use-fr\/#breadcrumb","itemListElement":[{"@type":"ListItem","position":1,"name":"Home","item":"https:\/\/www.cantech.com\/fr\/home\/"},{"@type":"ListItem","position":2,"name":"Conditions D&#8217;Utilisation"}]},{"@type":"WebSite","@id":"https:\/\/www.cantech.com\/#website","url":"https:\/\/www.cantech.com\/","name":"Cantech","description":"","publisher":{"@id":"https:\/\/www.cantech.com\/#organization"},"potentialAction":[{"@type":"SearchAction","target":{"@type":"EntryPoint","urlTemplate":"https:\/\/www.cantech.com\/?s={search_term_string}"},"query-input":{"@type":"PropertyValueSpecification","valueRequired":true,"valueName":"search_term_string"}}],"inLanguage":"fr-FR"},{"@type":"Organization","@id":"https:\/\/www.cantech.com\/#organization","name":"Cantech","url":"https:\/\/www.cantech.com\/","logo":{"@type":"ImageObject","inLanguage":"fr-FR","@id":"https:\/\/www.cantech.com\/#\/schema\/logo\/image\/","url":"https:\/\/www.cantech.com\/wp-content\/uploads\/sites\/4\/2023\/06\/Cantech_Logo.png","contentUrl":"https:\/\/www.cantech.com\/wp-content\/uploads\/sites\/4\/2023\/06\/Cantech_Logo.png","width":225,"height":83,"caption":"Cantech"},"image":{"@id":"https:\/\/www.cantech.com\/#\/schema\/logo\/image\/"},"sameAs":["https:\/\/www.facebook.com\/CantechTape\/","https:\/\/x.com\/CantechTape","https:\/\/www.instagram.com\/cantechtape\/","https:\/\/www.youtube.com\/user\/CantechTape"]}]}},"jetpack_sharing_enabled":true,"_links":{"self":[{"href":"https:\/\/www.cantech.com\/fr\/wp-json\/wp\/v2\/pages\/491","targetHints":{"allow":["GET"]}}],"collection":[{"href":"https:\/\/www.cantech.com\/fr\/wp-json\/wp\/v2\/pages"}],"about":[{"href":"https:\/\/www.cantech.com\/fr\/wp-json\/wp\/v2\/types\/page"}],"author":[{"embeddable":true,"href":"https:\/\/www.cantech.com\/fr\/wp-json\/wp\/v2\/users\/11"}],"replies":[{"embeddable":true,"href":"https:\/\/www.cantech.com\/fr\/wp-json\/wp\/v2\/comments?post=491"}],"version-history":[{"count":8,"href":"https:\/\/www.cantech.com\/fr\/wp-json\/wp\/v2\/pages\/491\/revisions"}],"predecessor-version":[{"id":1861,"href":"https:\/\/www.cantech.com\/fr\/wp-json\/wp\/v2\/pages\/491\/revisions\/1861"}],"wp:attachment":[{"href":"https:\/\/www.cantech.com\/fr\/wp-json\/wp\/v2\/media?parent=491"}],"curies":[{"name":"wp","href":"https:\/\/api.w.org\/{rel}","templated":true}]}}