{"id":489,"date":"2023-04-24T18:38:42","date_gmt":"2023-04-24T18:38:42","guid":{"rendered":"https:\/\/www.cantech.com\/construction-fr\/"},"modified":"2023-07-20T14:46:01","modified_gmt":"2023-07-20T14:46:01","slug":"construction-fr","status":"publish","type":"page","link":"https:\/\/www.cantech.com\/fr\/construction-fr\/","title":{"rendered":"Construction"},"content":{"rendered":"\n<section class=\"itape-customizable-banner alignfull  \">\n\t<div class=\"itape-customizable-banner-wrapper \">\n\t\t<ul class=\"\">\n\n\t\t\t\t\t\t\t\t\t\t\t\t<div\n\t\t\t\t\t\tclass=\"customizable-banner-slide\"\n\t\t\t\t\t\tstyle=\"\n\t\t\t\t\t\t\t--itape-theme-color-1: #000000;\t\t\t\t\t\t\t--itape-theme-color-2: rgb(0,0,0);\t\t\t\t\t\t\tcolor: #ffffff\t\t\t\t\t\t\"\n\t\t\t\t\t>\n\t\t\t\t\t\t\n\t\t\t\t\t\t<div class=\"content\">\n\n\t\t\t\t\t\t\t<h3>\n\t\t\t\t\t\t\t\tCONSTRUCTION\t\t\t\t\t\t\t<\/h3>\n\n\t\t\t\t\t\t\t\n\t\t\t\t\t\t\t\n\t\t\t\t\t\t<\/div>\n\t\t\t\t\t<\/div>\n\t\t\t\t\n\t\t\t\t\t<\/ul>\n\t<\/div>\n<\/section>\n\n\n\n\n\t<section class=\"itape-hero alignfull  \">\n\t\t<div class=\"itape-hero-wrapper \">\n\t\t\t<ul class=\"\">\n\t\t\t\t\t\t\t\t\t<li class=\"hero-slide splide__slide \">\n\n\t\t\t\t\t\t\t\t\t\t\t\t\t<div class=\"hero-slide-background-image\">\n\t\t\t\t\t\t\t<div class=\"hero-slide-background-image-wrapper\" style=\"\">\n\t\t\t\t\t\t\t\t\t<img decoding=\"async\" src=\"https:\/\/www.cantech.com\/wp-content\/uploads\/sites\/4\/images\/hero_construction_r.jpg?w=1500\" srcset=\"https:\/\/www.cantech.com\/wp-content\/uploads\/sites\/4\/images\/hero_construction_r.jpg 1500w, https:\/\/www.cantech.com\/wp-content\/uploads\/sites\/4\/images\/hero_construction_r.jpg?resize=300,120 300w, https:\/\/www.cantech.com\/wp-content\/uploads\/sites\/4\/images\/hero_construction_r.jpg?resize=768,307 768w, https:\/\/www.cantech.com\/wp-content\/uploads\/sites\/4\/images\/hero_construction_r.jpg?resize=1024,410 1024w, https:\/\/www.cantech.com\/wp-content\/uploads\/sites\/4\/images\/hero_construction_r.jpg?resize=600,240 600w\" \/>\n\t\t\t\t\t\t\t\t<\/div>\n\t\t\t\t\t\t\t<\/div>\n\t\t\t\t\t\t\n\t\t\t\t\t\t<div\n\t\t\t\t\t\t\tclass=\"hero-slide-overlay hero-slide-overlay-image\"\n\t\t\t\t\t\t\tstyle=\"\n\t\t\t\t\t\t\t--itape-theme-overlay-color:#444444;\n\t\t\t\t\t\t\t--itape-theme-overlay-image: url(https:\/\/www.cantech.com\/wp-content\/uploads\/sites\/4\/images\/Cantech-Grunge-Overlay-1.jpg);\n\t\t\t\t\t\t\"><\/div>\n\n\t\t\t\t\t\t<div class=\"hero-slide-content\" style=\"--itape-theme-text-color: #ffffff;\">\n\t\t\t\t\t\t\t<div class=\"hero-slide-content-left\">\n\t\t\t\t\t\t\t\t<h1 class=\"mb-4 text-3xl md:text-6xl font-heavy\">La Solution Compl\u00e9te pour le Secteur du B\u00e2timent et de la Construction<\/h1>\n\t\t\t\t\t\t\t\t\t\t\t\t\t\t\t\t\t<p class=\"text-lg\">Ce segment de march\u00e9tail a exige des produits capables de r\u00e9sister \u00e0 l&#039;exposition prolong\u00e9e aux \u00e9l\u00e9ments, aux conditions difficiles d&#039;un chantier de construction et aux demandes sp\u00e9cifiques des concepteurs professionnels. Notre croissance dans ce segment d\u00e9montre donc bien notre capacit\u00e9 \u00e0 r\u00e9pondre aux exigences des architectes et entrepreneurs \u0153uvrant dans la construction domiciliaire, commerciale ou encore de tours \u00e0 bureaux et ce, sur tout le continent.<\/p>\n\t\t\t\t\t\t\t\t\n\t\t\t\t\t\t\t\t\n\t\t\t\t\t\t\t\t\t\t\t\t\t\t\t<\/div>\n\t\t\t\t\t\t\t\t\t\t\t\t\t<\/div>\n\t\t\t\t\t<\/li>\n\n\t\t\t\t\t\t\t<\/ul>\n\t\t<\/div>\n\t<\/section>\n\n\n\n\n<div style=\"height:50px\" aria-hidden=\"true\" class=\"wp-block-spacer\"><\/div>\n\n\n\n<div class=\"wp-block-group is-layout-constrained wp-block-group-is-layout-constrained\"><span class=\"prose block px-4 mb-4 wp-core-block-heading\">\n<h2 class=\"wp-block-heading\" id=\"h-rubans-de-construction\"><strong>Rubans de Construction<\/strong><\/h2>\n<\/span>\n\n\n<div class=\"wp-block-columns is-layout-flex wp-container-core-columns-is-layout-9d6595d7 wp-block-columns-is-layout-flex\">\n<div class=\"wp-block-column is-layout-flow wp-block-column-is-layout-flow\">\n<figure class=\"wp-block-image aligncenter\"><a href=\"https:\/\/www.cantech.com\/fr\/products\/construction-fr\/aluminum-foil-tapes-fr\/\"><img decoding=\"async\" src=\"https:\/\/www.cantech.com\/wp-content\/uploads\/sites\/4\/2023\/03\/9021_400px.jpg?h=240&amp;w=240&amp;hash=92FC96B4EC8BF9BB96544B45C778DC9773FA6756\" alt=\"\"\/><\/a><\/figure>\n\n\n<span class=\"prose block px-4 mb-4 wp-core-block-paragraph\">\n<p class=\"has-text-align-center\"><a href=\"https:\/\/www.cantech.com\/fr\/products\/construction-fr\/aluminum-foil-tapes-fr\/\">Rubans d&rsquo;aluminium<\/a><\/p>\n<\/span><\/div>\n\n\n\n<div class=\"wp-block-column is-layout-flow wp-block-column-is-layout-flow\">\n<figure class=\"wp-block-image aligncenter\"><a href=\"https:\/\/www.cantech.com\/fr\/products\/construction-fr\/building-envelope-fr\/\"><img decoding=\"async\" src=\"https:\/\/www.cantech.com\/wp-content\/uploads\/sites\/4\/images\/tucknovawrap_240px.jpg?h=240&amp;w=240&amp;hash=6B727AD90322141A886AB646C8486C9C29CEE3A8\" alt=\"\"\/><\/a><\/figure>\n\n\n<span class=\"prose block px-4 mb-4 wp-core-block-paragraph\">\n<p class=\"has-text-align-center\"><a href=\"https:\/\/www.cantech.com\/fr\/products\/construction-fr\/building-envelope-fr\/\">Enveloppe de b\u00e2timent<\/a><\/p>\n<\/span><\/div>\n\n\n\n<div class=\"wp-block-column is-layout-flow wp-block-column-is-layout-flow\">\n<figure class=\"wp-block-image aligncenter\"><a href=\"https:\/\/www.cantech.com\/fr\/products\/construction-fr\/flashing-tapes-fr\/\"><img decoding=\"async\" src=\"https:\/\/www.cantech.com\/wp-content\/uploads\/sites\/4\/2023\/03\/evoflash_240px.jpg?h=240&amp;w=240&amp;hash=5E855CEFB850FD8E3877F01CAD78D17F30517C99\" alt=\"\"\/><\/a><\/figure>\n\n\n<span class=\"prose block px-4 mb-4 wp-core-block-paragraph\">\n<p class=\"has-text-align-center\"><a href=\"https:\/\/www.cantech.com\/fr\/products\/construction-fr\/flashing-tapes-fr\/\">Rubans pour solin<\/a><\/p>\n<\/span><\/div>\n\n\n\n<div class=\"wp-block-column is-layout-flow wp-block-column-is-layout-flow\">\n<figure class=\"wp-block-image size-large\"><a href=\"https:\/\/www.cantech.com\/fr\/products\/construction-fr\/polyethylene-tapes-fr\/\"><img loading=\"lazy\" decoding=\"async\" height=\"1024\" width=\"1024\" src=\"https:\/\/www.cantech.com\/wp-content\/uploads\/sites\/4\/images\/images\/24900_High.jpg?w=1024\" alt=\"24900 Stucco Tape\" class=\"wp-image-1275\"\/><\/a><\/figure>\n\n\n<span class=\"prose block px-4 mb-4 wp-core-block-paragraph\">\n<p class=\"has-text-align-center\"><a href=\"https:\/\/www.cantech.com\/fr\/products\/construction-fr\/polyethylene-tapes-fr\/\">Rubans de poly\u00e9thyl\u00e8ne<\/a><\/p>\n<\/span><\/div>\n<\/div>\n\n\n\n<div class=\"wp-block-columns is-layout-flex wp-container-core-columns-is-layout-9d6595d7 wp-block-columns-is-layout-flex\">\n<div class=\"wp-block-column is-layout-flow wp-block-column-is-layout-flow\">\n<figure class=\"wp-block-image\"><a href=\"https:\/\/www.cantech.com\/fr\/products\/construction-fr\/roof-underlayments-fr\/\"><img decoding=\"async\" src=\"https:\/\/www.cantech.com\/wp-content\/uploads\/sites\/4\/2023\/03\/novasealultra_240px.jpg?h=240&amp;w=240&amp;hash=27C7C0EAB6096FA44A6D717EE41217684487971B\" alt=\"\"\/><\/a><\/figure>\n\n\n<span class=\"prose block px-4 mb-4 wp-core-block-paragraph\">\n<p class=\"has-text-align-center\"><a href=\"https:\/\/www.cantech.com\/fr\/products\/construction-fr\/roof-underlayments-fr\/\">Sous-couches de toiture<\/a><\/p>\n<\/span><\/div>\n\n\n\n<div class=\"wp-block-column is-layout-flow wp-block-column-is-layout-flow\">\n<figure class=\"wp-block-image\"><a href=\"https:\/\/www.cantech.com\/fr\/products\/construction-fr\/sheathing-tape-fr\/\"><img decoding=\"async\" src=\"https:\/\/www.cantech.com\/wp-content\/uploads\/sites\/4\/2023\/03\/20525_240px.jpg?h=240&amp;w=240&amp;hash=3948A6D21D1906D0BB77BCC6EBEDE5F5CAA47FF9\" alt=\"\"\/><\/a><\/figure>\n\n\n<span class=\"prose block px-4 mb-4 wp-core-block-paragraph\">\n<p class=\"has-text-align-center\"><a href=\"https:\/\/www.cantech.com\/fr\/products\/construction-fr\/sheathing-tape-fr\/\">Rubans de rev\u00eatement<\/a><\/p>\n<\/span><\/div>\n\n\n\n<div class=\"wp-block-column is-layout-flow wp-block-column-is-layout-flow\">\n<figure class=\"wp-block-image size-large\"><a href=\"https:\/\/www.cantech.com\/fr\/products\/construction-fr\/specialty-products-fr\/\"><img loading=\"lazy\" decoding=\"async\" height=\"1024\" width=\"1024\" src=\"https:\/\/www.cantech.com\/wp-content\/uploads\/sites\/4\/images\/images\/20100_High.jpg?w=1024\" alt=\"20100 High Res\" class=\"wp-image-1245\"\/><\/a><\/figure>\n\n\n<span class=\"prose block px-4 mb-4 wp-core-block-paragraph\">\n<p class=\"has-text-align-center\"><a href=\"https:\/\/www.cantech.com\/fr\/products\/construction-fr\/specialty-products-fr\/\">Rubans de sp\u00e9cialit\u00e9<\/a><\/p>\n<\/span><\/div>\n\n\n\n<div class=\"wp-block-column is-layout-flow wp-block-column-is-layout-flow\"><span class=\"prose block px-4 mb-4 wp-core-block-paragraph\">\n<p class=\"has-text-align-center\"><\/p>\n<\/span><\/div>\n<\/div>\n<\/div>\n","protected":false},"excerpt":{"rendered":"<p>Rubans de Construction Rubans d&rsquo;aluminium Enveloppe de b\u00e2timent Rubans pour solin Rubans de poly\u00e9thyl\u00e8ne Sous-couches de toiture Rubans de rev\u00eatement Rubans de sp\u00e9cialit\u00e9<\/p>\n","protected":false},"author":11,"featured_media":0,"parent":0,"menu_order":0,"comment_status":"open","ping_status":"open","template":"","meta":{"_acf_changed":false,"footnotes":""},"class_list":["post-489","page","type-page","status-publish","hentry"],"acf":[],"yoast_head":"<!-- This site is optimized with the Yoast SEO Premium plugin v24.1 (Yoast SEO v27.3) - https:\/\/yoast.com\/product\/yoast-seo-premium-wordpress\/ -->\n<title>Construction - Tuck Brand<\/title>\n<meta name=\"robots\" content=\"index, follow, max-snippet:-1, max-image-preview:large, max-video-preview:-1\" \/>\n<link rel=\"canonical\" href=\"https:\/\/www.cantech.com\/fr\/construction-fr\/\" \/>\n<meta property=\"og:locale\" content=\"fr_FR\" \/>\n<meta property=\"og:type\" content=\"article\" \/>\n<meta property=\"og:title\" content=\"Construction\" \/>\n<meta property=\"og:description\" content=\"Rubans de Construction Rubans d&rsquo;aluminium Enveloppe de b\u00e2timent Rubans pour solin Rubans de poly\u00e9thyl\u00e8ne Sous-couches de toiture Rubans de rev\u00eatement Rubans de sp\u00e9cialit\u00e9\" \/>\n<meta property=\"og:url\" content=\"https:\/\/www.cantech.com\/fr\/construction-fr\/\" \/>\n<meta property=\"og:site_name\" content=\"Tuck Brand\" \/>\n<meta property=\"article:publisher\" content=\"https:\/\/www.facebook.com\/CantechTape\/\" \/>\n<meta property=\"article:modified_time\" content=\"2023-07-20T14:46:01+00:00\" \/>\n<meta property=\"og:image\" content=\"https:\/\/www.cantech.com\/wp-content\/uploads\/sites\/4\/2023\/03\/9021_400px.jpg?h=240&amp;w=240&amp;hash=92FC96B4EC8BF9BB96544B45C778DC9773FA6756\" \/>\n<meta name=\"twitter:card\" content=\"summary_large_image\" \/>\n<meta name=\"twitter:site\" content=\"@CantechTape\" \/>\n<meta name=\"twitter:label1\" content=\"Est. reading time\" \/>\n\t<meta name=\"twitter:data1\" content=\"2 minutes\" \/>\n<script type=\"application\/ld+json\" class=\"yoast-schema-graph\">{\"@context\":\"https:\\\/\\\/schema.org\",\"@graph\":[{\"@type\":\"WebPage\",\"@id\":\"https:\\\/\\\/www.cantech.com\\\/fr\\\/construction-fr\\\/\",\"url\":\"https:\\\/\\\/www.cantech.com\\\/fr\\\/construction-fr\\\/\",\"name\":\"Construction - Tuck Brand\",\"isPartOf\":{\"@id\":\"https:\\\/\\\/www.cantech.com\\\/#website\"},\"primaryImageOfPage\":{\"@id\":\"https:\\\/\\\/www.cantech.com\\\/fr\\\/construction-fr\\\/#primaryimage\"},\"image\":{\"@id\":\"https:\\\/\\\/www.cantech.com\\\/fr\\\/construction-fr\\\/#primaryimage\"},\"thumbnailUrl\":\"https:\\\/\\\/www.cantech.com\\\/wp-content\\\/uploads\\\/sites\\\/4\\\/2023\\\/03\\\/9021_400px.jpg?h=240&amp;w=240&amp;hash=92FC96B4EC8BF9BB96544B45C778DC9773FA6756\",\"datePublished\":\"2023-04-24T18:38:42+00:00\",\"dateModified\":\"2023-07-20T14:46:01+00:00\",\"breadcrumb\":{\"@id\":\"https:\\\/\\\/www.cantech.com\\\/fr\\\/construction-fr\\\/#breadcrumb\"},\"inLanguage\":\"fr-FR\",\"potentialAction\":[{\"@type\":\"ReadAction\",\"target\":[\"https:\\\/\\\/www.cantech.com\\\/fr\\\/construction-fr\\\/\"]}]},{\"@type\":\"ImageObject\",\"inLanguage\":\"fr-FR\",\"@id\":\"https:\\\/\\\/www.cantech.com\\\/fr\\\/construction-fr\\\/#primaryimage\",\"url\":\"https:\\\/\\\/www.cantech.com\\\/wp-content\\\/uploads\\\/sites\\\/4\\\/2023\\\/03\\\/9021_400px.jpg?h=240&amp;w=240&amp;hash=92FC96B4EC8BF9BB96544B45C778DC9773FA6756\",\"contentUrl\":\"https:\\\/\\\/www.cantech.com\\\/wp-content\\\/uploads\\\/sites\\\/4\\\/2023\\\/03\\\/9021_400px.jpg?h=240&amp;w=240&amp;hash=92FC96B4EC8BF9BB96544B45C778DC9773FA6756\"},{\"@type\":\"BreadcrumbList\",\"@id\":\"https:\\\/\\\/www.cantech.com\\\/fr\\\/construction-fr\\\/#breadcrumb\",\"itemListElement\":[{\"@type\":\"ListItem\",\"position\":1,\"name\":\"Home\",\"item\":\"https:\\\/\\\/www.cantech.com\\\/fr\\\/home\\\/\"},{\"@type\":\"ListItem\",\"position\":2,\"name\":\"Construction\"}]},{\"@type\":\"WebSite\",\"@id\":\"https:\\\/\\\/www.cantech.com\\\/#website\",\"url\":\"https:\\\/\\\/www.cantech.com\\\/\",\"name\":\"Tuck Brand\",\"description\":\"\",\"publisher\":{\"@id\":\"https:\\\/\\\/www.cantech.com\\\/#organization\"},\"potentialAction\":[{\"@type\":\"SearchAction\",\"target\":{\"@type\":\"EntryPoint\",\"urlTemplate\":\"https:\\\/\\\/www.cantech.com\\\/?s={search_term_string}\"},\"query-input\":{\"@type\":\"PropertyValueSpecification\",\"valueRequired\":true,\"valueName\":\"search_term_string\"}}],\"inLanguage\":\"fr-FR\"},{\"@type\":\"Organization\",\"@id\":\"https:\\\/\\\/www.cantech.com\\\/#organization\",\"name\":\"Tuck Brand\",\"url\":\"https:\\\/\\\/www.cantech.com\\\/\",\"logo\":{\"@type\":\"ImageObject\",\"inLanguage\":\"fr-FR\",\"@id\":\"https:\\\/\\\/www.cantech.com\\\/#\\\/schema\\\/logo\\\/image\\\/\",\"url\":\"https:\\\/\\\/www.cantech.com\\\/wp-content\\\/uploads\\\/sites\\\/4\\\/2023\\\/06\\\/Cantech_Logo.png\",\"contentUrl\":\"https:\\\/\\\/www.cantech.com\\\/wp-content\\\/uploads\\\/sites\\\/4\\\/2023\\\/06\\\/Cantech_Logo.png\",\"width\":225,\"height\":83,\"caption\":\"Tuck Brand\"},\"image\":{\"@id\":\"https:\\\/\\\/www.cantech.com\\\/#\\\/schema\\\/logo\\\/image\\\/\"},\"sameAs\":[\"https:\\\/\\\/www.facebook.com\\\/CantechTape\\\/\",\"https:\\\/\\\/x.com\\\/CantechTape\",\"https:\\\/\\\/www.instagram.com\\\/cantechtape\\\/\",\"https:\\\/\\\/www.youtube.com\\\/user\\\/CantechTape\"]}]}<\/script>\n<!-- \/ Yoast SEO Premium plugin. -->","yoast_head_json":{"title":"Construction - Tuck Brand","robots":{"index":"index","follow":"follow","max-snippet":"max-snippet:-1","max-image-preview":"max-image-preview:large","max-video-preview":"max-video-preview:-1"},"canonical":"https:\/\/www.cantech.com\/fr\/construction-fr\/","og_locale":"fr_FR","og_type":"article","og_title":"Construction","og_description":"Rubans de Construction Rubans d&rsquo;aluminium Enveloppe de b\u00e2timent Rubans pour solin Rubans de poly\u00e9thyl\u00e8ne Sous-couches de toiture Rubans de rev\u00eatement Rubans de sp\u00e9cialit\u00e9","og_url":"https:\/\/www.cantech.com\/fr\/construction-fr\/","og_site_name":"Tuck Brand","article_publisher":"https:\/\/www.facebook.com\/CantechTape\/","article_modified_time":"2023-07-20T14:46:01+00:00","og_image":[{"url":"https:\/\/www.cantech.com\/wp-content\/uploads\/sites\/4\/2023\/03\/9021_400px.jpg?h=240&amp;w=240&amp;hash=92FC96B4EC8BF9BB96544B45C778DC9773FA6756","type":"","width":"","height":""}],"twitter_card":"summary_large_image","twitter_site":"@CantechTape","twitter_misc":{"Est. reading time":"2 minutes"},"schema":{"@context":"https:\/\/schema.org","@graph":[{"@type":"WebPage","@id":"https:\/\/www.cantech.com\/fr\/construction-fr\/","url":"https:\/\/www.cantech.com\/fr\/construction-fr\/","name":"Construction - Tuck Brand","isPartOf":{"@id":"https:\/\/www.cantech.com\/#website"},"primaryImageOfPage":{"@id":"https:\/\/www.cantech.com\/fr\/construction-fr\/#primaryimage"},"image":{"@id":"https:\/\/www.cantech.com\/fr\/construction-fr\/#primaryimage"},"thumbnailUrl":"https:\/\/www.cantech.com\/wp-content\/uploads\/sites\/4\/2023\/03\/9021_400px.jpg?h=240&amp;w=240&amp;hash=92FC96B4EC8BF9BB96544B45C778DC9773FA6756","datePublished":"2023-04-24T18:38:42+00:00","dateModified":"2023-07-20T14:46:01+00:00","breadcrumb":{"@id":"https:\/\/www.cantech.com\/fr\/construction-fr\/#breadcrumb"},"inLanguage":"fr-FR","potentialAction":[{"@type":"ReadAction","target":["https:\/\/www.cantech.com\/fr\/construction-fr\/"]}]},{"@type":"ImageObject","inLanguage":"fr-FR","@id":"https:\/\/www.cantech.com\/fr\/construction-fr\/#primaryimage","url":"https:\/\/www.cantech.com\/wp-content\/uploads\/sites\/4\/2023\/03\/9021_400px.jpg?h=240&amp;w=240&amp;hash=92FC96B4EC8BF9BB96544B45C778DC9773FA6756","contentUrl":"https:\/\/www.cantech.com\/wp-content\/uploads\/sites\/4\/2023\/03\/9021_400px.jpg?h=240&amp;w=240&amp;hash=92FC96B4EC8BF9BB96544B45C778DC9773FA6756"},{"@type":"BreadcrumbList","@id":"https:\/\/www.cantech.com\/fr\/construction-fr\/#breadcrumb","itemListElement":[{"@type":"ListItem","position":1,"name":"Home","item":"https:\/\/www.cantech.com\/fr\/home\/"},{"@type":"ListItem","position":2,"name":"Construction"}]},{"@type":"WebSite","@id":"https:\/\/www.cantech.com\/#website","url":"https:\/\/www.cantech.com\/","name":"Tuck Brand","description":"","publisher":{"@id":"https:\/\/www.cantech.com\/#organization"},"potentialAction":[{"@type":"SearchAction","target":{"@type":"EntryPoint","urlTemplate":"https:\/\/www.cantech.com\/?s={search_term_string}"},"query-input":{"@type":"PropertyValueSpecification","valueRequired":true,"valueName":"search_term_string"}}],"inLanguage":"fr-FR"},{"@type":"Organization","@id":"https:\/\/www.cantech.com\/#organization","name":"Tuck Brand","url":"https:\/\/www.cantech.com\/","logo":{"@type":"ImageObject","inLanguage":"fr-FR","@id":"https:\/\/www.cantech.com\/#\/schema\/logo\/image\/","url":"https:\/\/www.cantech.com\/wp-content\/uploads\/sites\/4\/2023\/06\/Cantech_Logo.png","contentUrl":"https:\/\/www.cantech.com\/wp-content\/uploads\/sites\/4\/2023\/06\/Cantech_Logo.png","width":225,"height":83,"caption":"Tuck Brand"},"image":{"@id":"https:\/\/www.cantech.com\/#\/schema\/logo\/image\/"},"sameAs":["https:\/\/www.facebook.com\/CantechTape\/","https:\/\/x.com\/CantechTape","https:\/\/www.instagram.com\/cantechtape\/","https:\/\/www.youtube.com\/user\/CantechTape"]}]}},"jetpack_sharing_enabled":true,"_links":{"self":[{"href":"https:\/\/www.cantech.com\/fr\/wp-json\/wp\/v2\/pages\/489","targetHints":{"allow":["GET"]}}],"collection":[{"href":"https:\/\/www.cantech.com\/fr\/wp-json\/wp\/v2\/pages"}],"about":[{"href":"https:\/\/www.cantech.com\/fr\/wp-json\/wp\/v2\/types\/page"}],"author":[{"embeddable":true,"href":"https:\/\/www.cantech.com\/fr\/wp-json\/wp\/v2\/users\/11"}],"replies":[{"embeddable":true,"href":"https:\/\/www.cantech.com\/fr\/wp-json\/wp\/v2\/comments?post=489"}],"version-history":[{"count":15,"href":"https:\/\/www.cantech.com\/fr\/wp-json\/wp\/v2\/pages\/489\/revisions"}],"predecessor-version":[{"id":1792,"href":"https:\/\/www.cantech.com\/fr\/wp-json\/wp\/v2\/pages\/489\/revisions\/1792"}],"wp:attachment":[{"href":"https:\/\/www.cantech.com\/fr\/wp-json\/wp\/v2\/media?parent=489"}],"curies":[{"name":"wp","href":"https:\/\/api.w.org\/{rel}","templated":true}]}}