{"id":488,"date":"2023-04-24T18:38:42","date_gmt":"2023-04-24T18:38:42","guid":{"rendered":"https:\/\/www.cantech.com\/california-regulatory-fr\/"},"modified":"2023-08-07T12:56:05","modified_gmt":"2023-08-07T12:56:05","slug":"california-regulatory-fr","status":"publish","type":"page","link":"https:\/\/www.cantech.com\/fr\/california-regulatory-fr\/","title":{"rendered":"Divulgation du California Transparency in Supply Chains Act"},"content":{"rendered":"\n<section class=\"itape-customizable-banner alignfull  \">\n\t<div class=\"itape-customizable-banner-wrapper \">\n\t\t<ul class=\"\">\n\n\t\t\t\t\t\t\t\t\t\t\t\t<div\n\t\t\t\t\t\tclass=\"customizable-banner-slide\"\n\t\t\t\t\t\tstyle=\"\n\t\t\t\t\t\t\t--itape-theme-color-1: #000000;\t\t\t\t\t\t\t--itape-theme-color-2: rgb(0,0,0);\t\t\t\t\t\t\tcolor: #ffffff\t\t\t\t\t\t\"\n\t\t\t\t\t>\n\t\t\t\t\t\t\n\t\t\t\t\t\t<div class=\"content\">\n\n\t\t\t\t\t\t\t<h3>\n\t\t\t\t\t\t\t\tDIVULGATION DU CALIFORNIA TRANSPARENCY IN SUPPLY CHAINS ACT\t\t\t\t\t\t\t<\/h3>\n\n\t\t\t\t\t\t\t\n\t\t\t\t\t\t\t\n\t\t\t\t\t\t<\/div>\n\t\t\t\t\t<\/div>\n\t\t\t\t\n\t\t\t\t\t<\/ul>\n\t<\/div>\n<\/section>\n\n\n\n<span class=\"prose block px-4 mb-4 wp-core-block-paragraph\">\n<p><\/p>\n<\/span>\n\n<span class=\"prose block px-4 mb-4 wp-core-block-paragraph\">\n<p>Cet \u00e9nonc\u00e9 est fourni conform\u00e9ment aux exigences de la Section 1714.43 du California Civil Code ou du California Transparency in Supply Chains Act de 2010.<\/p>\n<\/span>\n\n<span class=\"prose block px-4 mb-4 wp-core-block-paragraph\">\n<p>Intertape Polymer Group Inc. (\u00ab IPG \u00bb) a adopt\u00e9 un code de conduite et d\u2019\u00e9thique professionnelles qui s\u2019applique pour la soci\u00e9t\u00e9 elle-m\u00eame ainsi que pour toutes ses filiales et soci\u00e9t\u00e9s affili\u00e9es, et ce code peut \u00eatre consult\u00e9 au <a href=\"https:\/\/www.itape.com\/confidential-ethics-line\/\">https:\/\/www.itape.com\/confidential-ethics-line\/<\/a> . Ce code de conduite englobe des politiques exigeant le respect des lois, y compris les lois en mati\u00e8re de traite de personnes et d\u2019esclavage. En acceptant nos ententes d\u2019approvisionnement, nos fournisseurs attestent en outre que les produits qu\u2019ils fournissent \u00e0 IPG respectent les lois en mati\u00e8re de traite de personnes et d\u2019esclavage des pays dans lesquels ils font des affaires. Si nous constatons qu\u2019un employ\u00e9 ou un sous-traitant a viol\u00e9 une loi relative \u00e0 l\u2019esclavage et \u00e0 la traite de personnes, cela constituera un motif pour mettre fin \u00e0 la relation d\u2019emploi ou de fourniture.<\/p>\n<\/span>\n\n<span class=\"prose block px-4 mb-4 wp-core-block-paragraph\">\n<p>IPG n\u2019a pas proc\u00e9d\u00e9 \u00e0 la v\u00e9rification ou \u00e0 l\u2019audit des cha\u00eenes d\u2019approvisionnement en produits ou des fournisseurs de produits pour \u00e9valuer et g\u00e9rer les risques de traite de personnes ou d\u2019esclavage. IPG n\u2019a mandat\u00e9 aucun tiers pour v\u00e9rifier le respect des lois ou g\u00e9rer les risques en mati\u00e8re de traite de personnes ou d\u2019esclavage. IPG n\u2019a pas adopt\u00e9 de normes ni de proc\u00e9dures officielles relatives \u00e0 la responsabilit\u00e9 interne en cas de non-respect et n\u2019a pas fourni de formation sur la traite de personnes et l\u2019esclavage aux employ\u00e9s et aux membres de la direction de la soci\u00e9t\u00e9 directement responsables de la gestion de la cha\u00eene d\u2019approvisionnement.<\/p>\n<\/span>","protected":false},"excerpt":{"rendered":"<p>Cet \u00e9nonc\u00e9 est fourni conform\u00e9ment aux exigences de la Section 1714.43 du California Civil Code ou du California Transparency in Supply Chains Act de 2010. Intertape Polymer Group Inc. (\u00ab IPG \u00bb) a adopt\u00e9 un code de conduite et d\u2019\u00e9thique professionnelles qui s\u2019applique pour la soci\u00e9t\u00e9 elle-m\u00eame ainsi que pour toutes ses filiales et soci\u00e9t\u00e9s<a class=\"excerpt-more-tag\" href=\"https:\/\/www.cantech.com\/fr\/california-regulatory-fr\/\">Read more&#8230;<\/a><\/p>\n","protected":false},"author":11,"featured_media":0,"parent":0,"menu_order":0,"comment_status":"open","ping_status":"closed","template":"","meta":{"_acf_changed":false,"footnotes":""},"class_list":["post-488","page","type-page","status-publish","hentry"],"acf":[],"yoast_head":"<!-- This site is optimized with the Yoast SEO Premium plugin v24.1 (Yoast SEO v27.3) - https:\/\/yoast.com\/product\/yoast-seo-premium-wordpress\/ -->\n<title>Divulgation du California Transparency in Supply Chains Act - Tuck Brand<\/title>\n<meta name=\"robots\" content=\"index, follow, max-snippet:-1, max-image-preview:large, max-video-preview:-1\" \/>\n<link rel=\"canonical\" href=\"https:\/\/www.cantech.com\/fr\/california-regulatory-fr\/\" \/>\n<meta property=\"og:locale\" content=\"fr_FR\" \/>\n<meta property=\"og:type\" content=\"article\" \/>\n<meta property=\"og:title\" content=\"Divulgation du California Transparency in Supply Chains Act\" \/>\n<meta property=\"og:description\" content=\"Cet \u00e9nonc\u00e9 est fourni conform\u00e9ment aux exigences de la Section 1714.43 du California Civil Code ou du California Transparency in Supply Chains Act de 2010. Intertape Polymer Group Inc. (\u00ab IPG \u00bb) a adopt\u00e9 un code de conduite et d\u2019\u00e9thique professionnelles qui s\u2019applique pour la soci\u00e9t\u00e9 elle-m\u00eame ainsi que pour toutes ses filiales et soci\u00e9t\u00e9sRead more...\" \/>\n<meta property=\"og:url\" content=\"https:\/\/www.cantech.com\/fr\/california-regulatory-fr\/\" \/>\n<meta property=\"og:site_name\" content=\"Tuck Brand\" \/>\n<meta property=\"article:publisher\" content=\"https:\/\/www.facebook.com\/CantechTape\/\" \/>\n<meta property=\"article:modified_time\" content=\"2023-08-07T12:56:05+00:00\" \/>\n<meta name=\"twitter:card\" content=\"summary_large_image\" \/>\n<meta name=\"twitter:site\" content=\"@CantechTape\" \/>\n<meta name=\"twitter:label1\" content=\"Est. reading time\" \/>\n\t<meta name=\"twitter:data1\" content=\"2 minutes\" \/>\n<script type=\"application\/ld+json\" class=\"yoast-schema-graph\">{\"@context\":\"https:\\\/\\\/schema.org\",\"@graph\":[{\"@type\":\"WebPage\",\"@id\":\"https:\\\/\\\/www.cantech.com\\\/fr\\\/california-regulatory-fr\\\/\",\"url\":\"https:\\\/\\\/www.cantech.com\\\/fr\\\/california-regulatory-fr\\\/\",\"name\":\"Divulgation du California Transparency in Supply Chains Act - Tuck Brand\",\"isPartOf\":{\"@id\":\"https:\\\/\\\/www.cantech.com\\\/#website\"},\"datePublished\":\"2023-04-24T18:38:42+00:00\",\"dateModified\":\"2023-08-07T12:56:05+00:00\",\"breadcrumb\":{\"@id\":\"https:\\\/\\\/www.cantech.com\\\/fr\\\/california-regulatory-fr\\\/#breadcrumb\"},\"inLanguage\":\"fr-FR\",\"potentialAction\":[{\"@type\":\"ReadAction\",\"target\":[\"https:\\\/\\\/www.cantech.com\\\/fr\\\/california-regulatory-fr\\\/\"]}]},{\"@type\":\"BreadcrumbList\",\"@id\":\"https:\\\/\\\/www.cantech.com\\\/fr\\\/california-regulatory-fr\\\/#breadcrumb\",\"itemListElement\":[{\"@type\":\"ListItem\",\"position\":1,\"name\":\"Home\",\"item\":\"https:\\\/\\\/www.cantech.com\\\/fr\\\/home\\\/\"},{\"@type\":\"ListItem\",\"position\":2,\"name\":\"Divulgation du California Transparency in Supply Chains Act\"}]},{\"@type\":\"WebSite\",\"@id\":\"https:\\\/\\\/www.cantech.com\\\/#website\",\"url\":\"https:\\\/\\\/www.cantech.com\\\/\",\"name\":\"Tuck Brand\",\"description\":\"\",\"publisher\":{\"@id\":\"https:\\\/\\\/www.cantech.com\\\/#organization\"},\"potentialAction\":[{\"@type\":\"SearchAction\",\"target\":{\"@type\":\"EntryPoint\",\"urlTemplate\":\"https:\\\/\\\/www.cantech.com\\\/?s={search_term_string}\"},\"query-input\":{\"@type\":\"PropertyValueSpecification\",\"valueRequired\":true,\"valueName\":\"search_term_string\"}}],\"inLanguage\":\"fr-FR\"},{\"@type\":\"Organization\",\"@id\":\"https:\\\/\\\/www.cantech.com\\\/#organization\",\"name\":\"Tuck Brand\",\"url\":\"https:\\\/\\\/www.cantech.com\\\/\",\"logo\":{\"@type\":\"ImageObject\",\"inLanguage\":\"fr-FR\",\"@id\":\"https:\\\/\\\/www.cantech.com\\\/#\\\/schema\\\/logo\\\/image\\\/\",\"url\":\"https:\\\/\\\/www.cantech.com\\\/wp-content\\\/uploads\\\/sites\\\/4\\\/2023\\\/06\\\/Cantech_Logo.png\",\"contentUrl\":\"https:\\\/\\\/www.cantech.com\\\/wp-content\\\/uploads\\\/sites\\\/4\\\/2023\\\/06\\\/Cantech_Logo.png\",\"width\":225,\"height\":83,\"caption\":\"Tuck Brand\"},\"image\":{\"@id\":\"https:\\\/\\\/www.cantech.com\\\/#\\\/schema\\\/logo\\\/image\\\/\"},\"sameAs\":[\"https:\\\/\\\/www.facebook.com\\\/CantechTape\\\/\",\"https:\\\/\\\/x.com\\\/CantechTape\",\"https:\\\/\\\/www.instagram.com\\\/cantechtape\\\/\",\"https:\\\/\\\/www.youtube.com\\\/user\\\/CantechTape\"]}]}<\/script>\n<!-- \/ Yoast SEO Premium plugin. -->","yoast_head_json":{"title":"Divulgation du California Transparency in Supply Chains Act - Tuck Brand","robots":{"index":"index","follow":"follow","max-snippet":"max-snippet:-1","max-image-preview":"max-image-preview:large","max-video-preview":"max-video-preview:-1"},"canonical":"https:\/\/www.cantech.com\/fr\/california-regulatory-fr\/","og_locale":"fr_FR","og_type":"article","og_title":"Divulgation du California Transparency in Supply Chains Act","og_description":"Cet \u00e9nonc\u00e9 est fourni conform\u00e9ment aux exigences de la Section 1714.43 du California Civil Code ou du California Transparency in Supply Chains Act de 2010. Intertape Polymer Group Inc. (\u00ab IPG \u00bb) a adopt\u00e9 un code de conduite et d\u2019\u00e9thique professionnelles qui s\u2019applique pour la soci\u00e9t\u00e9 elle-m\u00eame ainsi que pour toutes ses filiales et soci\u00e9t\u00e9sRead more...","og_url":"https:\/\/www.cantech.com\/fr\/california-regulatory-fr\/","og_site_name":"Tuck Brand","article_publisher":"https:\/\/www.facebook.com\/CantechTape\/","article_modified_time":"2023-08-07T12:56:05+00:00","twitter_card":"summary_large_image","twitter_site":"@CantechTape","twitter_misc":{"Est. reading time":"2 minutes"},"schema":{"@context":"https:\/\/schema.org","@graph":[{"@type":"WebPage","@id":"https:\/\/www.cantech.com\/fr\/california-regulatory-fr\/","url":"https:\/\/www.cantech.com\/fr\/california-regulatory-fr\/","name":"Divulgation du California Transparency in Supply Chains Act - Tuck Brand","isPartOf":{"@id":"https:\/\/www.cantech.com\/#website"},"datePublished":"2023-04-24T18:38:42+00:00","dateModified":"2023-08-07T12:56:05+00:00","breadcrumb":{"@id":"https:\/\/www.cantech.com\/fr\/california-regulatory-fr\/#breadcrumb"},"inLanguage":"fr-FR","potentialAction":[{"@type":"ReadAction","target":["https:\/\/www.cantech.com\/fr\/california-regulatory-fr\/"]}]},{"@type":"BreadcrumbList","@id":"https:\/\/www.cantech.com\/fr\/california-regulatory-fr\/#breadcrumb","itemListElement":[{"@type":"ListItem","position":1,"name":"Home","item":"https:\/\/www.cantech.com\/fr\/home\/"},{"@type":"ListItem","position":2,"name":"Divulgation du California Transparency in Supply Chains Act"}]},{"@type":"WebSite","@id":"https:\/\/www.cantech.com\/#website","url":"https:\/\/www.cantech.com\/","name":"Tuck Brand","description":"","publisher":{"@id":"https:\/\/www.cantech.com\/#organization"},"potentialAction":[{"@type":"SearchAction","target":{"@type":"EntryPoint","urlTemplate":"https:\/\/www.cantech.com\/?s={search_term_string}"},"query-input":{"@type":"PropertyValueSpecification","valueRequired":true,"valueName":"search_term_string"}}],"inLanguage":"fr-FR"},{"@type":"Organization","@id":"https:\/\/www.cantech.com\/#organization","name":"Tuck Brand","url":"https:\/\/www.cantech.com\/","logo":{"@type":"ImageObject","inLanguage":"fr-FR","@id":"https:\/\/www.cantech.com\/#\/schema\/logo\/image\/","url":"https:\/\/www.cantech.com\/wp-content\/uploads\/sites\/4\/2023\/06\/Cantech_Logo.png","contentUrl":"https:\/\/www.cantech.com\/wp-content\/uploads\/sites\/4\/2023\/06\/Cantech_Logo.png","width":225,"height":83,"caption":"Tuck Brand"},"image":{"@id":"https:\/\/www.cantech.com\/#\/schema\/logo\/image\/"},"sameAs":["https:\/\/www.facebook.com\/CantechTape\/","https:\/\/x.com\/CantechTape","https:\/\/www.instagram.com\/cantechtape\/","https:\/\/www.youtube.com\/user\/CantechTape"]}]}},"jetpack_sharing_enabled":true,"_links":{"self":[{"href":"https:\/\/www.cantech.com\/fr\/wp-json\/wp\/v2\/pages\/488","targetHints":{"allow":["GET"]}}],"collection":[{"href":"https:\/\/www.cantech.com\/fr\/wp-json\/wp\/v2\/pages"}],"about":[{"href":"https:\/\/www.cantech.com\/fr\/wp-json\/wp\/v2\/types\/page"}],"author":[{"embeddable":true,"href":"https:\/\/www.cantech.com\/fr\/wp-json\/wp\/v2\/users\/11"}],"replies":[{"embeddable":true,"href":"https:\/\/www.cantech.com\/fr\/wp-json\/wp\/v2\/comments?post=488"}],"version-history":[{"count":6,"href":"https:\/\/www.cantech.com\/fr\/wp-json\/wp\/v2\/pages\/488\/revisions"}],"predecessor-version":[{"id":1863,"href":"https:\/\/www.cantech.com\/fr\/wp-json\/wp\/v2\/pages\/488\/revisions\/1863"}],"wp:attachment":[{"href":"https:\/\/www.cantech.com\/fr\/wp-json\/wp\/v2\/media?parent=488"}],"curies":[{"name":"wp","href":"https:\/\/api.w.org\/{rel}","templated":true}]}}