{"id":487,"date":"2023-04-24T18:38:42","date_gmt":"2023-04-24T18:38:42","guid":{"rendered":"https:\/\/www.cantech.com\/about-ipg-fr\/"},"modified":"2023-08-07T12:53:52","modified_gmt":"2023-08-07T12:53:52","slug":"about-ipg-fr","status":"publish","type":"page","link":"https:\/\/www.cantech.com\/fr\/about-ipg-fr\/","title":{"rendered":"\u00c0 Propos D&rsquo;IPG"},"content":{"rendered":"\n<div class=\"wp-block-media-text alignfull has-media-on-the-right is-stacked-on-mobile\"><div class=\"wp-block-media-text__content\"><span class=\"prose block px-4 mb-4 wp-core-block-heading\">\n<h2 class=\"wp-block-heading has-text-align-center\" id=\"h-a-propos-d-ipg\">\u00c0 PROPOS D\u2019IPG<\/h2>\n<\/span>\n\n<span class=\"prose block px-4 mb-4 wp-core-block-paragraph\">\n<p>Intertape Polymer Group Inc. est un chef de file reconnu dans le d\u00e9veloppement, la fabrication et la vente d\u2019une vaste gamme de rubans sensibles \u00e0 la pression et activ\u00e9s par l\u2019eau, de films de poly\u00e9thyl\u00e8ne et de polyol\u00e9fine sp\u00e9cialis\u00e9s, d\u2019emballages de protection, de produits enduits d\u2019ing\u00e9nierie et d\u2019\u00e9quipement d\u2019emballage pour usages industriel et commercial. Ayant des si\u00e8ges sociaux \u00e0 Montr\u00e9al au Qu\u00e9bec, et \u00e0 Sarasoto en Floride, IPG emploie environ 3 700 personnes et compte des installations dans 31 emplacements, y compris 21 usines de fabrication en Am\u00e9rique du Nord, quatre en Asie et une en Europe.<\/p>\n<\/span><\/div><figure class=\"wp-block-media-text__media\"><img decoding=\"async\" src=\"https:\/\/itape-com.go-vip.net\/tminn\/wp-content\/uploads\/sites\/5\/2023\/05\/SarasotaHeadOffice.jpeg?w=1024\" alt=\"\" class=\"wp-image-1043 size-full\"\/><\/figure><\/div>\n","protected":false},"excerpt":{"rendered":"<p>\u00c0 PROPOS D\u2019IPG Intertape Polymer Group Inc. est un chef de file reconnu dans le d\u00e9veloppement, la fabrication et la vente d\u2019une vaste gamme de rubans sensibles \u00e0 la pression et activ\u00e9s par l\u2019eau, de films de poly\u00e9thyl\u00e8ne et de polyol\u00e9fine sp\u00e9cialis\u00e9s, d\u2019emballages de protection, de produits enduits d\u2019ing\u00e9nierie et d\u2019\u00e9quipement d\u2019emballage pour usages industriel<a class=\"excerpt-more-tag\" href=\"https:\/\/www.cantech.com\/fr\/about-ipg-fr\/\">Read more&#8230;<\/a><\/p>\n","protected":false},"author":11,"featured_media":0,"parent":0,"menu_order":0,"comment_status":"open","ping_status":"closed","template":"","meta":{"_acf_changed":false,"footnotes":""},"class_list":["post-487","page","type-page","status-publish","hentry"],"acf":[],"yoast_head":"<!-- This site is optimized with the Yoast SEO Premium plugin v24.1 (Yoast SEO v27.3) - https:\/\/yoast.com\/product\/yoast-seo-premium-wordpress\/ -->\n<title>\u00c0 Propos D&#039;IPG - Tuck Brand<\/title>\n<meta name=\"robots\" content=\"index, follow, max-snippet:-1, max-image-preview:large, max-video-preview:-1\" \/>\n<link rel=\"canonical\" href=\"https:\/\/www.cantech.com\/fr\/about-ipg-fr\/\" \/>\n<meta property=\"og:locale\" content=\"fr_FR\" \/>\n<meta property=\"og:type\" content=\"article\" \/>\n<meta property=\"og:title\" content=\"\u00c0 Propos D&#039;IPG\" \/>\n<meta property=\"og:description\" content=\"\u00c0 PROPOS D\u2019IPG Intertape Polymer Group Inc. est un chef de file reconnu dans le d\u00e9veloppement, la fabrication et la vente d\u2019une vaste gamme de rubans sensibles \u00e0 la pression et activ\u00e9s par l\u2019eau, de films de poly\u00e9thyl\u00e8ne et de polyol\u00e9fine sp\u00e9cialis\u00e9s, d\u2019emballages de protection, de produits enduits d\u2019ing\u00e9nierie et d\u2019\u00e9quipement d\u2019emballage pour usages industrielRead more...\" \/>\n<meta property=\"og:url\" content=\"https:\/\/www.cantech.com\/fr\/about-ipg-fr\/\" \/>\n<meta property=\"og:site_name\" content=\"Tuck Brand\" \/>\n<meta property=\"article:publisher\" content=\"https:\/\/www.facebook.com\/CantechTape\/\" \/>\n<meta property=\"article:modified_time\" content=\"2023-08-07T12:53:52+00:00\" \/>\n<meta property=\"og:image\" content=\"https:\/\/itape-com.go-vip.net\/tminn\/wp-content\/uploads\/sites\/5\/2023\/05\/SarasotaHeadOffice.jpeg?w=1024\" \/>\n<meta name=\"twitter:card\" content=\"summary_large_image\" \/>\n<meta name=\"twitter:site\" content=\"@CantechTape\" \/>\n<meta name=\"twitter:label1\" content=\"Est. reading time\" \/>\n\t<meta name=\"twitter:data1\" content=\"1 minute\" \/>\n<script type=\"application\/ld+json\" class=\"yoast-schema-graph\">{\"@context\":\"https:\\\/\\\/schema.org\",\"@graph\":[{\"@type\":\"WebPage\",\"@id\":\"https:\\\/\\\/www.cantech.com\\\/fr\\\/about-ipg-fr\\\/\",\"url\":\"https:\\\/\\\/www.cantech.com\\\/fr\\\/about-ipg-fr\\\/\",\"name\":\"\u00c0 Propos D'IPG - Tuck Brand\",\"isPartOf\":{\"@id\":\"https:\\\/\\\/www.cantech.com\\\/#website\"},\"primaryImageOfPage\":{\"@id\":\"https:\\\/\\\/www.cantech.com\\\/fr\\\/about-ipg-fr\\\/#primaryimage\"},\"image\":{\"@id\":\"https:\\\/\\\/www.cantech.com\\\/fr\\\/about-ipg-fr\\\/#primaryimage\"},\"thumbnailUrl\":\"https:\\\/\\\/itape-com.go-vip.net\\\/tminn\\\/wp-content\\\/uploads\\\/sites\\\/5\\\/2023\\\/05\\\/SarasotaHeadOffice.jpeg?w=1024\",\"datePublished\":\"2023-04-24T18:38:42+00:00\",\"dateModified\":\"2023-08-07T12:53:52+00:00\",\"breadcrumb\":{\"@id\":\"https:\\\/\\\/www.cantech.com\\\/fr\\\/about-ipg-fr\\\/#breadcrumb\"},\"inLanguage\":\"fr-FR\",\"potentialAction\":[{\"@type\":\"ReadAction\",\"target\":[\"https:\\\/\\\/www.cantech.com\\\/fr\\\/about-ipg-fr\\\/\"]}]},{\"@type\":\"ImageObject\",\"inLanguage\":\"fr-FR\",\"@id\":\"https:\\\/\\\/www.cantech.com\\\/fr\\\/about-ipg-fr\\\/#primaryimage\",\"url\":\"https:\\\/\\\/itape-com.go-vip.net\\\/tminn\\\/wp-content\\\/uploads\\\/sites\\\/5\\\/2023\\\/05\\\/SarasotaHeadOffice.jpeg?w=1024\",\"contentUrl\":\"https:\\\/\\\/itape-com.go-vip.net\\\/tminn\\\/wp-content\\\/uploads\\\/sites\\\/5\\\/2023\\\/05\\\/SarasotaHeadOffice.jpeg?w=1024\"},{\"@type\":\"BreadcrumbList\",\"@id\":\"https:\\\/\\\/www.cantech.com\\\/fr\\\/about-ipg-fr\\\/#breadcrumb\",\"itemListElement\":[{\"@type\":\"ListItem\",\"position\":1,\"name\":\"Home\",\"item\":\"https:\\\/\\\/www.cantech.com\\\/fr\\\/home\\\/\"},{\"@type\":\"ListItem\",\"position\":2,\"name\":\"\u00c0 Propos D&#8217;IPG\"}]},{\"@type\":\"WebSite\",\"@id\":\"https:\\\/\\\/www.cantech.com\\\/#website\",\"url\":\"https:\\\/\\\/www.cantech.com\\\/\",\"name\":\"Tuck Brand\",\"description\":\"\",\"publisher\":{\"@id\":\"https:\\\/\\\/www.cantech.com\\\/#organization\"},\"potentialAction\":[{\"@type\":\"SearchAction\",\"target\":{\"@type\":\"EntryPoint\",\"urlTemplate\":\"https:\\\/\\\/www.cantech.com\\\/?s={search_term_string}\"},\"query-input\":{\"@type\":\"PropertyValueSpecification\",\"valueRequired\":true,\"valueName\":\"search_term_string\"}}],\"inLanguage\":\"fr-FR\"},{\"@type\":\"Organization\",\"@id\":\"https:\\\/\\\/www.cantech.com\\\/#organization\",\"name\":\"Tuck Brand\",\"url\":\"https:\\\/\\\/www.cantech.com\\\/\",\"logo\":{\"@type\":\"ImageObject\",\"inLanguage\":\"fr-FR\",\"@id\":\"https:\\\/\\\/www.cantech.com\\\/#\\\/schema\\\/logo\\\/image\\\/\",\"url\":\"https:\\\/\\\/www.cantech.com\\\/wp-content\\\/uploads\\\/sites\\\/4\\\/2023\\\/06\\\/Cantech_Logo.png\",\"contentUrl\":\"https:\\\/\\\/www.cantech.com\\\/wp-content\\\/uploads\\\/sites\\\/4\\\/2023\\\/06\\\/Cantech_Logo.png\",\"width\":225,\"height\":83,\"caption\":\"Tuck Brand\"},\"image\":{\"@id\":\"https:\\\/\\\/www.cantech.com\\\/#\\\/schema\\\/logo\\\/image\\\/\"},\"sameAs\":[\"https:\\\/\\\/www.facebook.com\\\/CantechTape\\\/\",\"https:\\\/\\\/x.com\\\/CantechTape\",\"https:\\\/\\\/www.instagram.com\\\/cantechtape\\\/\",\"https:\\\/\\\/www.youtube.com\\\/user\\\/CantechTape\"]}]}<\/script>\n<!-- \/ Yoast SEO Premium plugin. -->","yoast_head_json":{"title":"\u00c0 Propos D'IPG - Tuck Brand","robots":{"index":"index","follow":"follow","max-snippet":"max-snippet:-1","max-image-preview":"max-image-preview:large","max-video-preview":"max-video-preview:-1"},"canonical":"https:\/\/www.cantech.com\/fr\/about-ipg-fr\/","og_locale":"fr_FR","og_type":"article","og_title":"\u00c0 Propos D'IPG","og_description":"\u00c0 PROPOS D\u2019IPG Intertape Polymer Group Inc. est un chef de file reconnu dans le d\u00e9veloppement, la fabrication et la vente d\u2019une vaste gamme de rubans sensibles \u00e0 la pression et activ\u00e9s par l\u2019eau, de films de poly\u00e9thyl\u00e8ne et de polyol\u00e9fine sp\u00e9cialis\u00e9s, d\u2019emballages de protection, de produits enduits d\u2019ing\u00e9nierie et d\u2019\u00e9quipement d\u2019emballage pour usages industrielRead more...","og_url":"https:\/\/www.cantech.com\/fr\/about-ipg-fr\/","og_site_name":"Tuck Brand","article_publisher":"https:\/\/www.facebook.com\/CantechTape\/","article_modified_time":"2023-08-07T12:53:52+00:00","og_image":[{"url":"https:\/\/itape-com.go-vip.net\/tminn\/wp-content\/uploads\/sites\/5\/2023\/05\/SarasotaHeadOffice.jpeg?w=1024","type":"","width":"","height":""}],"twitter_card":"summary_large_image","twitter_site":"@CantechTape","twitter_misc":{"Est. reading time":"1 minute"},"schema":{"@context":"https:\/\/schema.org","@graph":[{"@type":"WebPage","@id":"https:\/\/www.cantech.com\/fr\/about-ipg-fr\/","url":"https:\/\/www.cantech.com\/fr\/about-ipg-fr\/","name":"\u00c0 Propos D'IPG - Tuck Brand","isPartOf":{"@id":"https:\/\/www.cantech.com\/#website"},"primaryImageOfPage":{"@id":"https:\/\/www.cantech.com\/fr\/about-ipg-fr\/#primaryimage"},"image":{"@id":"https:\/\/www.cantech.com\/fr\/about-ipg-fr\/#primaryimage"},"thumbnailUrl":"https:\/\/itape-com.go-vip.net\/tminn\/wp-content\/uploads\/sites\/5\/2023\/05\/SarasotaHeadOffice.jpeg?w=1024","datePublished":"2023-04-24T18:38:42+00:00","dateModified":"2023-08-07T12:53:52+00:00","breadcrumb":{"@id":"https:\/\/www.cantech.com\/fr\/about-ipg-fr\/#breadcrumb"},"inLanguage":"fr-FR","potentialAction":[{"@type":"ReadAction","target":["https:\/\/www.cantech.com\/fr\/about-ipg-fr\/"]}]},{"@type":"ImageObject","inLanguage":"fr-FR","@id":"https:\/\/www.cantech.com\/fr\/about-ipg-fr\/#primaryimage","url":"https:\/\/itape-com.go-vip.net\/tminn\/wp-content\/uploads\/sites\/5\/2023\/05\/SarasotaHeadOffice.jpeg?w=1024","contentUrl":"https:\/\/itape-com.go-vip.net\/tminn\/wp-content\/uploads\/sites\/5\/2023\/05\/SarasotaHeadOffice.jpeg?w=1024"},{"@type":"BreadcrumbList","@id":"https:\/\/www.cantech.com\/fr\/about-ipg-fr\/#breadcrumb","itemListElement":[{"@type":"ListItem","position":1,"name":"Home","item":"https:\/\/www.cantech.com\/fr\/home\/"},{"@type":"ListItem","position":2,"name":"\u00c0 Propos D&#8217;IPG"}]},{"@type":"WebSite","@id":"https:\/\/www.cantech.com\/#website","url":"https:\/\/www.cantech.com\/","name":"Tuck Brand","description":"","publisher":{"@id":"https:\/\/www.cantech.com\/#organization"},"potentialAction":[{"@type":"SearchAction","target":{"@type":"EntryPoint","urlTemplate":"https:\/\/www.cantech.com\/?s={search_term_string}"},"query-input":{"@type":"PropertyValueSpecification","valueRequired":true,"valueName":"search_term_string"}}],"inLanguage":"fr-FR"},{"@type":"Organization","@id":"https:\/\/www.cantech.com\/#organization","name":"Tuck Brand","url":"https:\/\/www.cantech.com\/","logo":{"@type":"ImageObject","inLanguage":"fr-FR","@id":"https:\/\/www.cantech.com\/#\/schema\/logo\/image\/","url":"https:\/\/www.cantech.com\/wp-content\/uploads\/sites\/4\/2023\/06\/Cantech_Logo.png","contentUrl":"https:\/\/www.cantech.com\/wp-content\/uploads\/sites\/4\/2023\/06\/Cantech_Logo.png","width":225,"height":83,"caption":"Tuck Brand"},"image":{"@id":"https:\/\/www.cantech.com\/#\/schema\/logo\/image\/"},"sameAs":["https:\/\/www.facebook.com\/CantechTape\/","https:\/\/x.com\/CantechTape","https:\/\/www.instagram.com\/cantechtape\/","https:\/\/www.youtube.com\/user\/CantechTape"]}]}},"jetpack_sharing_enabled":true,"_links":{"self":[{"href":"https:\/\/www.cantech.com\/fr\/wp-json\/wp\/v2\/pages\/487","targetHints":{"allow":["GET"]}}],"collection":[{"href":"https:\/\/www.cantech.com\/fr\/wp-json\/wp\/v2\/pages"}],"about":[{"href":"https:\/\/www.cantech.com\/fr\/wp-json\/wp\/v2\/types\/page"}],"author":[{"embeddable":true,"href":"https:\/\/www.cantech.com\/fr\/wp-json\/wp\/v2\/users\/11"}],"replies":[{"embeddable":true,"href":"https:\/\/www.cantech.com\/fr\/wp-json\/wp\/v2\/comments?post=487"}],"version-history":[{"count":4,"href":"https:\/\/www.cantech.com\/fr\/wp-json\/wp\/v2\/pages\/487\/revisions"}],"predecessor-version":[{"id":1859,"href":"https:\/\/www.cantech.com\/fr\/wp-json\/wp\/v2\/pages\/487\/revisions\/1859"}],"wp:attachment":[{"href":"https:\/\/www.cantech.com\/fr\/wp-json\/wp\/v2\/media?parent=487"}],"curies":[{"name":"wp","href":"https:\/\/api.w.org\/{rel}","templated":true}]}}